{"id":4991,"date":"2025-08-26T14:15:07","date_gmt":"2025-08-26T14:15:07","guid":{"rendered":"https:\/\/colomboingles.edu.co\/wps\/?page_id=4991"},"modified":"2025-09-01T18:33:19","modified_gmt":"2025-09-01T18:33:19","slug":"resolucion-de-conflictos","status":"publish","type":"page","link":"https:\/\/colomboingles.edu.co\/wps\/resolucion-de-conflictos\/","title":{"rendered":"Resoluci\u00f3n de conflictos"},"content":{"rendered":"\t\t<div data-elementor-type=\"wp-page\" data-elementor-id=\"4991\" class=\"elementor elementor-4991\" data-elementor-settings=\"[]\">\n\t\t\t\t\t\t<div class=\"elementor-inner\">\n\t\t\t\t\t\t\t<div class=\"elementor-section-wrap\">\n\t\t\t\t\t\t\t<section class=\"elementor-section elementor-top-section elementor-element elementor-element-590dbc1 elementor-section-boxed elementor-section-height-default elementor-section-height-default\" data-id=\"590dbc1\" data-element_type=\"section\">\n\t\t\t\t\t\t<div class=\"elementor-container elementor-column-gap-default\">\n\t\t\t\t\t\t\t<div class=\"elementor-row\">\n\t\t\t\t\t<div class=\"elementor-column elementor-col-100 elementor-top-column elementor-element elementor-element-5591f5f\" data-id=\"5591f5f\" data-element_type=\"column\">\n\t\t\t<div class=\"elementor-column-wrap elementor-element-populated\">\n\t\t\t\t\t\t\t<div class=\"elementor-widget-wrap\">\n\t\t\t\t\t\t<div class=\"elementor-element elementor-element-5219387 elementor-widget elementor-widget-spacer\" data-id=\"5219387\" data-element_type=\"widget\" data-widget_type=\"spacer.default\">\n\t\t\t\t<div class=\"elementor-widget-container\">\n\t\t\t\t\t<div class=\"elementor-spacer\">\n\t\t\t<div class=\"elementor-spacer-inner\"><\/div>\n\t\t<\/div>\n\t\t\t\t<\/div>\n\t\t\t\t<\/div>\n\t\t\t\t<div class=\"elementor-element elementor-element-816aa91 elementor-widget elementor-widget-heading\" data-id=\"816aa91\" data-element_type=\"widget\" data-widget_type=\"heading.default\">\n\t\t\t\t<div class=\"elementor-widget-container\">\n\t\t\t<h2 class=\"elementor-heading-title elementor-size-default\">Resoluci\u00f3n de conflictos<\/h2>\t\t<\/div>\n\t\t\t\t<\/div>\n\t\t\t\t<div class=\"elementor-element elementor-element-10d8959 elementor-widget elementor-widget-text-editor\" data-id=\"10d8959\" data-element_type=\"widget\" data-widget_type=\"text-editor.default\">\n\t\t\t\t<div class=\"elementor-widget-container\">\n\t\t\t\t\t\t\t\t<div class=\"elementor-text-editor elementor-clearfix\">\n\t\t\t\t<p><span style=\"color: #024027;\">En el Colegio Colombo Ingl\u00e9s creemos que los conflictos son parte natural de la vida, pero la forma en que los resolvemos define la calidad de nuestra convivencia. Por eso, promovemos el di\u00e1logo, la escucha y la construcci\u00f3n de acuerdos como herramientas para crecer juntos.<\/span><\/p>\t\t\t\t\t<\/div>\n\t\t\t\t\t\t<\/div>\n\t\t\t\t<\/div>\n\t\t\t\t<div class=\"elementor-element elementor-element-81a9643 elementor-widget elementor-widget-heading\" data-id=\"81a9643\" data-element_type=\"widget\" data-widget_type=\"heading.default\">\n\t\t\t\t<div class=\"elementor-widget-container\">\n\t\t\t<h4 class=\"elementor-heading-title elementor-size-default\">Nuestro proyecto <\/h4>\t\t<\/div>\n\t\t\t\t<\/div>\n\t\t\t\t<div class=\"elementor-element elementor-element-bafaa26 elementor-widget elementor-widget-text-editor\" data-id=\"bafaa26\" data-element_type=\"widget\" data-widget_type=\"text-editor.default\">\n\t\t\t\t<div class=\"elementor-widget-container\">\n\t\t\t\t\t\t\t\t<div class=\"elementor-text-editor elementor-clearfix\">\n\t\t\t\t<p>Desde 2013 contamos con el <strong data-start=\"581\" data-end=\"614\">Proyecto de Mediaci\u00f3n Escolar<\/strong>, un espacio donde los estudiantes se convierten en protagonistas de la resoluci\u00f3n pac\u00edfica de los conflictos, fomentando el respeto, la empat\u00eda y la sana convivencia.<\/p>\t\t\t\t\t<\/div>\n\t\t\t\t\t\t<\/div>\n\t\t\t\t<\/div>\n\t\t\t\t<div class=\"elementor-element elementor-element-101a174 elementor-widget elementor-widget-heading\" data-id=\"101a174\" data-element_type=\"widget\" data-widget_type=\"heading.default\">\n\t\t\t\t<div class=\"elementor-widget-container\">\n\t\t\t<h4 class=\"elementor-heading-title elementor-size-default\">\u00bfQu\u00e9 es la mediaci\u00f3n escolar? <\/h4>\t\t<\/div>\n\t\t\t\t<\/div>\n\t\t\t\t<div class=\"elementor-element elementor-element-0355e13 elementor-widget elementor-widget-text-editor\" data-id=\"0355e13\" data-element_type=\"widget\" data-widget_type=\"text-editor.default\">\n\t\t\t\t<div class=\"elementor-widget-container\">\n\t\t\t\t\t\t\t\t<div class=\"elementor-text-editor elementor-clearfix\">\n\t\t\t\t<p data-start=\"828\" data-end=\"1001\">La mediaci\u00f3n escolar es un proceso en el que un tercero neutral (el mediador) acompa\u00f1a a dos o m\u00e1s personas para que dialoguen, se escuchen y encuentren soluciones justas.<\/p><p data-start=\"1003\" data-end=\"1023\"><strong>Sus beneficios:<\/strong><\/p><ul data-start=\"1024\" data-end=\"1158\"><li data-start=\"1024\" data-end=\"1053\"><p data-start=\"1026\" data-end=\"1053\">Evita peleas y sanciones.<\/p><\/li><li data-start=\"1054\" data-end=\"1085\"><p data-start=\"1056\" data-end=\"1085\">Promueve la escucha activa.<\/p><\/li><li data-start=\"1086\" data-end=\"1124\"><p data-start=\"1088\" data-end=\"1124\">Fortalece el respeto y la empat\u00eda.<\/p><\/li><li data-start=\"1125\" data-end=\"1158\"><p data-start=\"1127\" data-end=\"1158\">Construye acuerdos duraderos.<\/p><\/li><\/ul>\t\t\t\t\t<\/div>\n\t\t\t\t\t\t<\/div>\n\t\t\t\t<\/div>\n\t\t\t\t<div class=\"elementor-element elementor-element-a8d10c3 elementor-widget elementor-widget-heading\" data-id=\"a8d10c3\" data-element_type=\"widget\" data-widget_type=\"heading.default\">\n\t\t\t\t<div class=\"elementor-widget-container\">\n\t\t\t<h4 class=\"elementor-heading-title elementor-size-default\">Perfil del mediador <\/h4>\t\t<\/div>\n\t\t\t\t<\/div>\n\t\t\t\t<div class=\"elementor-element elementor-element-5d10da2 elementor-widget elementor-widget-text-editor\" data-id=\"5d10da2\" data-element_type=\"widget\" data-widget_type=\"text-editor.default\">\n\t\t\t\t<div class=\"elementor-widget-container\">\n\t\t\t\t\t\t\t\t<div class=\"elementor-text-editor elementor-clearfix\">\n\t\t\t\t<p data-start=\"1193\" data-end=\"1250\">Un buen mediador, dentro y fuera del colegio, debe ser:<\/p><ul data-start=\"1251\" data-end=\"1532\"><li data-start=\"1251\" data-end=\"1292\"><p data-start=\"1253\" data-end=\"1292\"><strong data-start=\"1253\" data-end=\"1273\">Neutral y justo:<\/strong> no toma partido.<\/p><\/li><li data-start=\"1293\" data-end=\"1358\"><p data-start=\"1295\" data-end=\"1358\"><strong data-start=\"1295\" data-end=\"1316\">Buen comunicador:<\/strong> sabe escuchar y preguntar con claridad.<\/p><\/li><li data-start=\"1359\" data-end=\"1412\"><p data-start=\"1361\" data-end=\"1412\"><strong data-start=\"1361\" data-end=\"1374\">Emp\u00e1tico:<\/strong> comprende lo que sienten los dem\u00e1s.<\/p><\/li><li data-start=\"1413\" data-end=\"1468\"><p data-start=\"1415\" data-end=\"1468\"><strong data-start=\"1415\" data-end=\"1428\">Creativo:<\/strong> propone soluciones donde todos ganen.<\/p><\/li><li data-start=\"1469\" data-end=\"1532\"><p data-start=\"1471\" data-end=\"1532\"><strong data-start=\"1471\" data-end=\"1498\">Respetuoso y confiable:<\/strong> genera confianza en el proceso.<\/p><\/li><\/ul>\t\t\t\t\t<\/div>\n\t\t\t\t\t\t<\/div>\n\t\t\t\t<\/div>\n\t\t\t\t<div class=\"elementor-element elementor-element-0737c93 elementor-widget elementor-widget-heading\" data-id=\"0737c93\" data-element_type=\"widget\" data-widget_type=\"heading.default\">\n\t\t\t\t<div class=\"elementor-widget-container\">\n\t\t\t<h4 class=\"elementor-heading-title elementor-size-default\">Pasos de la mediaci\u00f3n <\/h4>\t\t<\/div>\n\t\t\t\t<\/div>\n\t\t\t\t<div class=\"elementor-element elementor-element-97def02 elementor-widget elementor-widget-text-editor\" data-id=\"97def02\" data-element_type=\"widget\" data-widget_type=\"text-editor.default\">\n\t\t\t\t<div class=\"elementor-widget-container\">\n\t\t\t\t\t\t\t\t<div class=\"elementor-text-editor elementor-clearfix\">\n\t\t\t\t<ul><li data-start=\"1569\" data-end=\"1619\"><p data-start=\"1572\" data-end=\"1619\"><strong data-start=\"1572\" data-end=\"1585\">Escuchar:<\/strong> cada persona cuenta su versi\u00f3n.<\/p><\/li><li data-start=\"1620\" data-end=\"1693\"><p data-start=\"1623\" data-end=\"1693\"><strong data-start=\"1623\" data-end=\"1652\">Identificar el conflicto:<\/strong> aclarar cu\u00e1l es el verdadero problema.<\/p><\/li><li data-start=\"1694\" data-end=\"1753\"><p data-start=\"1697\" data-end=\"1753\"><strong data-start=\"1697\" data-end=\"1719\">Explorar opciones:<\/strong> proponer diferentes soluciones.<\/p><\/li><li data-start=\"1754\" data-end=\"1822\"><p data-start=\"1757\" data-end=\"1822\"><strong data-start=\"1757\" data-end=\"1779\">Negociar acuerdos:<\/strong> elegir lo que mejor funcione para todos.<\/p><\/li><li data-start=\"1823\" data-end=\"1866\"><p data-start=\"1826\" data-end=\"1866\"><strong data-start=\"1826\" data-end=\"1844\">Comprometerse:<\/strong> cumplir lo pactado.<\/p><\/li><\/ul>\t\t\t\t\t<\/div>\n\t\t\t\t\t\t<\/div>\n\t\t\t\t<\/div>\n\t\t\t\t<div class=\"elementor-element elementor-element-af23bad elementor-widget elementor-widget-heading\" data-id=\"af23bad\" data-element_type=\"widget\" data-widget_type=\"heading.default\">\n\t\t\t\t<div class=\"elementor-widget-container\">\n\t\t\t<h4 class=\"elementor-heading-title elementor-size-default\">Mediaci\u00f3n en la era digital <\/h4>\t\t<\/div>\n\t\t\t\t<\/div>\n\t\t\t\t<div class=\"elementor-element elementor-element-a12e0b1 elementor-widget elementor-widget-text-editor\" data-id=\"a12e0b1\" data-element_type=\"widget\" data-widget_type=\"text-editor.default\">\n\t\t\t\t<div class=\"elementor-widget-container\">\n\t\t\t\t\t\t\t\t<div class=\"elementor-text-editor elementor-clearfix\">\n\t\t\t\t<p data-start=\"1909\" data-end=\"2066\">Sabemos que muchos conflictos tambi\u00e9n nacen en chats, redes sociales o grupos de clase. Por eso, la tecnolog\u00eda se convierte en una aliada para resolverlos:<\/p><ul data-start=\"2068\" data-end=\"2231\"><li data-start=\"2068\" data-end=\"2114\"><p data-start=\"2070\" data-end=\"2114\"><strong data-start=\"2070\" data-end=\"2089\">Chats privados:<\/strong> conversar sin presi\u00f3n.<\/p><\/li><li data-start=\"2115\" data-end=\"2157\"><p data-start=\"2117\" data-end=\"2157\"><strong data-start=\"2117\" data-end=\"2135\">Videollamadas:<\/strong> mediar a distancia.<\/p><\/li><li data-start=\"2158\" data-end=\"2231\"><p data-start=\"2160\" data-end=\"2231\"><strong data-start=\"2160\" data-end=\"2186\">Simuladores virtuales:<\/strong> juegos que ense\u00f1an a practicar el di\u00e1logo.<\/p><\/li><\/ul><p data-start=\"2233\" data-end=\"2290\">La tecnolog\u00eda no reemplaza al mediador, \u00a1lo potencia! Ayuda a escuchar, comprender y construir acuerdos incluso en el mundo digital.<\/p>\t\t\t\t\t<\/div>\n\t\t\t\t\t\t<\/div>\n\t\t\t\t<\/div>\n\t\t\t\t<div class=\"elementor-element elementor-element-4b6a455 elementor-widget elementor-widget-heading\" data-id=\"4b6a455\" data-element_type=\"widget\" data-widget_type=\"heading.default\">\n\t\t\t\t<div class=\"elementor-widget-container\">\n\t\t\t<h4 class=\"elementor-heading-title elementor-size-default\">Ponte en el papel del mediador <\/h4>\t\t<\/div>\n\t\t\t\t<\/div>\n\t\t\t\t<div class=\"elementor-element elementor-element-aebacc7 elementor-widget elementor-widget-text-editor\" data-id=\"aebacc7\" data-element_type=\"widget\" data-widget_type=\"text-editor.default\">\n\t\t\t\t<div class=\"elementor-widget-container\">\n\t\t\t\t\t\t\t\t<div class=\"elementor-text-editor elementor-clearfix\">\n\t\t\t\t<p data-start=\"2335\" data-end=\"2380\">Te invitamos a reflexionar con estos casos:<\/p><ul data-start=\"2382\" data-end=\"2833\"><li data-start=\"2382\" data-end=\"2546\"><p data-start=\"2384\" data-end=\"2546\"><strong data-start=\"2384\" data-end=\"2400\">Conflicto 1:<\/strong> Dos compa\u00f1eros se pelean porque uno no prest\u00f3 materiales.<br data-start=\"2458\" data-end=\"2461\" \/>\u00bfC\u00f3mo har\u00edas para que comprendan la importancia de compartir sin forzar a nadie?<\/p><\/li><li data-start=\"2548\" data-end=\"2684\"><p data-start=\"2550\" data-end=\"2684\"><strong data-start=\"2550\" data-end=\"2566\">Conflicto 2:<\/strong> Un grupo excluye a un compa\u00f1ero en un trabajo.<br data-start=\"2613\" data-end=\"2616\" \/>\u00bfQu\u00e9 estrategias usar\u00edas para mostrar el valor de la inclusi\u00f3n?<\/p><\/li><li data-start=\"2686\" data-end=\"2833\"><p data-start=\"2688\" data-end=\"2833\"><strong data-start=\"2688\" data-end=\"2704\">Conflicto 3:<\/strong> Dos amigos dejaron de hablarse por un malentendido en redes.<br data-start=\"2765\" data-end=\"2768\" \/>\u00bfC\u00f3mo ayudar\u00edas a aclarar el problema sin aumentar la pelea?<\/p><\/li><\/ul>\t\t\t\t\t<\/div>\n\t\t\t\t\t\t<\/div>\n\t\t\t\t<\/div>\n\t\t\t\t<div class=\"elementor-element elementor-element-79a394b elementor-widget elementor-widget-heading\" data-id=\"79a394b\" data-element_type=\"widget\" data-widget_type=\"heading.default\">\n\t\t\t\t<div class=\"elementor-widget-container\">\n\t\t\t<h4 class=\"elementor-heading-title elementor-size-default\">Conoce a nuestros mediadores 2025<\/h4>\t\t<\/div>\n\t\t\t\t<\/div>\n\t\t\t\t<div class=\"elementor-element elementor-element-f6c562e elementor-widget elementor-widget-text-editor\" data-id=\"f6c562e\" data-element_type=\"widget\" data-widget_type=\"text-editor.default\">\n\t\t\t\t<div class=\"elementor-widget-container\">\n\t\t\t\t\t\t\t\t<div class=\"elementor-text-editor elementor-clearfix\">\n\t\t\t\t<p>En el Colegio Colombo Ingl\u00e9s contamos con un equipo de estudiantes formados para acompa\u00f1ar a sus compa\u00f1eros en la resoluci\u00f3n de conflictos.<\/p>\t\t\t\t\t<\/div>\n\t\t\t\t\t\t<\/div>\n\t\t\t\t<\/div>\n\t\t\t\t<div class=\"elementor-element elementor-element-134eb0d elementor-widget elementor-widget-spacer\" data-id=\"134eb0d\" data-element_type=\"widget\" data-widget_type=\"spacer.default\">\n\t\t\t\t<div class=\"elementor-widget-container\">\n\t\t\t\t\t<div class=\"elementor-spacer\">\n\t\t\t<div class=\"elementor-spacer-inner\"><\/div>\n\t\t<\/div>\n\t\t\t\t<\/div>\n\t\t\t\t<\/div>\n\t\t\t\t<section class=\"elementor-section elementor-inner-section elementor-element elementor-element-ede2f86 elementor-section-boxed elementor-section-height-default elementor-section-height-default\" data-id=\"ede2f86\" data-element_type=\"section\">\n\t\t\t\t\t\t<div class=\"elementor-container elementor-column-gap-default\">\n\t\t\t\t\t\t\t<div class=\"elementor-row\">\n\t\t\t\t\t<div class=\"elementor-column elementor-col-100 elementor-inner-column elementor-element elementor-element-f151740\" data-id=\"f151740\" data-element_type=\"column\">\n\t\t\t<div class=\"elementor-column-wrap elementor-element-populated\">\n\t\t\t\t\t\t\t<div class=\"elementor-widget-wrap\">\n\t\t\t\t\t\t<div class=\"elementor-element elementor-element-d9cd879 elementor-widget elementor-widget-heading\" data-id=\"d9cd879\" data-element_type=\"widget\" data-widget_type=\"heading.default\">\n\t\t\t\t<div class=\"elementor-widget-container\">\n\t\t\t<h4 class=\"elementor-heading-title elementor-size-default\">Mediadores de Elementary School<\/h4>\t\t<\/div>\n\t\t\t\t<\/div>\n\t\t\t\t<div class=\"elementor-element elementor-element-ceaafb5 elementor-widget elementor-widget-image\" data-id=\"ceaafb5\" data-element_type=\"widget\" data-widget_type=\"image.default\">\n\t\t\t\t<div class=\"elementor-widget-container\">\n\t\t\t\t\t\t\t\t<div class=\"elementor-image\">\n\t\t\t\t\t\t\t\t\t\t\t\t<img loading=\"lazy\" decoding=\"async\" width=\"1024\" height=\"683\" src=\"https:\/\/colomboingles.edu.co\/wps\/wp-content\/uploads\/2025\/09\/IMG_3496-1024x683.jpg\" class=\"attachment-large size-large\" alt=\"\" srcset=\"https:\/\/colomboingles.edu.co\/wps\/wp-content\/uploads\/2025\/09\/IMG_3496-1024x683.jpg 1024w, https:\/\/colomboingles.edu.co\/wps\/wp-content\/uploads\/2025\/09\/IMG_3496-300x200.jpg 300w, https:\/\/colomboingles.edu.co\/wps\/wp-content\/uploads\/2025\/09\/IMG_3496-768x512.jpg 768w, https:\/\/colomboingles.edu.co\/wps\/wp-content\/uploads\/2025\/09\/IMG_3496-1536x1024.jpg 1536w, https:\/\/colomboingles.edu.co\/wps\/wp-content\/uploads\/2025\/09\/IMG_3496-2048x1365.jpg 2048w, https:\/\/colomboingles.edu.co\/wps\/wp-content\/uploads\/2025\/09\/IMG_3496-600x400.jpg 600w\" sizes=\"auto, (max-width: 1024px) 100vw, 1024px\" \/>\t\t\t\t\t\t\t\t\t\t\t\t\t\t<\/div>\n\t\t\t\t\t\t<\/div>\n\t\t\t\t<\/div>\n\t\t\t\t\t\t<\/div>\n\t\t\t\t\t<\/div>\n\t\t<\/div>\n\t\t\t\t\t\t\t\t<\/div>\n\t\t\t\t\t<\/div>\n\t\t<\/section>\n\t\t\t\t<section class=\"elementor-section elementor-inner-section elementor-element elementor-element-30da8ca elementor-section-boxed elementor-section-height-default elementor-section-height-default\" data-id=\"30da8ca\" data-element_type=\"section\">\n\t\t\t\t\t\t<div class=\"elementor-container elementor-column-gap-default\">\n\t\t\t\t\t\t\t<div class=\"elementor-row\">\n\t\t\t\t\t<div class=\"elementor-column elementor-col-100 elementor-inner-column elementor-element elementor-element-eefffec\" data-id=\"eefffec\" data-element_type=\"column\">\n\t\t\t<div class=\"elementor-column-wrap elementor-element-populated\">\n\t\t\t\t\t\t\t<div class=\"elementor-widget-wrap\">\n\t\t\t\t\t\t<div class=\"elementor-element elementor-element-5d9d29b elementor-widget elementor-widget-heading\" data-id=\"5d9d29b\" data-element_type=\"widget\" data-widget_type=\"heading.default\">\n\t\t\t\t<div class=\"elementor-widget-container\">\n\t\t\t<h4 class=\"elementor-heading-title elementor-size-default\">Mediadores de Middle School<\/h4>\t\t<\/div>\n\t\t\t\t<\/div>\n\t\t\t\t<div class=\"elementor-element elementor-element-1795da5 elementor-widget elementor-widget-image\" data-id=\"1795da5\" data-element_type=\"widget\" data-widget_type=\"image.default\">\n\t\t\t\t<div class=\"elementor-widget-container\">\n\t\t\t\t\t\t\t\t<div class=\"elementor-image\">\n\t\t\t\t\t\t\t\t\t\t\t\t<img loading=\"lazy\" decoding=\"async\" width=\"1024\" height=\"683\" src=\"https:\/\/colomboingles.edu.co\/wps\/wp-content\/uploads\/2025\/09\/IMG_3499-1024x683.jpg\" class=\"attachment-large size-large\" alt=\"\" srcset=\"https:\/\/colomboingles.edu.co\/wps\/wp-content\/uploads\/2025\/09\/IMG_3499-1024x683.jpg 1024w, https:\/\/colomboingles.edu.co\/wps\/wp-content\/uploads\/2025\/09\/IMG_3499-300x200.jpg 300w, https:\/\/colomboingles.edu.co\/wps\/wp-content\/uploads\/2025\/09\/IMG_3499-768x512.jpg 768w, https:\/\/colomboingles.edu.co\/wps\/wp-content\/uploads\/2025\/09\/IMG_3499-1536x1024.jpg 1536w, https:\/\/colomboingles.edu.co\/wps\/wp-content\/uploads\/2025\/09\/IMG_3499-2048x1365.jpg 2048w, https:\/\/colomboingles.edu.co\/wps\/wp-content\/uploads\/2025\/09\/IMG_3499-600x400.jpg 600w\" sizes=\"auto, (max-width: 1024px) 100vw, 1024px\" \/>\t\t\t\t\t\t\t\t\t\t\t\t\t\t<\/div>\n\t\t\t\t\t\t<\/div>\n\t\t\t\t<\/div>\n\t\t\t\t\t\t<\/div>\n\t\t\t\t\t<\/div>\n\t\t<\/div>\n\t\t\t\t\t\t\t\t<\/div>\n\t\t\t\t\t<\/div>\n\t\t<\/section>\n\t\t\t\t<section class=\"elementor-section elementor-inner-section elementor-element elementor-element-a9fa5ca elementor-section-boxed elementor-section-height-default elementor-section-height-default\" data-id=\"a9fa5ca\" data-element_type=\"section\">\n\t\t\t\t\t\t<div class=\"elementor-container elementor-column-gap-default\">\n\t\t\t\t\t\t\t<div class=\"elementor-row\">\n\t\t\t\t\t<div class=\"elementor-column elementor-col-100 elementor-inner-column elementor-element elementor-element-ac3a6c0\" data-id=\"ac3a6c0\" data-element_type=\"column\">\n\t\t\t<div class=\"elementor-column-wrap elementor-element-populated\">\n\t\t\t\t\t\t\t<div class=\"elementor-widget-wrap\">\n\t\t\t\t\t\t<div class=\"elementor-element elementor-element-ad9ca5d elementor-widget elementor-widget-heading\" data-id=\"ad9ca5d\" data-element_type=\"widget\" data-widget_type=\"heading.default\">\n\t\t\t\t<div class=\"elementor-widget-container\">\n\t\t\t<h4 class=\"elementor-heading-title elementor-size-default\">Mediadores de High School<\/h4>\t\t<\/div>\n\t\t\t\t<\/div>\n\t\t\t\t<div class=\"elementor-element elementor-element-c8c776b elementor-widget elementor-widget-image\" data-id=\"c8c776b\" data-element_type=\"widget\" data-widget_type=\"image.default\">\n\t\t\t\t<div class=\"elementor-widget-container\">\n\t\t\t\t\t\t\t\t<div class=\"elementor-image\">\n\t\t\t\t\t\t\t\t\t\t\t\t<img loading=\"lazy\" decoding=\"async\" width=\"1024\" height=\"683\" src=\"https:\/\/colomboingles.edu.co\/wps\/wp-content\/uploads\/2025\/09\/IMG_3483-1024x683.jpg\" class=\"attachment-large size-large\" alt=\"\" srcset=\"https:\/\/colomboingles.edu.co\/wps\/wp-content\/uploads\/2025\/09\/IMG_3483-1024x683.jpg 1024w, https:\/\/colomboingles.edu.co\/wps\/wp-content\/uploads\/2025\/09\/IMG_3483-300x200.jpg 300w, https:\/\/colomboingles.edu.co\/wps\/wp-content\/uploads\/2025\/09\/IMG_3483-768x512.jpg 768w, https:\/\/colomboingles.edu.co\/wps\/wp-content\/uploads\/2025\/09\/IMG_3483-1536x1024.jpg 1536w, https:\/\/colomboingles.edu.co\/wps\/wp-content\/uploads\/2025\/09\/IMG_3483-2048x1365.jpg 2048w, https:\/\/colomboingles.edu.co\/wps\/wp-content\/uploads\/2025\/09\/IMG_3483-600x400.jpg 600w\" sizes=\"auto, (max-width: 1024px) 100vw, 1024px\" \/>\t\t\t\t\t\t\t\t\t\t\t\t\t\t<\/div>\n\t\t\t\t\t\t<\/div>\n\t\t\t\t<\/div>\n\t\t\t\t\t\t<\/div>\n\t\t\t\t\t<\/div>\n\t\t<\/div>\n\t\t\t\t\t\t\t\t<\/div>\n\t\t\t\t\t<\/div>\n\t\t<\/section>\n\t\t\t\t\t\t<\/div>\n\t\t\t\t\t<\/div>\n\t\t<\/div>\n\t\t\t\t\t\t\t\t<\/div>\n\t\t\t\t\t<\/div>\n\t\t<\/section>\n\t\t\t\t<section class=\"elementor-section elementor-top-section elementor-element elementor-element-251f8ae elementor-section-boxed elementor-section-height-default elementor-section-height-default\" data-id=\"251f8ae\" data-element_type=\"section\">\n\t\t\t\t\t\t<div class=\"elementor-container elementor-column-gap-default\">\n\t\t\t\t\t\t\t<div class=\"elementor-row\">\n\t\t\t\t\t<div class=\"elementor-column elementor-col-100 elementor-top-column elementor-element elementor-element-7d0bcd0\" data-id=\"7d0bcd0\" data-element_type=\"column\">\n\t\t\t<div class=\"elementor-column-wrap elementor-element-populated\">\n\t\t\t\t\t\t\t<div class=\"elementor-widget-wrap\">\n\t\t\t\t\t\t<div class=\"elementor-element elementor-element-e3fc4f7 elementor-widget elementor-widget-spacer\" data-id=\"e3fc4f7\" data-element_type=\"widget\" data-widget_type=\"spacer.default\">\n\t\t\t\t<div class=\"elementor-widget-container\">\n\t\t\t\t\t<div class=\"elementor-spacer\">\n\t\t\t<div class=\"elementor-spacer-inner\"><\/div>\n\t\t<\/div>\n\t\t\t\t<\/div>\n\t\t\t\t<\/div>\n\t\t\t\t\t\t<\/div>\n\t\t\t\t\t<\/div>\n\t\t<\/div>\n\t\t\t\t\t\t\t\t<\/div>\n\t\t\t\t\t<\/div>\n\t\t<\/section>\n\t\t\t\t\t\t<\/div>\n\t\t\t\t\t\t<\/div>\n\t\t\t\t\t<\/div>\n\t\t","protected":false},"excerpt":{"rendered":"<p>Resoluci\u00f3n de conflictos En el Colegio Colombo Ingl\u00e9s creemos que los conflictos son parte natural de la vida, pero la forma en que los resolvemos define la calidad de nuestra convivencia. Por eso, promovemos el di\u00e1logo, la escucha y la construcci\u00f3n de acuerdos como herramientas para crecer juntos. Nuestro proyecto Desde 2013 contamos con el&#8230;<\/p>\n","protected":false},"author":1,"featured_media":0,"parent":0,"menu_order":0,"comment_status":"closed","ping_status":"closed","template":"","meta":{"_kad_post_transparent":"","_kad_post_title":"hide","_kad_post_layout":"fullwidth","_kad_post_sidebar_id":"","_kad_post_content_style":"unboxed","_kad_post_vertical_padding":"hide","_kad_post_feature":"hide","_kad_post_feature_position":"","_kad_post_header":false,"_kad_post_footer":false,"footnotes":""},"class_list":["post-4991","page","type-page","status-publish","hentry"],"nelio_popups_active_popup":"","_links":{"self":[{"href":"https:\/\/colomboingles.edu.co\/wps\/wp-json\/wp\/v2\/pages\/4991","targetHints":{"allow":["GET"]}}],"collection":[{"href":"https:\/\/colomboingles.edu.co\/wps\/wp-json\/wp\/v2\/pages"}],"about":[{"href":"https:\/\/colomboingles.edu.co\/wps\/wp-json\/wp\/v2\/types\/page"}],"author":[{"embeddable":true,"href":"https:\/\/colomboingles.edu.co\/wps\/wp-json\/wp\/v2\/users\/1"}],"replies":[{"embeddable":true,"href":"https:\/\/colomboingles.edu.co\/wps\/wp-json\/wp\/v2\/comments?post=4991"}],"version-history":[{"count":17,"href":"https:\/\/colomboingles.edu.co\/wps\/wp-json\/wp\/v2\/pages\/4991\/revisions"}],"predecessor-version":[{"id":5097,"href":"https:\/\/colomboingles.edu.co\/wps\/wp-json\/wp\/v2\/pages\/4991\/revisions\/5097"}],"wp:attachment":[{"href":"https:\/\/colomboingles.edu.co\/wps\/wp-json\/wp\/v2\/media?parent=4991"}],"curies":[{"name":"wp","href":"https:\/\/api.w.org\/{rel}","templated":true}]}}