{"id":4458,"date":"2025-07-22T17:41:05","date_gmt":"2025-07-22T17:41:05","guid":{"rendered":"https:\/\/colomboingles.edu.co\/wps\/?page_id=4458"},"modified":"2025-09-02T17:19:42","modified_gmt":"2025-09-02T17:19:42","slug":"handbook-del-modelo-cimun","status":"publish","type":"page","link":"https:\/\/colomboingles.edu.co\/wps\/handbook-del-modelo-cimun\/","title":{"rendered":"Handbook del modelo &#8211; Cimun"},"content":{"rendered":"\t\t<div data-elementor-type=\"wp-page\" data-elementor-id=\"4458\" class=\"elementor elementor-4458\" data-elementor-settings=\"[]\">\n\t\t\t\t\t\t<div class=\"elementor-inner\">\n\t\t\t\t\t\t\t<div class=\"elementor-section-wrap\">\n\t\t\t\t\t\t\t<section class=\"elementor-section elementor-top-section elementor-element elementor-element-9a84436 elementor-section-boxed elementor-section-height-default elementor-section-height-default\" data-id=\"9a84436\" data-element_type=\"section\">\n\t\t\t\t\t\t<div class=\"elementor-container elementor-column-gap-default\">\n\t\t\t\t\t\t\t<div class=\"elementor-row\">\n\t\t\t\t\t<div class=\"elementor-column elementor-col-100 elementor-top-column elementor-element elementor-element-8266fd8\" data-id=\"8266fd8\" data-element_type=\"column\">\n\t\t\t<div class=\"elementor-column-wrap elementor-element-populated\">\n\t\t\t\t\t\t\t<div class=\"elementor-widget-wrap\">\n\t\t\t\t\t\t<div class=\"elementor-element elementor-element-cc327b1 elementor-widget elementor-widget-spacer\" data-id=\"cc327b1\" data-element_type=\"widget\" data-widget_type=\"spacer.default\">\n\t\t\t\t<div class=\"elementor-widget-container\">\n\t\t\t\t\t<div class=\"elementor-spacer\">\n\t\t\t<div class=\"elementor-spacer-inner\"><\/div>\n\t\t<\/div>\n\t\t\t\t<\/div>\n\t\t\t\t<\/div>\n\t\t\t\t<div class=\"elementor-element elementor-element-7788e2d elementor-widget elementor-widget-heading\" data-id=\"7788e2d\" data-element_type=\"widget\" data-widget_type=\"heading.default\">\n\t\t\t\t<div class=\"elementor-widget-container\">\n\t\t\t<h3 class=\"elementor-heading-title elementor-size-default\">Handbook oficial del modelo CIMUN 2025<\/h3>\t\t<\/div>\n\t\t\t\t<\/div>\n\t\t\t\t<div class=\"elementor-element elementor-element-f461ab7 elementor-widget elementor-widget-text-editor\" data-id=\"f461ab7\" data-element_type=\"widget\" data-widget_type=\"text-editor.default\">\n\t\t\t\t<div class=\"elementor-widget-container\">\n\t\t\t\t\t\t\t\t<div class=\"elementor-text-editor elementor-clearfix\">\n\t\t\t\t<p><span style=\"color: #024027;\">En este documento encontrar\u00e1s toda la estructura y reglamentaci\u00f3n de CIMUN 2025.<\/span><br \/><span style=\"color: #024027;\">Incluye informaci\u00f3n detallada sobre las comisiones, roles, normas de debate, lineamientos de vestimenta, evaluaciones y mucho m\u00e1s.<\/span><\/p><p><span style=\"color: #024027;\">Es indispensable que todos los delegados y asesores lo consulten antes del evento para garantizar una participaci\u00f3n informada y coherente con la filosof\u00eda del modelo.<\/span><\/p>\t\t\t\t\t<\/div>\n\t\t\t\t\t\t<\/div>\n\t\t\t\t<\/div>\n\t\t\t\t<div class=\"elementor-element elementor-element-ddfcee3 elementor-widget elementor-widget-html\" data-id=\"ddfcee3\" data-element_type=\"widget\" data-widget_type=\"html.default\">\n\t\t\t\t<div class=\"elementor-widget-container\">\n\t\t\t<embed src=\"https:\/\/colomboingles.edu.co\/wps\/wp-content\/uploads\/2025\/09\/CIMUN-HANDBOOK-2025.pdf\" width=\"100%\" height=\"600px\" \/>\t\t<\/div>\n\t\t\t\t<\/div>\n\t\t\t\t<div class=\"elementor-element elementor-element-7b49216 elementor-widget elementor-widget-spacer\" data-id=\"7b49216\" data-element_type=\"widget\" data-widget_type=\"spacer.default\">\n\t\t\t\t<div class=\"elementor-widget-container\">\n\t\t\t\t\t<div class=\"elementor-spacer\">\n\t\t\t<div class=\"elementor-spacer-inner\"><\/div>\n\t\t<\/div>\n\t\t\t\t<\/div>\n\t\t\t\t<\/div>\n\t\t\t\t<div class=\"elementor-element elementor-element-ac449bc elementor-widget elementor-widget-spacer\" data-id=\"ac449bc\" data-element_type=\"widget\" data-widget_type=\"spacer.default\">\n\t\t\t\t<div class=\"elementor-widget-container\">\n\t\t\t\t\t<div class=\"elementor-spacer\">\n\t\t\t<div class=\"elementor-spacer-inner\"><\/div>\n\t\t<\/div>\n\t\t\t\t<\/div>\n\t\t\t\t<\/div>\n\t\t\t\t\t\t<\/div>\n\t\t\t\t\t<\/div>\n\t\t<\/div>\n\t\t\t\t\t\t\t\t<\/div>\n\t\t\t\t\t<\/div>\n\t\t<\/section>\n\t\t\t\t\t\t<\/div>\n\t\t\t\t\t\t<\/div>\n\t\t\t\t\t<\/div>\n\t\t","protected":false},"excerpt":{"rendered":"<p>Handbook oficial del modelo CIMUN 2025 En este documento encontrar\u00e1s toda la estructura y reglamentaci\u00f3n de CIMUN 2025.Incluye informaci\u00f3n detallada sobre las comisiones, roles, normas de debate, lineamientos de vestimenta, evaluaciones y mucho m\u00e1s. Es indispensable que todos los delegados y asesores lo consulten antes del evento para garantizar una participaci\u00f3n informada y coherente con&#8230;<\/p>\n","protected":false},"author":1,"featured_media":0,"parent":0,"menu_order":0,"comment_status":"closed","ping_status":"closed","template":"","meta":{"_kad_post_transparent":"","_kad_post_title":"hide","_kad_post_layout":"fullwidth","_kad_post_sidebar_id":"","_kad_post_content_style":"unboxed","_kad_post_vertical_padding":"hide","_kad_post_feature":"hide","_kad_post_feature_position":"","_kad_post_header":false,"_kad_post_footer":false,"footnotes":""},"class_list":["post-4458","page","type-page","status-publish","hentry"],"nelio_popups_active_popup":"","_links":{"self":[{"href":"https:\/\/colomboingles.edu.co\/wps\/wp-json\/wp\/v2\/pages\/4458","targetHints":{"allow":["GET"]}}],"collection":[{"href":"https:\/\/colomboingles.edu.co\/wps\/wp-json\/wp\/v2\/pages"}],"about":[{"href":"https:\/\/colomboingles.edu.co\/wps\/wp-json\/wp\/v2\/types\/page"}],"author":[{"embeddable":true,"href":"https:\/\/colomboingles.edu.co\/wps\/wp-json\/wp\/v2\/users\/1"}],"replies":[{"embeddable":true,"href":"https:\/\/colomboingles.edu.co\/wps\/wp-json\/wp\/v2\/comments?post=4458"}],"version-history":[{"count":28,"href":"https:\/\/colomboingles.edu.co\/wps\/wp-json\/wp\/v2\/pages\/4458\/revisions"}],"predecessor-version":[{"id":5101,"href":"https:\/\/colomboingles.edu.co\/wps\/wp-json\/wp\/v2\/pages\/4458\/revisions\/5101"}],"wp:attachment":[{"href":"https:\/\/colomboingles.edu.co\/wps\/wp-json\/wp\/v2\/media?parent=4458"}],"curies":[{"name":"wp","href":"https:\/\/api.w.org\/{rel}","templated":true}]}}