{"id":4079,"date":"2024-11-26T16:17:36","date_gmt":"2024-11-26T16:17:36","guid":{"rendered":"https:\/\/colomboingles.edu.co\/wps\/?page_id=4079"},"modified":"2025-05-24T16:41:01","modified_gmt":"2025-05-24T16:41:01","slug":"eiccie","status":"publish","type":"page","link":"https:\/\/colomboingles.edu.co\/wps\/eiccie\/","title":{"rendered":"EICCIE"},"content":{"rendered":"\t\t<div data-elementor-type=\"wp-page\" data-elementor-id=\"4079\" class=\"elementor elementor-4079\" data-elementor-settings=\"[]\">\n\t\t\t\t\t\t<div class=\"elementor-inner\">\n\t\t\t\t\t\t\t<div class=\"elementor-section-wrap\">\n\t\t\t\t\t\t\t<section class=\"elementor-section elementor-top-section elementor-element elementor-element-44c72ea elementor-section-boxed elementor-section-height-default elementor-section-height-default\" data-id=\"44c72ea\" data-element_type=\"section\">\n\t\t\t\t\t\t<div class=\"elementor-container elementor-column-gap-default\">\n\t\t\t\t\t\t\t<div class=\"elementor-row\">\n\t\t\t\t\t<div class=\"elementor-column elementor-col-100 elementor-top-column elementor-element elementor-element-7c0d073\" data-id=\"7c0d073\" data-element_type=\"column\">\n\t\t\t<div class=\"elementor-column-wrap elementor-element-populated\">\n\t\t\t\t\t\t\t<div class=\"elementor-widget-wrap\">\n\t\t\t\t\t\t<div class=\"elementor-element elementor-element-c06201f elementor-widget elementor-widget-image\" data-id=\"c06201f\" data-element_type=\"widget\" data-widget_type=\"image.default\">\n\t\t\t\t<div class=\"elementor-widget-container\">\n\t\t\t\t\t\t\t\t<div class=\"elementor-image\">\n\t\t\t\t\t\t\t\t\t\t\t\t<img loading=\"lazy\" decoding=\"async\" width=\"768\" height=\"376\" src=\"https:\/\/colomboingles.edu.co\/wps\/wp-content\/uploads\/2024\/11\/axaxa-768x376.jpg\" class=\"attachment-medium_large size-medium_large\" alt=\"\" srcset=\"https:\/\/colomboingles.edu.co\/wps\/wp-content\/uploads\/2024\/11\/axaxa-768x376.jpg 768w, https:\/\/colomboingles.edu.co\/wps\/wp-content\/uploads\/2024\/11\/axaxa-300x147.jpg 300w, https:\/\/colomboingles.edu.co\/wps\/wp-content\/uploads\/2024\/11\/axaxa-600x293.jpg 600w, https:\/\/colomboingles.edu.co\/wps\/wp-content\/uploads\/2024\/11\/axaxa.jpg 998w\" sizes=\"auto, (max-width: 768px) 100vw, 768px\" \/>\t\t\t\t\t\t\t\t\t\t\t\t\t\t<\/div>\n\t\t\t\t\t\t<\/div>\n\t\t\t\t<\/div>\n\t\t\t\t<div class=\"elementor-element elementor-element-03a2087 elementor-widget elementor-widget-text-editor\" data-id=\"03a2087\" data-element_type=\"widget\" data-widget_type=\"text-editor.default\">\n\t\t\t\t<div class=\"elementor-widget-container\">\n\t\t\t\t\t\t\t\t<div class=\"elementor-text-editor elementor-clearfix\">\n\t\t\t\t<p><span style=\"color: #024027;\">El Encuentro Internacional Colombista de Ciencia, Innovaci\u00f3n y Emprendimiento es un prestigioso evento acad\u00e9mico de puertas abiertas que se celebra anualmente en el Colegio Colombo Ingl\u00e9s de Valledupar. Durante los \u00faltimos 10 a\u00f1os, este encuentro ha brindado una plataforma invaluable para que los estudiantes presenten sus propuestas de investigaci\u00f3n, proyectos e ideas innovadoras de emprendimiento. A trav\u00e9s de este evento, se promueve el intercambio de conocimientos y experiencias, fomentando as\u00ed una cultura de creatividad y progreso. El encuentro no solo enriquece el entorno educativo, sino que tambi\u00e9n fortalece los lazos con la comunidad acad\u00e9mica y empresarial a nivel regional, nacional e internacional.<\/span><\/p><p><span style=\"color: #024027;\">La investigaci\u00f3n y la innovaci\u00f3n son pilares fundamentales en el desarrollo acad\u00e9mico de nuestros estudiantes, prepar\u00e1ndolos para los retos que enfrentar\u00e1n en la universidad. Al involucrarse en proyectos de investigaci\u00f3n y emprendimiento, los estudiantes desarrollan habilidades cr\u00edticas como el pensamiento anal\u00edtico, la resoluci\u00f3n de problemas y la creatividad. Estas competencias no solo son esenciales para su \u00e9xito acad\u00e9mico, sino que tambi\u00e9n los capacitan para ser l\u00edderes y agentes de cambio en sus futuras carreras profesionales<\/span><\/p>\t\t\t\t\t<\/div>\n\t\t\t\t\t\t<\/div>\n\t\t\t\t<\/div>\n\t\t\t\t\t\t<\/div>\n\t\t\t\t\t<\/div>\n\t\t<\/div>\n\t\t\t\t\t\t\t\t<\/div>\n\t\t\t\t\t<\/div>\n\t\t<\/section>\n\t\t\t\t\t\t<\/div>\n\t\t\t\t\t\t<\/div>\n\t\t\t\t\t<\/div>\n\t\t","protected":false},"excerpt":{"rendered":"<p>El Encuentro Internacional Colombista de Ciencia, Innovaci\u00f3n y Emprendimiento es un prestigioso evento acad\u00e9mico de puertas abiertas que se celebra anualmente en el Colegio Colombo Ingl\u00e9s de Valledupar. Durante los \u00faltimos 10 a\u00f1os, este encuentro ha brindado una plataforma invaluable para que los estudiantes presenten sus propuestas de investigaci\u00f3n, proyectos e ideas innovadoras de emprendimiento&#8230;.<\/p>\n","protected":false},"author":1,"featured_media":0,"parent":0,"menu_order":0,"comment_status":"closed","ping_status":"closed","template":"","meta":{"_kad_post_transparent":"","_kad_post_title":"hide","_kad_post_layout":"fullwidth","_kad_post_sidebar_id":"","_kad_post_content_style":"unboxed","_kad_post_vertical_padding":"hide","_kad_post_feature":"hide","_kad_post_feature_position":"","_kad_post_header":false,"_kad_post_footer":false,"footnotes":""},"class_list":["post-4079","page","type-page","status-publish","hentry"],"nelio_popups_active_popup":"","_links":{"self":[{"href":"https:\/\/colomboingles.edu.co\/wps\/wp-json\/wp\/v2\/pages\/4079","targetHints":{"allow":["GET"]}}],"collection":[{"href":"https:\/\/colomboingles.edu.co\/wps\/wp-json\/wp\/v2\/pages"}],"about":[{"href":"https:\/\/colomboingles.edu.co\/wps\/wp-json\/wp\/v2\/types\/page"}],"author":[{"embeddable":true,"href":"https:\/\/colomboingles.edu.co\/wps\/wp-json\/wp\/v2\/users\/1"}],"replies":[{"embeddable":true,"href":"https:\/\/colomboingles.edu.co\/wps\/wp-json\/wp\/v2\/comments?post=4079"}],"version-history":[{"count":7,"href":"https:\/\/colomboingles.edu.co\/wps\/wp-json\/wp\/v2\/pages\/4079\/revisions"}],"predecessor-version":[{"id":4380,"href":"https:\/\/colomboingles.edu.co\/wps\/wp-json\/wp\/v2\/pages\/4079\/revisions\/4380"}],"wp:attachment":[{"href":"https:\/\/colomboingles.edu.co\/wps\/wp-json\/wp\/v2\/media?parent=4079"}],"curies":[{"name":"wp","href":"https:\/\/api.w.org\/{rel}","templated":true}]}}