{"id":2542,"date":"2023-08-16T18:36:49","date_gmt":"2023-08-16T18:36:49","guid":{"rendered":"https:\/\/colomboingles.edu.co\/wps\/?page_id=2542"},"modified":"2025-08-20T16:14:36","modified_gmt":"2025-08-20T16:14:36","slug":"empleadocolombista","status":"publish","type":"page","link":"https:\/\/colomboingles.edu.co\/wps\/empleadocolombista\/","title":{"rendered":"Empleado Colombista"},"content":{"rendered":"\t\t<div data-elementor-type=\"wp-page\" data-elementor-id=\"2542\" class=\"elementor elementor-2542\" data-elementor-settings=\"[]\">\n\t\t\t\t\t\t<div class=\"elementor-inner\">\n\t\t\t\t\t\t\t<div class=\"elementor-section-wrap\">\n\t\t\t\t\t\t\t<section class=\"elementor-section elementor-top-section elementor-element elementor-element-f61523b elementor-section-full_width elementor-section-height-default elementor-section-height-default\" data-id=\"f61523b\" data-element_type=\"section\">\n\t\t\t\t\t\t<div class=\"elementor-container elementor-column-gap-no\">\n\t\t\t\t\t\t\t<div class=\"elementor-row\">\n\t\t\t\t\t<div class=\"elementor-column elementor-col-100 elementor-top-column elementor-element elementor-element-8cea96e\" data-id=\"8cea96e\" data-element_type=\"column\">\n\t\t\t<div class=\"elementor-column-wrap elementor-element-populated\">\n\t\t\t\t\t\t\t<div class=\"elementor-widget-wrap\">\n\t\t\t\t\t\t<div class=\"elementor-element elementor-element-d6b0818 elementor-widget elementor-widget-spacer\" data-id=\"d6b0818\" data-element_type=\"widget\" data-widget_type=\"spacer.default\">\n\t\t\t\t<div class=\"elementor-widget-container\">\n\t\t\t\t\t<div class=\"elementor-spacer\">\n\t\t\t<div class=\"elementor-spacer-inner\"><\/div>\n\t\t<\/div>\n\t\t\t\t<\/div>\n\t\t\t\t<\/div>\n\t\t\t\t<div class=\"elementor-element elementor-element-438dd33 elementor-headline--style-highlight elementor-widget elementor-widget-animated-headline\" data-id=\"438dd33\" data-element_type=\"widget\" data-settings=\"{&quot;marker&quot;:&quot;curly&quot;,&quot;highlighted_text&quot;:&quot;\\u00a1Conoce los beneficios de ser empleado colombista!&quot;,&quot;headline_style&quot;:&quot;highlight&quot;,&quot;loop&quot;:&quot;yes&quot;,&quot;highlight_animation_duration&quot;:1200,&quot;highlight_iteration_delay&quot;:8000}\" data-widget_type=\"animated-headline.default\">\n\t\t\t\t<div class=\"elementor-widget-container\">\n\t\t\t\t\t<h3 class=\"elementor-headline\">\n\t\t\t\t<span class=\"elementor-headline-dynamic-wrapper elementor-headline-text-wrapper\">\n\t\t\t\t\t<span class=\"elementor-headline-dynamic-text elementor-headline-text-active\">\u00a1Conoce los beneficios de ser empleado colombista!<\/span>\n\t\t\t\t<\/span>\n\t\t\t\t<\/h3>\n\t\t\t\t<\/div>\n\t\t\t\t<\/div>\n\t\t\t\t<div class=\"elementor-element elementor-element-da13330 elementor-widget elementor-widget-spacer\" data-id=\"da13330\" data-element_type=\"widget\" data-widget_type=\"spacer.default\">\n\t\t\t\t<div class=\"elementor-widget-container\">\n\t\t\t\t\t<div class=\"elementor-spacer\">\n\t\t\t<div class=\"elementor-spacer-inner\"><\/div>\n\t\t<\/div>\n\t\t\t\t<\/div>\n\t\t\t\t<\/div>\n\t\t\t\t\t\t<\/div>\n\t\t\t\t\t<\/div>\n\t\t<\/div>\n\t\t\t\t\t\t\t\t<\/div>\n\t\t\t\t\t<\/div>\n\t\t<\/section>\n\t\t\t\t<section class=\"elementor-section elementor-top-section elementor-element elementor-element-57b3dd4 elementor-section-boxed elementor-section-height-default elementor-section-height-default\" data-id=\"57b3dd4\" data-element_type=\"section\">\n\t\t\t\t\t\t<div class=\"elementor-container elementor-column-gap-default\">\n\t\t\t\t\t\t\t<div class=\"elementor-row\">\n\t\t\t\t\t<div class=\"elementor-column elementor-col-25 elementor-top-column elementor-element elementor-element-ed8c908 elementor-invisible\" data-id=\"ed8c908\" data-element_type=\"column\" data-settings=\"{&quot;animation&quot;:&quot;fadeInDown&quot;}\">\n\t\t\t<div class=\"elementor-column-wrap elementor-element-populated\">\n\t\t\t\t\t\t\t<div class=\"elementor-widget-wrap\">\n\t\t\t\t\t\t<div class=\"elementor-element elementor-element-e67b572 elementor-widget elementor-widget-image\" data-id=\"e67b572\" data-element_type=\"widget\" data-settings=\"{&quot;_animation&quot;:&quot;none&quot;,&quot;motion_fx_motion_fx_mouse&quot;:&quot;yes&quot;,&quot;motion_fx_tilt_effect&quot;:&quot;yes&quot;,&quot;motion_fx_tilt_speed&quot;:{&quot;unit&quot;:&quot;px&quot;,&quot;size&quot;:4,&quot;sizes&quot;:[]}}\" data-widget_type=\"image.default\">\n\t\t\t\t<div class=\"elementor-widget-container\">\n\t\t\t\t\t\t\t\t<div class=\"elementor-image\">\n\t\t\t\t\t\t\t\t\t\t\t\t<img loading=\"lazy\" decoding=\"async\" width=\"276\" height=\"276\" src=\"https:\/\/colomboingles.edu.co\/wps\/wp-content\/uploads\/2023\/09\/Mesa-de-trabajo-5.png\" class=\"elementor-animation-wobble-vertical attachment-large size-large\" alt=\"\" srcset=\"https:\/\/colomboingles.edu.co\/wps\/wp-content\/uploads\/2023\/09\/Mesa-de-trabajo-5.png 276w, https:\/\/colomboingles.edu.co\/wps\/wp-content\/uploads\/2023\/09\/Mesa-de-trabajo-5-150x150.png 150w, https:\/\/colomboingles.edu.co\/wps\/wp-content\/uploads\/2023\/09\/Mesa-de-trabajo-5-100x100.png 100w\" sizes=\"auto, (max-width: 276px) 100vw, 276px\" \/>\t\t\t\t\t\t\t\t\t\t\t\t\t\t<\/div>\n\t\t\t\t\t\t<\/div>\n\t\t\t\t<\/div>\n\t\t\t\t<div class=\"elementor-element elementor-element-665f0f6 elementor-widget elementor-widget-heading\" data-id=\"665f0f6\" data-element_type=\"widget\" data-widget_type=\"heading.default\">\n\t\t\t\t<div class=\"elementor-widget-container\">\n\t\t\t<h2 class=\"elementor-heading-title elementor-size-medium\">Plan de formaci\u00f3n y capacitaci\u00f3n<\/h2>\t\t<\/div>\n\t\t\t\t<\/div>\n\t\t\t\t<div class=\"elementor-element elementor-element-89f0e40 elementor-widget elementor-widget-spacer\" data-id=\"89f0e40\" data-element_type=\"widget\" data-widget_type=\"spacer.default\">\n\t\t\t\t<div class=\"elementor-widget-container\">\n\t\t\t\t\t<div class=\"elementor-spacer\">\n\t\t\t<div class=\"elementor-spacer-inner\"><\/div>\n\t\t<\/div>\n\t\t\t\t<\/div>\n\t\t\t\t<\/div>\n\t\t\t\t<div class=\"elementor-element elementor-element-4cfc775 elementor-widget elementor-widget-text-editor\" data-id=\"4cfc775\" data-element_type=\"widget\" data-widget_type=\"text-editor.default\">\n\t\t\t\t<div class=\"elementor-widget-container\">\n\t\t\t\t\t\t\t\t<div class=\"elementor-text-editor elementor-clearfix\">\n\t\t\t\t<p>Nuestro plan est\u00e1 orientado a complementar y fortalecer el desarrollo integral de nuestros empleados, fomentando actividades que impulsen sus capacidades intelectuales, morales, deportivas y culturales. Estas iniciativas no solo enriquecen su conocimiento y habilidades, sino que tambi\u00e9n refuerzan los valores \u00e9ticos y principios que gu\u00edan nuestro trabajo. Algunas de estas actividades incluyen:<\/p>\t\t\t\t\t<\/div>\n\t\t\t\t\t\t<\/div>\n\t\t\t\t<\/div>\n\t\t\t\t<div class=\"elementor-element elementor-element-eee9ebc elementor-widget elementor-widget-spacer\" data-id=\"eee9ebc\" data-element_type=\"widget\" data-widget_type=\"spacer.default\">\n\t\t\t\t<div class=\"elementor-widget-container\">\n\t\t\t\t\t<div class=\"elementor-spacer\">\n\t\t\t<div class=\"elementor-spacer-inner\"><\/div>\n\t\t<\/div>\n\t\t\t\t<\/div>\n\t\t\t\t<\/div>\n\t\t\t\t<div class=\"elementor-element elementor-element-7d732a1 elementor-widget elementor-widget-text-editor\" data-id=\"7d732a1\" data-element_type=\"widget\" data-widget_type=\"text-editor.default\">\n\t\t\t\t<div class=\"elementor-widget-container\">\n\t\t\t\t\t\t\t\t<div class=\"elementor-text-editor elementor-clearfix\">\n\t\t\t\t<ul><li>Inducci\u00f3n y reinducci\u00f3n.<\/li><li>Capacitaci\u00f3n del SSGT.<\/li><li>Capacitaci\u00f3n de Editoriales<\/li><li>Capacitaciones de competencias en Pruebas Saber.<\/li><li>Congresos, Seminarios para fortalecer el perfil personal y profesional.<\/li><li>Cursos presenciales y virtuales en convenio con otras entidades privadas.<\/li><li>Capacitaci\u00f3n del manejo de las TICs.<\/li><li>Formaci\u00f3n y fortalecimiento del idioma ingl\u00e9s.<\/li><li>Apoyo al crecimiento profesional brindando oportunidades de estudios de postgrados.<\/li><\/ul>\t\t\t\t\t<\/div>\n\t\t\t\t\t\t<\/div>\n\t\t\t\t<\/div>\n\t\t\t\t\t\t<\/div>\n\t\t\t\t\t<\/div>\n\t\t<\/div>\n\t\t\t\t<div class=\"elementor-column elementor-col-25 elementor-top-column elementor-element elementor-element-716db79 elementor-invisible\" data-id=\"716db79\" data-element_type=\"column\" data-settings=\"{&quot;animation&quot;:&quot;fadeInUp&quot;}\">\n\t\t\t<div class=\"elementor-column-wrap elementor-element-populated\">\n\t\t\t\t\t\t\t<div class=\"elementor-widget-wrap\">\n\t\t\t\t\t\t<div class=\"elementor-element elementor-element-97ab3eb elementor-widget elementor-widget-image\" data-id=\"97ab3eb\" data-element_type=\"widget\" data-settings=\"{&quot;_animation&quot;:&quot;none&quot;,&quot;motion_fx_motion_fx_mouse&quot;:&quot;yes&quot;,&quot;motion_fx_tilt_effect&quot;:&quot;yes&quot;,&quot;motion_fx_tilt_speed&quot;:{&quot;unit&quot;:&quot;px&quot;,&quot;size&quot;:4,&quot;sizes&quot;:[]}}\" data-widget_type=\"image.default\">\n\t\t\t\t<div class=\"elementor-widget-container\">\n\t\t\t\t\t\t\t\t<div class=\"elementor-image\">\n\t\t\t\t\t\t\t\t\t\t\t\t<img loading=\"lazy\" decoding=\"async\" width=\"276\" height=\"276\" src=\"https:\/\/colomboingles.edu.co\/wps\/wp-content\/uploads\/2023\/09\/Mesa-de-trabajo-5-copia.png\" class=\"elementor-animation-wobble-vertical attachment-large size-large\" alt=\"\" srcset=\"https:\/\/colomboingles.edu.co\/wps\/wp-content\/uploads\/2023\/09\/Mesa-de-trabajo-5-copia.png 276w, https:\/\/colomboingles.edu.co\/wps\/wp-content\/uploads\/2023\/09\/Mesa-de-trabajo-5-copia-150x150.png 150w, https:\/\/colomboingles.edu.co\/wps\/wp-content\/uploads\/2023\/09\/Mesa-de-trabajo-5-copia-100x100.png 100w\" sizes=\"auto, (max-width: 276px) 100vw, 276px\" \/>\t\t\t\t\t\t\t\t\t\t\t\t\t\t<\/div>\n\t\t\t\t\t\t<\/div>\n\t\t\t\t<\/div>\n\t\t\t\t<div class=\"elementor-element elementor-element-e956408 elementor-widget elementor-widget-heading\" data-id=\"e956408\" data-element_type=\"widget\" data-widget_type=\"heading.default\">\n\t\t\t\t<div class=\"elementor-widget-container\">\n\t\t\t<h2 class=\"elementor-heading-title elementor-size-medium\">Plan de Bienestar Social Laboral<\/h2>\t\t<\/div>\n\t\t\t\t<\/div>\n\t\t\t\t<div class=\"elementor-element elementor-element-f442681 elementor-widget elementor-widget-text-editor\" data-id=\"f442681\" data-element_type=\"widget\" data-widget_type=\"text-editor.default\">\n\t\t\t\t<div class=\"elementor-widget-container\">\n\t\t\t\t\t\t\t\t<div class=\"elementor-text-editor elementor-clearfix\">\n\t\t\t\t<p>Incluye programas destinados a crear, mantener y mejorar las condiciones que favorezcan el desarrollo integral del empleado y su familia. Estas iniciativas buscan elevar su calidad de vida, aumentar la satisfacci\u00f3n laboral, y fortalecer la identificaci\u00f3n del personal con la instituci\u00f3n. El comit\u00e9 social organiza diversas actividades para el bienestar de nuestro equipo, tales como:<\/p>\t\t\t\t\t<\/div>\n\t\t\t\t\t\t<\/div>\n\t\t\t\t<\/div>\n\t\t\t\t<div class=\"elementor-element elementor-element-de2649f elementor-widget elementor-widget-text-editor\" data-id=\"de2649f\" data-element_type=\"widget\" data-settings=\"{&quot;_animation&quot;:&quot;none&quot;}\" data-widget_type=\"text-editor.default\">\n\t\t\t\t<div class=\"elementor-widget-container\">\n\t\t\t\t\t\t\t\t<div class=\"elementor-text-editor elementor-clearfix\">\n\t\t\t\t<ul>\n<li>D\u00eda de la mujer (Marzo).<\/li>\n<li>D\u00eda del Hombre (Marzo).<\/li>\n<li>Celebraci\u00f3n mensual de los cumplea\u00f1os.<\/li>\n<li>Celebraci\u00f3n de cumplea\u00f1os de la Presidente fundadora (junio).<\/li>\n<li>Celebraci\u00f3n del d\u00eda de la secretaria (abril).<\/li>\n<li>Celebraci\u00f3n del d\u00eda de del trabajador (Abril).<\/li>\n<li>Celebraci\u00f3n del d\u00eda del maestro (mayo).<\/li>\n<li>Integraci\u00f3n de mitad fin de a\u00f1o.<\/li>\n<\/ul>\t\t\t\t\t<\/div>\n\t\t\t\t\t\t<\/div>\n\t\t\t\t<\/div>\n\t\t\t\t\t\t<\/div>\n\t\t\t\t\t<\/div>\n\t\t<\/div>\n\t\t\t\t<div class=\"elementor-column elementor-col-25 elementor-top-column elementor-element elementor-element-2e4e9aa elementor-invisible\" data-id=\"2e4e9aa\" data-element_type=\"column\" data-settings=\"{&quot;animation&quot;:&quot;fadeInDown&quot;}\">\n\t\t\t<div class=\"elementor-column-wrap elementor-element-populated\">\n\t\t\t\t\t\t\t<div class=\"elementor-widget-wrap\">\n\t\t\t\t\t\t<div class=\"elementor-element elementor-element-4bd98f3 elementor-widget elementor-widget-image\" data-id=\"4bd98f3\" data-element_type=\"widget\" data-settings=\"{&quot;_animation&quot;:&quot;none&quot;,&quot;motion_fx_motion_fx_mouse&quot;:&quot;yes&quot;,&quot;motion_fx_tilt_effect&quot;:&quot;yes&quot;,&quot;motion_fx_tilt_speed&quot;:{&quot;unit&quot;:&quot;px&quot;,&quot;size&quot;:4,&quot;sizes&quot;:[]}}\" data-widget_type=\"image.default\">\n\t\t\t\t<div class=\"elementor-widget-container\">\n\t\t\t\t\t\t\t\t<div class=\"elementor-image\">\n\t\t\t\t\t\t\t\t\t\t\t\t<img loading=\"lazy\" decoding=\"async\" width=\"276\" height=\"276\" src=\"https:\/\/colomboingles.edu.co\/wps\/wp-content\/uploads\/2023\/09\/Mesa-de-trabajo-5-copia-3-2.png\" class=\"elementor-animation-wobble-vertical attachment-large size-large\" alt=\"\" srcset=\"https:\/\/colomboingles.edu.co\/wps\/wp-content\/uploads\/2023\/09\/Mesa-de-trabajo-5-copia-3-2.png 276w, https:\/\/colomboingles.edu.co\/wps\/wp-content\/uploads\/2023\/09\/Mesa-de-trabajo-5-copia-3-2-150x150.png 150w, https:\/\/colomboingles.edu.co\/wps\/wp-content\/uploads\/2023\/09\/Mesa-de-trabajo-5-copia-3-2-100x100.png 100w\" sizes=\"auto, (max-width: 276px) 100vw, 276px\" \/>\t\t\t\t\t\t\t\t\t\t\t\t\t\t<\/div>\n\t\t\t\t\t\t<\/div>\n\t\t\t\t<\/div>\n\t\t\t\t<div class=\"elementor-element elementor-element-6c2b6d9 elementor-widget elementor-widget-heading\" data-id=\"6c2b6d9\" data-element_type=\"widget\" data-widget_type=\"heading.default\">\n\t\t\t\t<div class=\"elementor-widget-container\">\n\t\t\t<h2 class=\"elementor-heading-title elementor-size-medium\">Finalidades Del Plan de Est\u00edmulos e Incentivos<\/h2>\t\t<\/div>\n\t\t\t\t<\/div>\n\t\t\t\t<div class=\"elementor-element elementor-element-ad1d38e elementor-widget elementor-widget-text-editor\" data-id=\"ad1d38e\" data-element_type=\"widget\" data-widget_type=\"text-editor.default\">\n\t\t\t\t<div class=\"elementor-widget-container\">\n\t\t\t\t\t\t\t\t<div class=\"elementor-text-editor elementor-clearfix\">\n\t\t\t\t<p>El Plan tiene como objetivos principales motivar y reconocer el desempe\u00f1o sobresaliente de los empleados, fomentar la productividad, fortalecer el compromiso con la organizaci\u00f3n y mejorar la retenci\u00f3n del talento. Entre sus prop\u00f3sitos espec\u00edficos se destacan:<\/p>\t\t\t\t\t<\/div>\n\t\t\t\t\t\t<\/div>\n\t\t\t\t<\/div>\n\t\t\t\t<div class=\"elementor-element elementor-element-6f127f6 elementor-widget elementor-widget-text-editor\" data-id=\"6f127f6\" data-element_type=\"widget\" data-settings=\"{&quot;_animation&quot;:&quot;none&quot;}\" data-widget_type=\"text-editor.default\">\n\t\t\t\t<div class=\"elementor-widget-container\">\n\t\t\t\t\t\t\t\t<div class=\"elementor-text-editor elementor-clearfix\">\n\t\t\t\t<ul><li><strong>1.<\/strong> <strong>Garantizar la gesti\u00f3n integral<\/strong> de los procesos institucionales y de administraci\u00f3n del talento humano, enfoc\u00e1ndolos en el bienestar social y en el desempe\u00f1o eficiente y eficaz de los empleados.<\/li><li><strong>2. Proporcionar herramientas y orientaciones<\/strong> que promuevan una vida laboral equilibrada, favoreciendo tanto el desarrollo humano como el desempe\u00f1o productivo de los empleados.<\/li><li><strong>3. Estructurar un programa flexible de incentivos<\/strong>, dise\u00f1ado para recompensar y motivar el desempe\u00f1o efectivo, reconociendo a los empleados por sus logros y compromiso.<\/li><\/ul>\t\t\t\t\t<\/div>\n\t\t\t\t\t\t<\/div>\n\t\t\t\t<\/div>\n\t\t\t\t\t\t<\/div>\n\t\t\t\t\t<\/div>\n\t\t<\/div>\n\t\t\t\t<div class=\"elementor-column elementor-col-25 elementor-top-column elementor-element elementor-element-0c90792 elementor-invisible\" data-id=\"0c90792\" data-element_type=\"column\" data-settings=\"{&quot;animation&quot;:&quot;fadeInUp&quot;}\">\n\t\t\t<div class=\"elementor-column-wrap elementor-element-populated\">\n\t\t\t\t\t\t\t<div class=\"elementor-widget-wrap\">\n\t\t\t\t\t\t<div class=\"elementor-element elementor-element-e24bcbd elementor-widget elementor-widget-image\" data-id=\"e24bcbd\" data-element_type=\"widget\" data-settings=\"{&quot;_animation&quot;:&quot;none&quot;,&quot;motion_fx_motion_fx_mouse&quot;:&quot;yes&quot;,&quot;motion_fx_tilt_effect&quot;:&quot;yes&quot;,&quot;motion_fx_tilt_speed&quot;:{&quot;unit&quot;:&quot;px&quot;,&quot;size&quot;:4,&quot;sizes&quot;:[]}}\" data-widget_type=\"image.default\">\n\t\t\t\t<div class=\"elementor-widget-container\">\n\t\t\t\t\t\t\t\t<div class=\"elementor-image\">\n\t\t\t\t\t\t\t\t\t\t\t\t<img loading=\"lazy\" decoding=\"async\" width=\"276\" height=\"276\" src=\"https:\/\/colomboingles.edu.co\/wps\/wp-content\/uploads\/2023\/09\/Mesa-de-trabajo-5-copia-2-2.png\" class=\"elementor-animation-wobble-vertical attachment-large size-large\" alt=\"\" srcset=\"https:\/\/colomboingles.edu.co\/wps\/wp-content\/uploads\/2023\/09\/Mesa-de-trabajo-5-copia-2-2.png 276w, https:\/\/colomboingles.edu.co\/wps\/wp-content\/uploads\/2023\/09\/Mesa-de-trabajo-5-copia-2-2-150x150.png 150w, https:\/\/colomboingles.edu.co\/wps\/wp-content\/uploads\/2023\/09\/Mesa-de-trabajo-5-copia-2-2-100x100.png 100w\" sizes=\"auto, (max-width: 276px) 100vw, 276px\" \/>\t\t\t\t\t\t\t\t\t\t\t\t\t\t<\/div>\n\t\t\t\t\t\t<\/div>\n\t\t\t\t<\/div>\n\t\t\t\t<div class=\"elementor-element elementor-element-26041d3 elementor-widget elementor-widget-heading\" data-id=\"26041d3\" data-element_type=\"widget\" data-widget_type=\"heading.default\">\n\t\t\t\t<div class=\"elementor-widget-container\">\n\t\t\t<h2 class=\"elementor-heading-title elementor-size-medium\">Plan de Incentivos<\/h2>\t\t<\/div>\n\t\t\t\t<\/div>\n\t\t\t\t<div class=\"elementor-element elementor-element-cd1e07d elementor-widget elementor-widget-text-editor\" data-id=\"cd1e07d\" data-element_type=\"widget\" data-widget_type=\"text-editor.default\">\n\t\t\t\t<div class=\"elementor-widget-container\">\n\t\t\t\t\t\t\t\t<div class=\"elementor-text-editor elementor-clearfix\">\n\t\t\t\t<p>Destinado a crear condiciones de trabajo favorables y a reconocer el desempe\u00f1o excepcional, destacando el esfuerzo, la dedicaci\u00f3n y el sentido de pertenencia de los empleados. Entre estos incentivos se incluyen:<\/p>\t\t\t\t\t<\/div>\n\t\t\t\t\t\t<\/div>\n\t\t\t\t<\/div>\n\t\t\t\t<div class=\"elementor-element elementor-element-4116ca7 elementor-widget elementor-widget-text-editor\" data-id=\"4116ca7\" data-element_type=\"widget\" data-settings=\"{&quot;_animation&quot;:&quot;none&quot;}\" data-widget_type=\"text-editor.default\">\n\t\t\t\t<div class=\"elementor-widget-container\">\n\t\t\t\t\t\t\t\t<div class=\"elementor-text-editor elementor-clearfix\">\n\t\t\t\t<ul><li><p><b>Monetario<\/b>: Los docentes del centro de investigaci\u00f3n reciben un reconocimiento monetario al finalizar el a\u00f1o escolar.<\/p><\/li><li><p><b>Viajes nacionales e internacionales<\/b>: Algunos docentes pueden viajar con estudiantes del semillero si tienen aval.<\/p><\/li><li><p><b>Descuentos<\/b>: Los empleados con hijos en la instituci\u00f3n obtienen un descuento del 50% en pensiones y cursos de ingl\u00e9s.<\/p><\/li><li><p><b>Apoyo financiero matr\u00edcula<\/b>: Empleados pueden financiar la matr\u00edcula de sus hijos en el colegio durante el a\u00f1o escolar, hasta 5 meses.<\/p><\/li><\/ul>\t\t\t\t\t<\/div>\n\t\t\t\t\t\t<\/div>\n\t\t\t\t<\/div>\n\t\t\t\t\t\t<\/div>\n\t\t\t\t\t<\/div>\n\t\t<\/div>\n\t\t\t\t\t\t\t\t<\/div>\n\t\t\t\t\t<\/div>\n\t\t<\/section>\n\t\t\t\t<section class=\"elementor-section elementor-top-section elementor-element elementor-element-72316b1 elementor-section-boxed elementor-section-height-default elementor-section-height-default\" data-id=\"72316b1\" data-element_type=\"section\">\n\t\t\t\t\t\t<div class=\"elementor-container elementor-column-gap-default\">\n\t\t\t\t\t\t\t<div class=\"elementor-row\">\n\t\t\t\t\t<div class=\"elementor-column elementor-col-100 elementor-top-column elementor-element elementor-element-c2a24cd\" data-id=\"c2a24cd\" data-element_type=\"column\">\n\t\t\t<div class=\"elementor-column-wrap elementor-element-populated\">\n\t\t\t\t\t\t\t<div class=\"elementor-widget-wrap\">\n\t\t\t\t\t\t<div class=\"elementor-element elementor-element-1cda795 elementor-widget elementor-widget-spacer\" data-id=\"1cda795\" data-element_type=\"widget\" data-widget_type=\"spacer.default\">\n\t\t\t\t<div class=\"elementor-widget-container\">\n\t\t\t\t\t<div class=\"elementor-spacer\">\n\t\t\t<div class=\"elementor-spacer-inner\"><\/div>\n\t\t<\/div>\n\t\t\t\t<\/div>\n\t\t\t\t<\/div>\n\t\t\t\t\t\t<\/div>\n\t\t\t\t\t<\/div>\n\t\t<\/div>\n\t\t\t\t\t\t\t\t<\/div>\n\t\t\t\t\t<\/div>\n\t\t<\/section>\n\t\t\t\t<section class=\"elementor-section elementor-top-section elementor-element elementor-element-907e8a9 elementor-section-boxed elementor-section-height-default elementor-section-height-default\" data-id=\"907e8a9\" data-element_type=\"section\">\n\t\t\t\t\t\t<div class=\"elementor-container elementor-column-gap-default\">\n\t\t\t\t\t\t\t<div class=\"elementor-row\">\n\t\t\t\t\t<div class=\"elementor-column elementor-col-100 elementor-top-column elementor-element elementor-element-81fd9f5\" data-id=\"81fd9f5\" data-element_type=\"column\">\n\t\t\t<div class=\"elementor-column-wrap elementor-element-populated\">\n\t\t\t\t\t\t\t<div class=\"elementor-widget-wrap\">\n\t\t\t\t\t\t<div class=\"elementor-element elementor-element-3869585 elementor-widget elementor-widget-spacer\" data-id=\"3869585\" data-element_type=\"widget\" data-widget_type=\"spacer.default\">\n\t\t\t\t<div class=\"elementor-widget-container\">\n\t\t\t\t\t<div class=\"elementor-spacer\">\n\t\t\t<div class=\"elementor-spacer-inner\"><\/div>\n\t\t<\/div>\n\t\t\t\t<\/div>\n\t\t\t\t<\/div>\n\t\t\t\t\t\t<\/div>\n\t\t\t\t\t<\/div>\n\t\t<\/div>\n\t\t\t\t\t\t\t\t<\/div>\n\t\t\t\t\t<\/div>\n\t\t<\/section>\n\t\t\t\t\t\t<\/div>\n\t\t\t\t\t\t<\/div>\n\t\t\t\t\t<\/div>\n\t\t","protected":false},"excerpt":{"rendered":"<p>\u00a1Conoce los beneficios de ser empleado colombista! Plan de formaci\u00f3n y capacitaci\u00f3n Nuestro plan est\u00e1 orientado a complementar y fortalecer el desarrollo integral de nuestros empleados, fomentando actividades que impulsen sus capacidades intelectuales, morales, deportivas y culturales. Estas iniciativas no solo enriquecen su conocimiento y habilidades, sino que tambi\u00e9n refuerzan los valores \u00e9ticos y principios&#8230;<\/p>\n","protected":false},"author":1,"featured_media":0,"parent":0,"menu_order":0,"comment_status":"closed","ping_status":"closed","template":"","meta":{"_kad_post_transparent":"","_kad_post_title":"","_kad_post_layout":"","_kad_post_sidebar_id":"","_kad_post_content_style":"","_kad_post_vertical_padding":"","_kad_post_feature":"","_kad_post_feature_position":"","_kad_post_header":false,"_kad_post_footer":false,"footnotes":""},"class_list":["post-2542","page","type-page","status-publish","hentry"],"nelio_popups_active_popup":"","_links":{"self":[{"href":"https:\/\/colomboingles.edu.co\/wps\/wp-json\/wp\/v2\/pages\/2542","targetHints":{"allow":["GET"]}}],"collection":[{"href":"https:\/\/colomboingles.edu.co\/wps\/wp-json\/wp\/v2\/pages"}],"about":[{"href":"https:\/\/colomboingles.edu.co\/wps\/wp-json\/wp\/v2\/types\/page"}],"author":[{"embeddable":true,"href":"https:\/\/colomboingles.edu.co\/wps\/wp-json\/wp\/v2\/users\/1"}],"replies":[{"embeddable":true,"href":"https:\/\/colomboingles.edu.co\/wps\/wp-json\/wp\/v2\/comments?post=2542"}],"version-history":[{"count":187,"href":"https:\/\/colomboingles.edu.co\/wps\/wp-json\/wp\/v2\/pages\/2542\/revisions"}],"predecessor-version":[{"id":4960,"href":"https:\/\/colomboingles.edu.co\/wps\/wp-json\/wp\/v2\/pages\/2542\/revisions\/4960"}],"wp:attachment":[{"href":"https:\/\/colomboingles.edu.co\/wps\/wp-json\/wp\/v2\/media?parent=2542"}],"curies":[{"name":"wp","href":"https:\/\/api.w.org\/{rel}","templated":true}]}}