{"id":1474,"date":"2022-01-07T12:37:25","date_gmt":"2022-01-07T12:37:25","guid":{"rendered":"https:\/\/colomboingles.edu.co\/wps\/?page_id=1474"},"modified":"2025-08-20T16:09:54","modified_gmt":"2025-08-20T16:09:54","slug":"soporte-phidias","status":"publish","type":"page","link":"https:\/\/colomboingles.edu.co\/wps\/soporte-phidias\/","title":{"rendered":"Soporte Phidias"},"content":{"rendered":"\t\t<div data-elementor-type=\"wp-page\" data-elementor-id=\"1474\" class=\"elementor elementor-1474\" data-elementor-settings=\"[]\">\n\t\t\t\t\t\t<div class=\"elementor-inner\">\n\t\t\t\t\t\t\t<div class=\"elementor-section-wrap\">\n\t\t\t\t\t\t\t<section class=\"elementor-section elementor-top-section elementor-element elementor-element-899a866 elementor-section-boxed elementor-section-height-default elementor-section-height-default\" data-id=\"899a866\" data-element_type=\"section\">\n\t\t\t\t\t\t<div class=\"elementor-container elementor-column-gap-default\">\n\t\t\t\t\t\t\t<div class=\"elementor-row\">\n\t\t\t\t\t<div class=\"elementor-column elementor-col-100 elementor-top-column elementor-element elementor-element-91908f4\" data-id=\"91908f4\" data-element_type=\"column\">\n\t\t\t<div class=\"elementor-column-wrap elementor-element-populated\">\n\t\t\t\t\t\t\t<div class=\"elementor-widget-wrap\">\n\t\t\t\t\t\t<div class=\"elementor-element elementor-element-4683676 elementor-widget elementor-widget-spacer\" data-id=\"4683676\" data-element_type=\"widget\" data-widget_type=\"spacer.default\">\n\t\t\t\t<div class=\"elementor-widget-container\">\n\t\t\t\t\t<div class=\"elementor-spacer\">\n\t\t\t<div class=\"elementor-spacer-inner\"><\/div>\n\t\t<\/div>\n\t\t\t\t<\/div>\n\t\t\t\t<\/div>\n\t\t\t\t<div class=\"elementor-element elementor-element-3c4f424 elementor-widget elementor-widget-heading\" data-id=\"3c4f424\" data-element_type=\"widget\" data-widget_type=\"heading.default\">\n\t\t\t\t<div class=\"elementor-widget-container\">\n\t\t\t<h1 class=\"elementor-heading-title elementor-size-default\">Atenci\u00f3n al Usuario - Phidias<\/h1>\t\t<\/div>\n\t\t\t\t<\/div>\n\t\t\t\t<div class=\"elementor-element elementor-element-9f14ab4 elementor-widget elementor-widget-text-editor\" data-id=\"9f14ab4\" data-element_type=\"widget\" data-widget_type=\"text-editor.default\">\n\t\t\t\t<div class=\"elementor-widget-container\">\n\t\t\t\t\t\t\t\t<div class=\"elementor-text-editor elementor-clearfix\">\n\t\t\t\t<p style=\"text-align: center;\"><span style=\"color: #024027; text-align: justify;\">\u00a1Hola! bienvenido(a) a la p\u00e1gina de atenci\u00f3n al usuario de la plataforma Phidias del Colegio Colombo Ingl\u00e9s Valledupar.<\/span><\/p>\t\t\t\t\t<\/div>\n\t\t\t\t\t\t<\/div>\n\t\t\t\t<\/div>\n\t\t\t\t\t\t<\/div>\n\t\t\t\t\t<\/div>\n\t\t<\/div>\n\t\t\t\t\t\t\t\t<\/div>\n\t\t\t\t\t<\/div>\n\t\t<\/section>\n\t\t\t\t<section class=\"elementor-section elementor-top-section elementor-element elementor-element-d347a72 elementor-section-boxed elementor-section-height-default elementor-section-height-default\" data-id=\"d347a72\" data-element_type=\"section\">\n\t\t\t\t\t\t<div class=\"elementor-container elementor-column-gap-default\">\n\t\t\t\t\t\t\t<div class=\"elementor-row\">\n\t\t\t\t\t<div class=\"elementor-column elementor-col-50 elementor-top-column elementor-element elementor-element-86ca095\" data-id=\"86ca095\" data-element_type=\"column\">\n\t\t\t<div class=\"elementor-column-wrap elementor-element-populated\">\n\t\t\t\t\t\t\t<div class=\"elementor-widget-wrap\">\n\t\t\t\t\t\t<div class=\"elementor-element elementor-element-df8376a elementor-widget elementor-widget-image\" data-id=\"df8376a\" data-element_type=\"widget\" data-widget_type=\"image.default\">\n\t\t\t\t<div class=\"elementor-widget-container\">\n\t\t\t\t\t\t\t\t<div class=\"elementor-image\">\n\t\t\t\t\t\t\t\t\t\t\t\t<img decoding=\"async\" src=\"https:\/\/colomboingles.edu.co\/wps\/wp-content\/uploads\/elementor\/thumbs\/Foto-qp9ojsj0ofj979m1plv5dhajzbwgepmqekjorthz84.jpg\" title=\"Foto\" alt=\"Foto\" \/>\t\t\t\t\t\t\t\t\t\t\t\t\t\t<\/div>\n\t\t\t\t\t\t<\/div>\n\t\t\t\t<\/div>\n\t\t\t\t<div class=\"elementor-element elementor-element-1a4035f elementor-widget elementor-widget-text-editor\" data-id=\"1a4035f\" data-element_type=\"widget\" data-widget_type=\"text-editor.default\">\n\t\t\t\t<div class=\"elementor-widget-container\">\n\t\t\t\t\t\t\t\t<div class=\"elementor-text-editor elementor-clearfix\">\n\t\t\t\t<h3 style=\"text-align: center;\"><span style=\"color: #024027;\">Wilson Reales &#8211; Jefe de Tecnolog\u00edas<\/span><\/h3>\t\t\t\t\t<\/div>\n\t\t\t\t\t\t<\/div>\n\t\t\t\t<\/div>\n\t\t\t\t<div class=\"elementor-element elementor-element-8564edf elementor-widget elementor-widget-text-editor\" data-id=\"8564edf\" data-element_type=\"widget\" data-widget_type=\"text-editor.default\">\n\t\t\t\t<div class=\"elementor-widget-container\">\n\t\t\t\t\t\t\t\t<div class=\"elementor-text-editor elementor-clearfix\">\n\t\t\t\t<p style=\"text-align: center;\"><span style=\"color: #2cb053;\">Ingeniero de Sistemas<\/span><\/p>\t\t\t\t\t<\/div>\n\t\t\t\t\t\t<\/div>\n\t\t\t\t<\/div>\n\t\t\t\t\t\t<\/div>\n\t\t\t\t\t<\/div>\n\t\t<\/div>\n\t\t\t\t<div class=\"elementor-column elementor-col-50 elementor-top-column elementor-element elementor-element-9159247\" data-id=\"9159247\" data-element_type=\"column\">\n\t\t\t<div class=\"elementor-column-wrap elementor-element-populated\">\n\t\t\t\t\t\t\t<div class=\"elementor-widget-wrap\">\n\t\t\t\t\t\t<div class=\"elementor-element elementor-element-803770a elementor-widget elementor-widget-text-editor\" data-id=\"803770a\" data-element_type=\"widget\" data-widget_type=\"text-editor.default\">\n\t\t\t\t<div class=\"elementor-widget-container\">\n\t\t\t\t\t\t\t\t<div class=\"elementor-text-editor elementor-clearfix\">\n\t\t\t\t<h5><span style=\"color: #024027;\">\u00bfNo sabes cu\u00e1l es tu usuario y contrase\u00f1a de Phidias?<\/span><\/h5>\t\t\t\t\t<\/div>\n\t\t\t\t\t\t<\/div>\n\t\t\t\t<\/div>\n\t\t\t\t<div class=\"elementor-element elementor-element-f7ecec7 elementor-widget elementor-widget-text-editor\" data-id=\"f7ecec7\" data-element_type=\"widget\" data-widget_type=\"text-editor.default\">\n\t\t\t\t<div class=\"elementor-widget-container\">\n\t\t\t\t\t\t\t\t<div class=\"elementor-text-editor elementor-clearfix\">\n\t\t\t\t<p style=\"text-align: left;\"><span style=\"color: #024027; text-align: justify; background-color: transparent; font-family: var(--global-body-font-family);\">Para nosotros es muy importante que puedas tener acceso a la plataforma e interactuar en ella sin problemas, ya que es el medio oficial de comunicaciones de la instituci\u00f3n. <\/span><span style=\"color: #024027; text-align: justify; background-color: transparent; font-family: var(--global-body-font-family);\">Si necesitas el\u00a0<strong>usuario<\/strong>\u00a0y\u00a0<strong>contrase\u00f1a<\/strong> para ingresar, solo debes llenar el siguiente formulario y con gusto te estaremos enviando al correo toda la informaci\u00f3n necesaria.<\/span><\/p>\t\t\t\t\t<\/div>\n\t\t\t\t\t\t<\/div>\n\t\t\t\t<\/div>\n\t\t\t\t<div class=\"elementor-element elementor-element-1628238 elementor-widget__width-initial elementor-button-align-stretch elementor-widget elementor-widget-form\" data-id=\"1628238\" data-element_type=\"widget\" data-settings=\"{&quot;step_next_label&quot;:&quot;Next&quot;,&quot;step_previous_label&quot;:&quot;Previous&quot;,&quot;button_width&quot;:&quot;100&quot;,&quot;step_type&quot;:&quot;number_text&quot;,&quot;step_icon_shape&quot;:&quot;circle&quot;}\" data-widget_type=\"form.default\">\n\t\t\t\t<div class=\"elementor-widget-container\">\n\t\t\t\t\t<form class=\"elementor-form\" method=\"post\" name=\"Cambio de Contrase\u00f1a Phidias\">\n\t\t\t<input type=\"hidden\" name=\"post_id\" value=\"1474\"\/>\n\t\t\t<input type=\"hidden\" name=\"form_id\" value=\"1628238\"\/>\n\t\t\t<input type=\"hidden\" name=\"referer_title\" value=\"\" \/>\n\n\t\t\t\n\t\t\t<div class=\"elementor-form-fields-wrapper elementor-labels-\">\n\t\t\t\t\t\t\t\t<div class=\"elementor-field-type-text elementor-field-group elementor-column elementor-field-group-name elementor-col-100\">\n\t\t\t\t\t<label for=\"form-field-name\" class=\"elementor-field-label elementor-screen-only\">Nombres<\/label><input size=\"1\" type=\"text\" name=\"form_fields[name]\" id=\"form-field-name\" class=\"elementor-field elementor-size-sm  elementor-field-textual\" placeholder=\"Nombres\">\t\t\t\t<\/div>\n\t\t\t\t\t\t\t\t<div class=\"elementor-field-type-text elementor-field-group elementor-column elementor-field-group-field_3addd8c elementor-col-100\">\n\t\t\t\t\t<label for=\"form-field-field_3addd8c\" class=\"elementor-field-label elementor-screen-only\">Apellidos<\/label><input size=\"1\" type=\"text\" name=\"form_fields[field_3addd8c]\" id=\"form-field-field_3addd8c\" class=\"elementor-field elementor-size-sm  elementor-field-textual\" placeholder=\"Apellidos\">\t\t\t\t<\/div>\n\t\t\t\t\t\t\t\t<div class=\"elementor-field-type-email elementor-field-group elementor-column elementor-field-group-email elementor-col-100 elementor-field-required\">\n\t\t\t\t\t<label for=\"form-field-email\" class=\"elementor-field-label elementor-screen-only\">Email<\/label><input size=\"1\" type=\"email\" name=\"form_fields[email]\" id=\"form-field-email\" class=\"elementor-field elementor-size-sm  elementor-field-textual\" placeholder=\"Email\" required=\"required\" aria-required=\"true\">\t\t\t\t<\/div>\n\t\t\t\t\t\t\t\t<div class=\"elementor-field-type-text elementor-field-group elementor-column elementor-field-group-field_5dd32d7 elementor-col-100\">\n\t\t\t\t\t<label for=\"form-field-field_5dd32d7\" class=\"elementor-field-label elementor-screen-only\">Nueva Contrase\u00f1a<\/label><input size=\"1\" type=\"text\" name=\"form_fields[field_5dd32d7]\" id=\"form-field-field_5dd32d7\" class=\"elementor-field elementor-size-sm  elementor-field-textual\" placeholder=\"Nueva Contrase\u00f1a\">\t\t\t\t<\/div>\n\t\t\t\t\t\t\t\t<div class=\"elementor-field-type-text elementor-field-group elementor-column elementor-field-group-field_97713b0 elementor-col-100\">\n\t\t\t\t\t<label for=\"form-field-field_97713b0\" class=\"elementor-field-label elementor-screen-only\">Confirmar Nueva Contrase\u00f1a<\/label><input size=\"1\" type=\"text\" name=\"form_fields[field_97713b0]\" id=\"form-field-field_97713b0\" class=\"elementor-field elementor-size-sm  elementor-field-textual\" placeholder=\"Confirmar Nueva Contrase\u00f1a\">\t\t\t\t<\/div>\n\t\t\t\t\t\t\t\t<div class=\"elementor-field-type-textarea elementor-field-group elementor-column elementor-field-group-message elementor-col-100\">\n\t\t\t\t\t<label for=\"form-field-message\" class=\"elementor-field-label elementor-screen-only\">Mensaje<\/label><textarea class=\"elementor-field-textual elementor-field  elementor-size-sm\" name=\"form_fields[message]\" id=\"form-field-message\" rows=\"4\" placeholder=\"Mensaje\"><\/textarea>\t\t\t\t<\/div>\n\t\t\t\t\t\t\t\t<div class=\"elementor-field-group elementor-column elementor-field-type-submit elementor-col-100 e-form__buttons\">\n\t\t\t\t\t<button type=\"submit\" class=\"elementor-button elementor-size-sm\">\n\t\t\t\t\t\t<span >\n\t\t\t\t\t\t\t\t\t\t\t\t\t\t\t<span class=\" elementor-button-icon\">\n\t\t\t\t\t\t\t\t\t\t\t\t\t\t\t\t\t\t\t\t\t\t\t\t\t\t<\/span>\n\t\t\t\t\t\t\t\t\t\t\t\t\t\t\t\t\t\t\t\t\t\t<span class=\"elementor-button-text\">Send<\/span>\n\t\t\t\t\t\t\t\t\t\t\t\t\t<\/span>\n\t\t\t\t\t<\/button>\n\t\t\t\t<\/div>\n\t\t\t<\/div>\n\t\t<\/form>\n\t\t\t\t<\/div>\n\t\t\t\t<\/div>\n\t\t\t\t\t\t<\/div>\n\t\t\t\t\t<\/div>\n\t\t<\/div>\n\t\t\t\t\t\t\t\t<\/div>\n\t\t\t\t\t<\/div>\n\t\t<\/section>\n\t\t\t\t<section class=\"elementor-section elementor-top-section elementor-element elementor-element-398320d elementor-section-boxed elementor-section-height-default elementor-section-height-default\" data-id=\"398320d\" data-element_type=\"section\">\n\t\t\t\t\t\t<div class=\"elementor-container elementor-column-gap-default\">\n\t\t\t\t\t\t\t<div class=\"elementor-row\">\n\t\t\t\t\t<div class=\"elementor-column elementor-col-100 elementor-top-column elementor-element elementor-element-b6cf88f\" data-id=\"b6cf88f\" data-element_type=\"column\">\n\t\t\t<div class=\"elementor-column-wrap elementor-element-populated\">\n\t\t\t\t\t\t\t<div class=\"elementor-widget-wrap\">\n\t\t\t\t\t\t<div class=\"elementor-element elementor-element-04c4651 elementor-widget elementor-widget-spacer\" data-id=\"04c4651\" data-element_type=\"widget\" data-widget_type=\"spacer.default\">\n\t\t\t\t<div class=\"elementor-widget-container\">\n\t\t\t\t\t<div class=\"elementor-spacer\">\n\t\t\t<div class=\"elementor-spacer-inner\"><\/div>\n\t\t<\/div>\n\t\t\t\t<\/div>\n\t\t\t\t<\/div>\n\t\t\t\t\t\t<\/div>\n\t\t\t\t\t<\/div>\n\t\t<\/div>\n\t\t\t\t\t\t\t\t<\/div>\n\t\t\t\t\t<\/div>\n\t\t<\/section>\n\t\t\t\t\t\t<\/div>\n\t\t\t\t\t\t<\/div>\n\t\t\t\t\t<\/div>\n\t\t","protected":false},"excerpt":{"rendered":"<p>Atenci\u00f3n al Usuario &#8211; Phidias \u00a1Hola! bienvenido(a) a la p\u00e1gina de atenci\u00f3n al usuario de la plataforma Phidias del Colegio Colombo Ingl\u00e9s Valledupar. Wilson Reales &#8211; Jefe de Tecnolog\u00edas Ingeniero de Sistemas \u00bfNo sabes cu\u00e1l es tu usuario y contrase\u00f1a de Phidias? Para nosotros es muy importante que puedas tener acceso a la plataforma e&#8230;<\/p>\n","protected":false},"author":1,"featured_media":0,"parent":0,"menu_order":0,"comment_status":"closed","ping_status":"closed","template":"","meta":{"_kad_post_transparent":"","_kad_post_title":"hide","_kad_post_layout":"fullwidth","_kad_post_sidebar_id":"","_kad_post_content_style":"unboxed","_kad_post_vertical_padding":"hide","_kad_post_feature":"hide","_kad_post_feature_position":"","_kad_post_header":false,"_kad_post_footer":false,"footnotes":""},"class_list":["post-1474","page","type-page","status-publish","hentry"],"nelio_popups_active_popup":"","_links":{"self":[{"href":"https:\/\/colomboingles.edu.co\/wps\/wp-json\/wp\/v2\/pages\/1474","targetHints":{"allow":["GET"]}}],"collection":[{"href":"https:\/\/colomboingles.edu.co\/wps\/wp-json\/wp\/v2\/pages"}],"about":[{"href":"https:\/\/colomboingles.edu.co\/wps\/wp-json\/wp\/v2\/types\/page"}],"author":[{"embeddable":true,"href":"https:\/\/colomboingles.edu.co\/wps\/wp-json\/wp\/v2\/users\/1"}],"replies":[{"embeddable":true,"href":"https:\/\/colomboingles.edu.co\/wps\/wp-json\/wp\/v2\/comments?post=1474"}],"version-history":[{"count":49,"href":"https:\/\/colomboingles.edu.co\/wps\/wp-json\/wp\/v2\/pages\/1474\/revisions"}],"predecessor-version":[{"id":4951,"href":"https:\/\/colomboingles.edu.co\/wps\/wp-json\/wp\/v2\/pages\/1474\/revisions\/4951"}],"wp:attachment":[{"href":"https:\/\/colomboingles.edu.co\/wps\/wp-json\/wp\/v2\/media?parent=1474"}],"curies":[{"name":"wp","href":"https:\/\/api.w.org\/{rel}","templated":true}]}}