{"id":1081,"date":"2021-01-18T16:56:15","date_gmt":"2021-01-18T16:56:15","guid":{"rendered":"https:\/\/colomboingles.edu.co\/wps\/?page_id=1081"},"modified":"2025-08-20T16:13:29","modified_gmt":"2025-08-20T16:13:29","slug":"importancia-del-bilingusimo","status":"publish","type":"page","link":"https:\/\/colomboingles.edu.co\/wps\/importancia-del-bilingusimo\/","title":{"rendered":"Importancia del Biling\u00fcismo"},"content":{"rendered":"\t\t<div data-elementor-type=\"wp-page\" data-elementor-id=\"1081\" class=\"elementor elementor-1081\" data-elementor-settings=\"[]\">\n\t\t\t\t\t\t<div class=\"elementor-inner\">\n\t\t\t\t\t\t\t<div class=\"elementor-section-wrap\">\n\t\t\t\t\t\t\t<section class=\"elementor-section elementor-top-section elementor-element elementor-element-2ebf4dc elementor-section-boxed elementor-section-height-default elementor-section-height-default\" data-id=\"2ebf4dc\" data-element_type=\"section\">\n\t\t\t\t\t\t<div class=\"elementor-container elementor-column-gap-default\">\n\t\t\t\t\t\t\t<div class=\"elementor-row\">\n\t\t\t\t\t<div class=\"elementor-column elementor-col-100 elementor-top-column elementor-element elementor-element-7e2443ad\" data-id=\"7e2443ad\" data-element_type=\"column\">\n\t\t\t<div class=\"elementor-column-wrap elementor-element-populated\">\n\t\t\t\t\t\t\t<div class=\"elementor-widget-wrap\">\n\t\t\t\t\t\t<div class=\"elementor-element elementor-element-7890615 elementor-widget elementor-widget-spacer\" data-id=\"7890615\" data-element_type=\"widget\" data-widget_type=\"spacer.default\">\n\t\t\t\t<div class=\"elementor-widget-container\">\n\t\t\t\t\t<div class=\"elementor-spacer\">\n\t\t\t<div class=\"elementor-spacer-inner\"><\/div>\n\t\t<\/div>\n\t\t\t\t<\/div>\n\t\t\t\t<\/div>\n\t\t\t\t<div class=\"elementor-element elementor-element-3fd9cd9 elementor-widget elementor-widget-heading\" data-id=\"3fd9cd9\" data-element_type=\"widget\" data-widget_type=\"heading.default\">\n\t\t\t\t<div class=\"elementor-widget-container\">\n\t\t\t<h1 class=\"elementor-heading-title elementor-size-default\">Importancia del bilinguismo <\/h1>\t\t<\/div>\n\t\t\t\t<\/div>\n\t\t\t\t<div class=\"elementor-element elementor-element-1435f9c9 elementor-widget elementor-widget-text-editor\" data-id=\"1435f9c9\" data-element_type=\"widget\" data-widget_type=\"text-editor.default\">\n\t\t\t\t<div class=\"elementor-widget-container\">\n\t\t\t\t\t\t\t\t<div class=\"elementor-text-editor elementor-clearfix\">\n\t\t\t\t<!-- wp:heading {\"textAlign\":\"center\",\"level\":1} --><!-- \/wp:heading --><!-- wp:paragraph {\"style\":{\"color\":{\"text\":\"#000000\"}}} -->\n<p class=\"has-text-color\" style=\"color: #000000;\">Conocer el proceso de globalizaci\u00f3n que enfrentan nuestro pa\u00eds y el mundo, es un objetivo principal para el Colegio Colombo Ingl\u00e9s capacitado para estudiantes con un excelente nivel en este idioma, estudiantes con habilidades productivas y comunicativas, por lo tanto, nuestros graduados pueden cumplir en entornos donde predomina un segundo idioma.\u00a0<\/p>\n<!-- \/wp:paragraph --><!-- wp:paragraph {\"style\":{\"color\":{\"text\":\"#000000\"}}} -->\n<p class=\"has-text-color\" style=\"color: #000000;\">Es por eso que nuestra instituci\u00f3n, a trav\u00e9s de acuerdos y estrategias en Colombia y en el extranjero, ha estado implementando un modelo de ense\u00f1anza para el idioma ingl\u00e9s, para desarrollar habilidades comunicativas b\u00e1sicas desde el jard\u00edn de infantes hasta el grado 11, del mismo modo hemos incluido una evaluaci\u00f3n est\u00e1ndar internacional como el TOEFL para estudiantes de 11 \u00b0 y 5 \u00b0 grado respectivamente para acreditar su nivel de ingl\u00e9s. Ser\u00e1 muy \u00fatil para la admisi\u00f3n en una universidad en un pa\u00eds de habla inglesa, en Colombia o donde se requiera ingl\u00e9s para un t\u00edtulo profesional.<\/p>\n<!-- \/wp:paragraph --><!-- wp:paragraph -->\n<p>\u00a0<\/p>\n<!-- \/wp:paragraph -->\t\t\t\t\t<\/div>\n\t\t\t\t\t\t<\/div>\n\t\t\t\t<\/div>\n\t\t\t\t\t\t<\/div>\n\t\t\t\t\t<\/div>\n\t\t<\/div>\n\t\t\t\t\t\t\t\t<\/div>\n\t\t\t\t\t<\/div>\n\t\t<\/section>\n\t\t\t\t\t\t<\/div>\n\t\t\t\t\t\t<\/div>\n\t\t\t\t\t<\/div>\n\t\t","protected":false},"excerpt":{"rendered":"<p>Importancia del bilinguismo Conocer el proceso de globalizaci\u00f3n que enfrentan nuestro pa\u00eds y el mundo, es un objetivo principal para el Colegio Colombo Ingl\u00e9s capacitado para estudiantes con un excelente nivel en este idioma, estudiantes con habilidades productivas y comunicativas, por lo tanto, nuestros graduados pueden cumplir en entornos donde predomina un segundo idioma.\u00a0 Es&#8230;<\/p>\n","protected":false},"author":1,"featured_media":0,"parent":0,"menu_order":0,"comment_status":"closed","ping_status":"closed","template":"","meta":{"_kad_post_transparent":"","_kad_post_title":"","_kad_post_layout":"normal","_kad_post_sidebar_id":"","_kad_post_content_style":"","_kad_post_vertical_padding":"","_kad_post_feature":"","_kad_post_feature_position":"","_kad_post_header":false,"_kad_post_footer":false,"footnotes":""},"class_list":["post-1081","page","type-page","status-publish","hentry"],"nelio_popups_active_popup":"","_links":{"self":[{"href":"https:\/\/colomboingles.edu.co\/wps\/wp-json\/wp\/v2\/pages\/1081","targetHints":{"allow":["GET"]}}],"collection":[{"href":"https:\/\/colomboingles.edu.co\/wps\/wp-json\/wp\/v2\/pages"}],"about":[{"href":"https:\/\/colomboingles.edu.co\/wps\/wp-json\/wp\/v2\/types\/page"}],"author":[{"embeddable":true,"href":"https:\/\/colomboingles.edu.co\/wps\/wp-json\/wp\/v2\/users\/1"}],"replies":[{"embeddable":true,"href":"https:\/\/colomboingles.edu.co\/wps\/wp-json\/wp\/v2\/comments?post=1081"}],"version-history":[{"count":9,"href":"https:\/\/colomboingles.edu.co\/wps\/wp-json\/wp\/v2\/pages\/1081\/revisions"}],"predecessor-version":[{"id":4957,"href":"https:\/\/colomboingles.edu.co\/wps\/wp-json\/wp\/v2\/pages\/1081\/revisions\/4957"}],"wp:attachment":[{"href":"https:\/\/colomboingles.edu.co\/wps\/wp-json\/wp\/v2\/media?parent=1081"}],"curies":[{"name":"wp","href":"https:\/\/api.w.org\/{rel}","templated":true}]}}