{"id":1073,"date":"2021-01-18T16:54:38","date_gmt":"2021-01-18T16:54:38","guid":{"rendered":"https:\/\/colomboingles.edu.co\/wps\/?page_id=1073"},"modified":"2024-06-07T18:35:26","modified_gmt":"2024-06-07T18:35:26","slug":"que-es-red-papaz","status":"publish","type":"page","link":"https:\/\/colomboingles.edu.co\/wps\/que-es-red-papaz\/","title":{"rendered":"\u00bfQu\u00e9 es Red Papaz?"},"content":{"rendered":"\t\t<div data-elementor-type=\"wp-page\" data-elementor-id=\"1073\" class=\"elementor elementor-1073\" data-elementor-settings=\"[]\">\n\t\t\t\t\t\t<div class=\"elementor-inner\">\n\t\t\t\t\t\t\t<div class=\"elementor-section-wrap\">\n\t\t\t\t\t\t\t<section class=\"elementor-section elementor-top-section elementor-element elementor-element-1745b16b elementor-section-boxed elementor-section-height-default elementor-section-height-default\" data-id=\"1745b16b\" data-element_type=\"section\">\n\t\t\t\t\t\t<div class=\"elementor-container elementor-column-gap-default\">\n\t\t\t\t\t\t\t<div class=\"elementor-row\">\n\t\t\t\t\t<div class=\"elementor-column elementor-col-100 elementor-top-column elementor-element elementor-element-399c77a4\" data-id=\"399c77a4\" data-element_type=\"column\">\n\t\t\t<div class=\"elementor-column-wrap elementor-element-populated\">\n\t\t\t\t\t\t\t<div class=\"elementor-widget-wrap\">\n\t\t\t\t\t\t<div class=\"elementor-element elementor-element-54168f55 elementor-widget elementor-widget-text-editor\" data-id=\"54168f55\" data-element_type=\"widget\" data-widget_type=\"text-editor.default\">\n\t\t\t\t<div class=\"elementor-widget-container\">\n\t\t\t\t\t\t\t\t<div class=\"elementor-text-editor elementor-clearfix\">\n\t\t\t\t<!-- wp:paragraph -->\n<p><img loading=\"lazy\" decoding=\"async\" class=\"size-full wp-image-1910 aligncenter\" src=\"https:\/\/colomboingles.edu.co\/wps\/wp-content\/uploads\/2022\/08\/V2ZBxleV_400x400.jpg\" alt=\"\" width=\"400\" height=\"400\" srcset=\"https:\/\/colomboingles.edu.co\/wps\/wp-content\/uploads\/2022\/08\/V2ZBxleV_400x400.jpg 400w, https:\/\/colomboingles.edu.co\/wps\/wp-content\/uploads\/2022\/08\/V2ZBxleV_400x400-300x300.jpg 300w, https:\/\/colomboingles.edu.co\/wps\/wp-content\/uploads\/2022\/08\/V2ZBxleV_400x400-100x100.jpg 100w, https:\/\/colomboingles.edu.co\/wps\/wp-content\/uploads\/2022\/08\/V2ZBxleV_400x400-150x150.jpg 150w\" sizes=\"auto, (max-width: 400px) 100vw, 400px\" \/><\/p>\n<!-- \/wp:paragraph --><!-- wp:image {\"align\":\"center\",\"id\":688,\"width\":215,\"height\":230} -->\n<div class=\"wp-block-image\">\u00a0<\/div>\n<!-- \/wp:image --><!-- wp:paragraph {\"style\":{\"color\":{\"text\":\"#000000\"}}} -->\n<p class=\"has-text-color\" style=\"color: #000000;\"><span style=\"color: #024027;\">Prop\u00f3sito Superior:\u00a0 Abogar por la protecci\u00f3n de los derechos de los ni\u00f1os, ni\u00f1as y adolescentes en Colombia, y fortalecer las capacidades de los adultos y actores sociales para controlar su efectivo cumplimiento.<\/span><\/p>\n<p><span style=\"color: #024027;\"><!-- \/wp:paragraph --><!-- wp:paragraph {\"style\":{\"color\":{\"text\":\"#000000\"}}} --><\/span><\/p>\n<p class=\"has-text-color\" style=\"color: #000000;\"><span style=\"color: #024027;\">Posicionamiento: Red PaPaz es una red de madres, padres y cuidadores, que ha logrado generar capacidades para una protecci\u00f3n efectiva de los derechos de los ni\u00f1os, ni\u00f1as y adolescentes en Colombia, con acciones focalizadas en asuntos de relevancia, basada en evidencia y buenas pr\u00e1cticas probadas, lo que le ha permitido convertirse en una referencia nacional e internacional.<\/span><\/p>\n<p><span style=\"color: #024027;\"><!-- \/wp:paragraph --><!-- wp:paragraph {\"style\":{\"color\":{\"text\":\"#000000\"}}} --><\/span><\/p>\n<p class=\"has-text-color\" style=\"color: #000000;\"><span style=\"color: #024027;\">Oferta de valor:\u00a0Guiar el cuidado y promover la convivencia.<\/span><\/p>\n<!-- \/wp:paragraph -->\t\t\t\t\t<\/div>\n\t\t\t\t\t\t<\/div>\n\t\t\t\t<\/div>\n\t\t\t\t\t\t<\/div>\n\t\t\t\t\t<\/div>\n\t\t<\/div>\n\t\t\t\t\t\t\t\t<\/div>\n\t\t\t\t\t<\/div>\n\t\t<\/section>\n\t\t\t\t\t\t<\/div>\n\t\t\t\t\t\t<\/div>\n\t\t\t\t\t<\/div>\n\t\t","protected":false},"excerpt":{"rendered":"<p>Prop\u00f3sito Superior:\u00a0 Abogar por la protecci\u00f3n de los derechos de los ni\u00f1os, ni\u00f1as y adolescentes en Colombia, y fortalecer las capacidades de los adultos y actores sociales para controlar su efectivo cumplimiento. Posicionamiento: Red PaPaz es una red de madres, padres y cuidadores, que ha logrado generar capacidades para una protecci\u00f3n efectiva de los derechos&#8230;<\/p>\n","protected":false},"author":1,"featured_media":0,"parent":0,"menu_order":0,"comment_status":"closed","ping_status":"closed","template":"","meta":{"_kad_post_transparent":"","_kad_post_title":"","_kad_post_layout":"normal","_kad_post_sidebar_id":"","_kad_post_content_style":"","_kad_post_vertical_padding":"","_kad_post_feature":"","_kad_post_feature_position":"","_kad_post_header":false,"_kad_post_footer":false,"footnotes":""},"class_list":["post-1073","page","type-page","status-publish","hentry"],"nelio_popups_active_popup":"","_links":{"self":[{"href":"https:\/\/colomboingles.edu.co\/wps\/wp-json\/wp\/v2\/pages\/1073","targetHints":{"allow":["GET"]}}],"collection":[{"href":"https:\/\/colomboingles.edu.co\/wps\/wp-json\/wp\/v2\/pages"}],"about":[{"href":"https:\/\/colomboingles.edu.co\/wps\/wp-json\/wp\/v2\/types\/page"}],"author":[{"embeddable":true,"href":"https:\/\/colomboingles.edu.co\/wps\/wp-json\/wp\/v2\/users\/1"}],"replies":[{"embeddable":true,"href":"https:\/\/colomboingles.edu.co\/wps\/wp-json\/wp\/v2\/comments?post=1073"}],"version-history":[{"count":10,"href":"https:\/\/colomboingles.edu.co\/wps\/wp-json\/wp\/v2\/pages\/1073\/revisions"}],"predecessor-version":[{"id":3821,"href":"https:\/\/colomboingles.edu.co\/wps\/wp-json\/wp\/v2\/pages\/1073\/revisions\/3821"}],"wp:attachment":[{"href":"https:\/\/colomboingles.edu.co\/wps\/wp-json\/wp\/v2\/media?parent=1073"}],"curies":[{"name":"wp","href":"https:\/\/api.w.org\/{rel}","templated":true}]}}