{"id":1071,"date":"2021-01-18T16:54:11","date_gmt":"2021-01-18T16:54:11","guid":{"rendered":"https:\/\/colomboingles.edu.co\/wps\/?page_id=1071"},"modified":"2024-06-07T18:33:57","modified_gmt":"2024-06-07T18:33:57","slug":"que-es-efqm","status":"publish","type":"page","link":"https:\/\/colomboingles.edu.co\/wps\/que-es-efqm\/","title":{"rendered":"\u00bfQu\u00e9 es EFQM?"},"content":{"rendered":"\t\t<div data-elementor-type=\"wp-page\" data-elementor-id=\"1071\" class=\"elementor elementor-1071\" data-elementor-settings=\"[]\">\n\t\t\t\t\t\t<div class=\"elementor-inner\">\n\t\t\t\t\t\t\t<div class=\"elementor-section-wrap\">\n\t\t\t\t\t\t\t<section class=\"elementor-section elementor-top-section elementor-element elementor-element-761c8bde elementor-section-boxed elementor-section-height-default elementor-section-height-default\" data-id=\"761c8bde\" data-element_type=\"section\">\n\t\t\t\t\t\t<div class=\"elementor-container elementor-column-gap-default\">\n\t\t\t\t\t\t\t<div class=\"elementor-row\">\n\t\t\t\t\t<div class=\"elementor-column elementor-col-100 elementor-top-column elementor-element elementor-element-2094d806\" data-id=\"2094d806\" data-element_type=\"column\">\n\t\t\t<div class=\"elementor-column-wrap elementor-element-populated\">\n\t\t\t\t\t\t\t<div class=\"elementor-widget-wrap\">\n\t\t\t\t\t\t<div class=\"elementor-element elementor-element-9741a8a animated-fast elementor-widget__width-initial elementor-widget elementor-widget-button\" data-id=\"9741a8a\" data-element_type=\"widget\" data-settings=\"{&quot;sticky&quot;:&quot;bottom&quot;,&quot;_animation&quot;:&quot;none&quot;,&quot;sticky_on&quot;:[&quot;desktop&quot;,&quot;tablet&quot;,&quot;mobile&quot;],&quot;sticky_offset&quot;:0,&quot;sticky_effects_offset&quot;:0}\" data-widget_type=\"button.default\">\n\t\t\t\t<div class=\"elementor-widget-container\">\n\t\t\t\t\t<div class=\"elementor-button-wrapper\">\n\t\t\t<a href=\"https:\/\/colomboingles.edu.co\/wps\/procesos-de-certificacion-2022\/\" rel=\"nofollow\" class=\"elementor-button-link elementor-button elementor-size-md elementor-animation-push\" role=\"button\">\n\t\t\t\t\t\t<span class=\"elementor-button-content-wrapper\">\n\t\t\t\t\t\t<span class=\"elementor-button-text\">Procesos de certificaci\u00f3n 2022<\/span>\n\t\t<\/span>\n\t\t\t\t\t<\/a>\n\t\t<\/div>\n\t\t\t\t<\/div>\n\t\t\t\t<\/div>\n\t\t\t\t<div class=\"elementor-element elementor-element-c12221f elementor-align-right elementor-widget__width-auto elementor-widget elementor-widget-button\" data-id=\"c12221f\" data-element_type=\"widget\" data-widget_type=\"button.default\">\n\t\t\t\t<div class=\"elementor-widget-container\">\n\t\t\t\t\t<div class=\"elementor-button-wrapper\">\n\t\t\t<a href=\"https:\/\/colomboingles.edu.co\/wps\/elementor-2216\/\" rel=\"nofollow\" class=\"elementor-button-link elementor-button elementor-size-md elementor-animation-push\" role=\"button\">\n\t\t\t\t\t\t<span class=\"elementor-button-content-wrapper\">\n\t\t\t\t\t\t<span class=\"elementor-button-text\">Galer\u00eda de certificaci\u00f3n 2022<\/span>\n\t\t<\/span>\n\t\t\t\t\t<\/a>\n\t\t<\/div>\n\t\t\t\t<\/div>\n\t\t\t\t<\/div>\n\t\t\t\t<div class=\"elementor-element elementor-element-1fbe094 elementor-widget__width-auto elementor-align-right elementor-widget elementor-widget-button\" data-id=\"1fbe094\" data-element_type=\"widget\" data-widget_type=\"button.default\">\n\t\t\t\t<div class=\"elementor-widget-container\">\n\t\t\t\t\t<div class=\"elementor-button-wrapper\">\n\t\t\t<a href=\"https:\/\/colomboingles.edu.co\/wps\/colegio-colombo-ingles-certificado-con-alta-calidad-por-institucion-europea\/\" rel=\"nofollow\" class=\"elementor-button-link elementor-button elementor-size-md elementor-animation-push\" role=\"button\">\n\t\t\t\t\t\t<span class=\"elementor-button-content-wrapper\">\n\t\t\t\t\t\t<span class=\"elementor-button-text\">Noticias<\/span>\n\t\t<\/span>\n\t\t\t\t\t<\/a>\n\t\t<\/div>\n\t\t\t\t<\/div>\n\t\t\t\t<\/div>\n\t\t\t\t<div class=\"elementor-element elementor-element-a8cb3ff elementor-widget elementor-widget-image\" data-id=\"a8cb3ff\" data-element_type=\"widget\" data-widget_type=\"image.default\">\n\t\t\t\t<div class=\"elementor-widget-container\">\n\t\t\t\t\t\t\t\t<div class=\"elementor-image\">\n\t\t\t\t\t\t\t\t\t\t\t\t<img loading=\"lazy\" decoding=\"async\" width=\"200\" height=\"225\" src=\"https:\/\/colomboingles.edu.co\/wps\/wp-content\/uploads\/2023\/01\/qualified-2-1-1.png\" class=\"attachment-1536x1536 size-1536x1536\" alt=\"\" \/>\t\t\t\t\t\t\t\t\t\t\t\t\t\t<\/div>\n\t\t\t\t\t\t<\/div>\n\t\t\t\t<\/div>\n\t\t\t\t<div class=\"elementor-element elementor-element-7bdd2605 elementor-widget elementor-widget-text-editor\" data-id=\"7bdd2605\" data-element_type=\"widget\" data-widget_type=\"text-editor.default\">\n\t\t\t\t<div class=\"elementor-widget-container\">\n\t\t\t\t\t\t\t\t<div class=\"elementor-text-editor elementor-clearfix\">\n\t\t\t\t<!-- wp:paragraph -->\n<p>\u00a0<\/p>\n<!-- \/wp:paragraph --><!-- wp:image {\"align\":\"center\",\"id\":1123,\"width\":312,\"height\":223,\"sizeSlug\":\"large\",\"linkDestination\":\"none\"} -->\n<div class=\"wp-block-image\">\u00a0<\/div>\n<!-- \/wp:image --><!-- wp:paragraph {\"style\":{\"color\":{\"text\":\"#000000\"}}} -->\n<p class=\"has-text-color\" style=\"color: #000000;\"><span style=\"color: #024027;\">EFQM (European Foundation for Quality Management \u2013 Fundaci\u00f3n Europea para la Gesti\u00f3n de la Calidad) es el sistema de gesti\u00f3n de la calidad institucional.<\/span><\/p>\n<p><span style=\"color: #024027;\"><!-- \/wp:paragraph --><!-- wp:paragraph {\"style\":{\"color\":{\"text\":\"#000000\"}}} --><\/span><\/p>\n<p class=\"has-text-color\" style=\"color: #000000;\"><span style=\"color: #024027;\">El Colegio Colombo Ingl\u00e9s se encuentra reconocido en el segundo nivel de certificaci\u00f3n de la calidad \u201cComprometido por la Excelencia\u201d. Este sistema analiza la instituci\u00f3n integralmente en su: Gesti\u00f3n directiva, Gesti\u00f3n administrativa, Gesti\u00f3n pedag\u00f3gica y Gesti\u00f3n comunitaria.<\/span><\/p>\n<p><span style=\"color: #024027;\"><!-- \/wp:paragraph --><!-- wp:paragraph {\"style\":{\"color\":{\"text\":\"#000000\"}}} --><\/span><\/p>\n<p class=\"has-text-color\" style=\"color: #000000;\"><span style=\"color: #024027;\">A trav\u00e9s de la auto-evaluaci\u00f3n se revisa como se desarrolla cada aspecto y los resultados que se tienen en los estudiantes, docentes, la comunidad y en general todo el personal del colegio.<\/span><\/p>\n<p><span style=\"color: #024027;\"><!-- \/wp:paragraph --><!-- wp:paragraph {\"style\":{\"color\":{\"text\":\"#000000\"}}} --><\/span><\/p>\n<p class=\"has-text-color\" style=\"color: #000000;\"><span style=\"color: #024027;\">Con la certificaci\u00f3n de calidad EFQM se han obtenido grandes logros a partir del a\u00f1o 2009, cuando se obtuvo la primera certificaci\u00f3n del colegio en el \u201cNivel de Acceso\u201d. La optimizaci\u00f3n de los diferentes procesos directivos, acad\u00e9micos, de convivencia y de apoyo, han ayudado a que la instituci\u00f3n siga abriendo caminos en la excelencia y la educaci\u00f3n de calidad.<\/span><\/p>\n<p><span style=\"color: #024027;\"><!-- \/wp:paragraph --><!-- wp:paragraph {\"style\":{\"color\":{\"text\":\"#000000\"}}} --><\/span><\/p>\n<p class=\"has-text-color\" style=\"color: #000000;\">\u00a0<\/p>\n<!-- \/wp:paragraph -->\t\t\t\t\t<\/div>\n\t\t\t\t\t\t<\/div>\n\t\t\t\t<\/div>\n\t\t\t\t\t\t<\/div>\n\t\t\t\t\t<\/div>\n\t\t<\/div>\n\t\t\t\t\t\t\t\t<\/div>\n\t\t\t\t\t<\/div>\n\t\t<\/section>\n\t\t\t\t\t\t<\/div>\n\t\t\t\t\t\t<\/div>\n\t\t\t\t\t<\/div>\n\t\t","protected":false},"excerpt":{"rendered":"<p>Procesos de certificaci\u00f3n 2022 Galer\u00eda de certificaci\u00f3n 2022 Noticias \u00a0 EFQM (European Foundation for Quality Management \u2013 Fundaci\u00f3n Europea para la Gesti\u00f3n de la Calidad) es el sistema de gesti\u00f3n de la calidad institucional. El Colegio Colombo Ingl\u00e9s se encuentra reconocido en el segundo nivel de certificaci\u00f3n de la calidad \u201cComprometido por la Excelencia\u201d. Este&#8230;<\/p>\n","protected":false},"author":1,"featured_media":0,"parent":0,"menu_order":0,"comment_status":"closed","ping_status":"closed","template":"","meta":{"_kad_post_transparent":"","_kad_post_title":"","_kad_post_layout":"normal","_kad_post_sidebar_id":"","_kad_post_content_style":"","_kad_post_vertical_padding":"","_kad_post_feature":"","_kad_post_feature_position":"","_kad_post_header":false,"_kad_post_footer":false,"footnotes":""},"class_list":["post-1071","page","type-page","status-publish","hentry"],"nelio_popups_active_popup":"","_links":{"self":[{"href":"https:\/\/colomboingles.edu.co\/wps\/wp-json\/wp\/v2\/pages\/1071","targetHints":{"allow":["GET"]}}],"collection":[{"href":"https:\/\/colomboingles.edu.co\/wps\/wp-json\/wp\/v2\/pages"}],"about":[{"href":"https:\/\/colomboingles.edu.co\/wps\/wp-json\/wp\/v2\/types\/page"}],"author":[{"embeddable":true,"href":"https:\/\/colomboingles.edu.co\/wps\/wp-json\/wp\/v2\/users\/1"}],"replies":[{"embeddable":true,"href":"https:\/\/colomboingles.edu.co\/wps\/wp-json\/wp\/v2\/comments?post=1071"}],"version-history":[{"count":87,"href":"https:\/\/colomboingles.edu.co\/wps\/wp-json\/wp\/v2\/pages\/1071\/revisions"}],"predecessor-version":[{"id":3818,"href":"https:\/\/colomboingles.edu.co\/wps\/wp-json\/wp\/v2\/pages\/1071\/revisions\/3818"}],"wp:attachment":[{"href":"https:\/\/colomboingles.edu.co\/wps\/wp-json\/wp\/v2\/media?parent=1071"}],"curies":[{"name":"wp","href":"https:\/\/api.w.org\/{rel}","templated":true}]}}