{"id":1067,"date":"2021-01-18T16:53:27","date_gmt":"2021-01-18T16:53:27","guid":{"rendered":"https:\/\/colomboingles.edu.co\/wps\/?page_id=1067"},"modified":"2025-08-20T14:15:11","modified_gmt":"2025-08-20T14:15:11","slug":"que-es-phidias","status":"publish","type":"page","link":"https:\/\/colomboingles.edu.co\/wps\/que-es-phidias\/","title":{"rendered":"\u00bfQu\u00e9 es Phidias?"},"content":{"rendered":"\t\t<div data-elementor-type=\"wp-page\" data-elementor-id=\"1067\" class=\"elementor elementor-1067\" data-elementor-settings=\"[]\">\n\t\t\t\t\t\t<div class=\"elementor-inner\">\n\t\t\t\t\t\t\t<div class=\"elementor-section-wrap\">\n\t\t\t\t\t\t\t<section class=\"elementor-section elementor-top-section elementor-element elementor-element-25d4444d elementor-section-boxed elementor-section-height-default elementor-section-height-default\" data-id=\"25d4444d\" data-element_type=\"section\">\n\t\t\t\t\t\t<div class=\"elementor-container elementor-column-gap-default\">\n\t\t\t\t\t\t\t<div class=\"elementor-row\">\n\t\t\t\t\t<div class=\"elementor-column elementor-col-100 elementor-top-column elementor-element elementor-element-6b1935e1\" data-id=\"6b1935e1\" data-element_type=\"column\">\n\t\t\t<div class=\"elementor-column-wrap elementor-element-populated\">\n\t\t\t\t\t\t\t<div class=\"elementor-widget-wrap\">\n\t\t\t\t\t\t<div class=\"elementor-element elementor-element-48605653 elementor-widget elementor-widget-text-editor\" data-id=\"48605653\" data-element_type=\"widget\" data-widget_type=\"text-editor.default\">\n\t\t\t\t<div class=\"elementor-widget-container\">\n\t\t\t\t\t\t\t\t<div class=\"elementor-text-editor elementor-clearfix\">\n\t\t\t\t<!-- wp:paragraph -->\n<p><img loading=\"lazy\" decoding=\"async\" class=\"size-full wp-image-1914 aligncenter\" src=\"https:\/\/colomboingles.edu.co\/wps\/wp-content\/uploads\/2022\/08\/phidias.jpg\" alt=\"\" width=\"600\" height=\"268\" srcset=\"https:\/\/colomboingles.edu.co\/wps\/wp-content\/uploads\/2022\/08\/phidias.jpg 600w, https:\/\/colomboingles.edu.co\/wps\/wp-content\/uploads\/2022\/08\/phidias-300x134.jpg 300w\" sizes=\"auto, (max-width: 600px) 100vw, 600px\" \/><\/p>\n<!-- \/wp:paragraph --><!-- wp:image {\"align\":\"center\",\"id\":686} -->\n<div class=\"wp-block-image\">\n<figure class=\"aligncenter\"><img decoding=\"async\" class=\"wp-image-686\" src=\"https:\/\/colomboingles.edu.co\/wp\/wp-content\/uploads\/2019\/12\/circular-phidias.jpg\" alt=\"\" \/><\/figure>\n<\/div>\n<!-- \/wp:image --><!-- wp:paragraph -->\n<p><span class=\"has-inline-color\" style=\"color: #024027;\">El Sistema de Gesti\u00f3n Educativa fortalece a la instituci\u00f3n gracias a la integraci\u00f3n adecuada de las Tecnolog\u00edas de la Informaci\u00f3n y las Comunicaciones (TIC), buscando la integraci\u00f3n entre las familias y la instituci\u00f3n potenciando los procesos de formaci\u00f3n de los estudiantes; mejorando procesos administrativos, de ense\u00f1anza y aprendizaje, as\u00ed como de gesti\u00f3n acad\u00e9mica, brindando beneficios a toda la comunidad.<\/span><\/p>\n<p><span style=\"color: #024027;\"><!-- \/wp:paragraph --><!-- wp:paragraph --><\/span><\/p>\n<p><span style=\"color: #024027;\">Copyright \u00a9 2021 Col<\/span>egio Colombo Ingl\u00e9s Valledupar. All Rights Reserved.\u00a0Theme by\u00a0<a href=\"https:\/\/www.facebook.com\/wilson.reales\" target=\"_blank\" rel=\"noreferrer noopener\">Wilson Reales<\/a><\/p>\n<!-- \/wp:paragraph -->\t\t\t\t\t<\/div>\n\t\t\t\t\t\t<\/div>\n\t\t\t\t<\/div>\n\t\t\t\t\t\t<\/div>\n\t\t\t\t\t<\/div>\n\t\t<\/div>\n\t\t\t\t\t\t\t\t<\/div>\n\t\t\t\t\t<\/div>\n\t\t<\/section>\n\t\t\t\t\t\t<\/div>\n\t\t\t\t\t\t<\/div>\n\t\t\t\t\t<\/div>\n\t\t","protected":false},"excerpt":{"rendered":"<p>El Sistema de Gesti\u00f3n Educativa fortalece a la instituci\u00f3n gracias a la integraci\u00f3n adecuada de las Tecnolog\u00edas de la Informaci\u00f3n y las Comunicaciones (TIC), buscando la integraci\u00f3n entre las familias y la instituci\u00f3n potenciando los procesos de formaci\u00f3n de los estudiantes; mejorando procesos administrativos, de ense\u00f1anza y aprendizaje, as\u00ed como de gesti\u00f3n acad\u00e9mica, brindando beneficios&#8230;<\/p>\n","protected":false},"author":1,"featured_media":0,"parent":0,"menu_order":0,"comment_status":"closed","ping_status":"closed","template":"","meta":{"_kad_post_transparent":"","_kad_post_title":"","_kad_post_layout":"normal","_kad_post_sidebar_id":"","_kad_post_content_style":"","_kad_post_vertical_padding":"","_kad_post_feature":"","_kad_post_feature_position":"","_kad_post_header":false,"_kad_post_footer":false,"footnotes":""},"class_list":["post-1067","page","type-page","status-publish","hentry"],"nelio_popups_active_popup":"","_links":{"self":[{"href":"https:\/\/colomboingles.edu.co\/wps\/wp-json\/wp\/v2\/pages\/1067","targetHints":{"allow":["GET"]}}],"collection":[{"href":"https:\/\/colomboingles.edu.co\/wps\/wp-json\/wp\/v2\/pages"}],"about":[{"href":"https:\/\/colomboingles.edu.co\/wps\/wp-json\/wp\/v2\/types\/page"}],"author":[{"embeddable":true,"href":"https:\/\/colomboingles.edu.co\/wps\/wp-json\/wp\/v2\/users\/1"}],"replies":[{"embeddable":true,"href":"https:\/\/colomboingles.edu.co\/wps\/wp-json\/wp\/v2\/comments?post=1067"}],"version-history":[{"count":13,"href":"https:\/\/colomboingles.edu.co\/wps\/wp-json\/wp\/v2\/pages\/1067\/revisions"}],"predecessor-version":[{"id":4875,"href":"https:\/\/colomboingles.edu.co\/wps\/wp-json\/wp\/v2\/pages\/1067\/revisions\/4875"}],"wp:attachment":[{"href":"https:\/\/colomboingles.edu.co\/wps\/wp-json\/wp\/v2\/media?parent=1067"}],"curies":[{"name":"wp","href":"https:\/\/api.w.org\/{rel}","templated":true}]}}