{"id":1065,"date":"2021-01-18T16:52:40","date_gmt":"2021-01-18T16:52:40","guid":{"rendered":"https:\/\/colomboingles.edu.co\/wps\/?page_id=1065"},"modified":"2025-08-20T14:14:15","modified_gmt":"2025-08-20T14:14:15","slug":"high-school","status":"publish","type":"page","link":"https:\/\/colomboingles.edu.co\/wps\/high-school\/","title":{"rendered":"High School"},"content":{"rendered":"\t\t<div data-elementor-type=\"wp-page\" data-elementor-id=\"1065\" class=\"elementor elementor-1065\" data-elementor-settings=\"[]\">\n\t\t\t\t\t\t<div class=\"elementor-inner\">\n\t\t\t\t\t\t\t<div class=\"elementor-section-wrap\">\n\t\t\t\t\t\t\t<section class=\"elementor-section elementor-top-section elementor-element elementor-element-7e47c866 elementor-section-boxed elementor-section-height-default elementor-section-height-default\" data-id=\"7e47c866\" data-element_type=\"section\">\n\t\t\t\t\t\t<div class=\"elementor-container elementor-column-gap-default\">\n\t\t\t\t\t\t\t<div class=\"elementor-row\">\n\t\t\t\t\t<div class=\"elementor-column elementor-col-100 elementor-top-column elementor-element elementor-element-2ef8903b\" data-id=\"2ef8903b\" data-element_type=\"column\">\n\t\t\t<div class=\"elementor-column-wrap elementor-element-populated\">\n\t\t\t\t\t\t\t<div class=\"elementor-widget-wrap\">\n\t\t\t\t\t\t<div class=\"elementor-element elementor-element-98f3b50 elementor-widget elementor-widget-spacer\" data-id=\"98f3b50\" data-element_type=\"widget\" data-widget_type=\"spacer.default\">\n\t\t\t\t<div class=\"elementor-widget-container\">\n\t\t\t\t\t<div class=\"elementor-spacer\">\n\t\t\t<div class=\"elementor-spacer-inner\"><\/div>\n\t\t<\/div>\n\t\t\t\t<\/div>\n\t\t\t\t<\/div>\n\t\t\t\t<section class=\"elementor-section elementor-inner-section elementor-element elementor-element-d8daf56 elementor-section-boxed elementor-section-height-default elementor-section-height-default\" data-id=\"d8daf56\" data-element_type=\"section\">\n\t\t\t\t\t\t<div class=\"elementor-container elementor-column-gap-default\">\n\t\t\t\t\t\t\t<div class=\"elementor-row\">\n\t\t\t\t\t<div class=\"elementor-column elementor-col-33 elementor-inner-column elementor-element elementor-element-16759ca\" data-id=\"16759ca\" data-element_type=\"column\">\n\t\t\t<div class=\"elementor-column-wrap elementor-element-populated\">\n\t\t\t\t\t\t\t<div class=\"elementor-widget-wrap\">\n\t\t\t\t\t\t<div class=\"elementor-element elementor-element-841ec5e elementor-widget elementor-widget-spacer\" data-id=\"841ec5e\" data-element_type=\"widget\" data-widget_type=\"spacer.default\">\n\t\t\t\t<div class=\"elementor-widget-container\">\n\t\t\t\t\t<div class=\"elementor-spacer\">\n\t\t\t<div class=\"elementor-spacer-inner\"><\/div>\n\t\t<\/div>\n\t\t\t\t<\/div>\n\t\t\t\t<\/div>\n\t\t\t\t<div class=\"elementor-element elementor-element-f4a4770 elementor-widget elementor-widget-image\" data-id=\"f4a4770\" data-element_type=\"widget\" data-widget_type=\"image.default\">\n\t\t\t\t<div class=\"elementor-widget-container\">\n\t\t\t\t\t\t\t\t<div class=\"elementor-image\">\n\t\t\t\t\t\t\t\t\t\t\t\t<img decoding=\"async\" src=\"https:\/\/colomboingles.edu.co\/wps\/wp-content\/uploads\/elementor\/thumbs\/IMG_5063-scaled-qpslpdefmpql1r1yic8drb4hbd84vwsfp7ot790w6k.jpg\" title=\"IMG_5063\" alt=\"IMG_5063\" \/>\t\t\t\t\t\t\t\t\t\t\t\t\t\t<\/div>\n\t\t\t\t\t\t<\/div>\n\t\t\t\t<\/div>\n\t\t\t\t<div class=\"elementor-element elementor-element-e4ed0a4 elementor-widget elementor-widget-text-editor\" data-id=\"e4ed0a4\" data-element_type=\"widget\" data-widget_type=\"text-editor.default\">\n\t\t\t\t<div class=\"elementor-widget-container\">\n\t\t\t\t\t\t\t\t<div class=\"elementor-text-editor elementor-clearfix\">\n\t\t\t\t<h6 style=\"text-align: center;\"><span style=\"color: #2cb053;\">Coordinador, High School<\/span><\/h6>\t\t\t\t\t<\/div>\n\t\t\t\t\t\t<\/div>\n\t\t\t\t<\/div>\n\t\t\t\t<div class=\"elementor-element elementor-element-1d8ff38 elementor-widget elementor-widget-image\" data-id=\"1d8ff38\" data-element_type=\"widget\" data-widget_type=\"image.default\">\n\t\t\t\t<div class=\"elementor-widget-container\">\n\t\t\t\t\t\t\t\t<div class=\"elementor-image\">\n\t\t\t\t\t\t\t\t\t\t\t\t<img loading=\"lazy\" decoding=\"async\" width=\"1024\" height=\"683\" src=\"https:\/\/colomboingles.edu.co\/wps\/wp-content\/uploads\/2024\/06\/high-1024x683.jpg\" class=\"attachment-large size-large\" alt=\"\" srcset=\"https:\/\/colomboingles.edu.co\/wps\/wp-content\/uploads\/2024\/06\/high-1024x683.jpg 1024w, https:\/\/colomboingles.edu.co\/wps\/wp-content\/uploads\/2024\/06\/high-300x200.jpg 300w, https:\/\/colomboingles.edu.co\/wps\/wp-content\/uploads\/2024\/06\/high-768x512.jpg 768w, https:\/\/colomboingles.edu.co\/wps\/wp-content\/uploads\/2024\/06\/high-1536x1024.jpg 1536w, https:\/\/colomboingles.edu.co\/wps\/wp-content\/uploads\/2024\/06\/high-2048x1365.jpg 2048w, https:\/\/colomboingles.edu.co\/wps\/wp-content\/uploads\/2024\/06\/high-600x400.jpg 600w\" sizes=\"auto, (max-width: 1024px) 100vw, 1024px\" \/>\t\t\t\t\t\t\t\t\t\t\t\t\t\t<\/div>\n\t\t\t\t\t\t<\/div>\n\t\t\t\t<\/div>\n\t\t\t\t\t\t<\/div>\n\t\t\t\t\t<\/div>\n\t\t<\/div>\n\t\t\t\t<div class=\"elementor-column elementor-col-66 elementor-inner-column elementor-element elementor-element-d79e3a3\" data-id=\"d79e3a3\" data-element_type=\"column\">\n\t\t\t<div class=\"elementor-column-wrap elementor-element-populated\">\n\t\t\t\t\t\t\t<div class=\"elementor-widget-wrap\">\n\t\t\t\t\t\t<div class=\"elementor-element elementor-element-debd916 elementor-widget elementor-widget-heading\" data-id=\"debd916\" data-element_type=\"widget\" data-widget_type=\"heading.default\">\n\t\t\t\t<div class=\"elementor-widget-container\">\n\t\t\t<h4 class=\"elementor-heading-title elementor-size-default\"><h2 class=\"alignwide has-text-align-center has-text-color\" style=\"color: #00550a;\"><span class=\"has-inline-color\" style=\"color: #024027;\">High School<\/span>&nbsp;<\/h2><\/h4>\t\t<\/div>\n\t\t\t\t<\/div>\n\t\t\t\t<div class=\"elementor-element elementor-element-4b9525a elementor-widget elementor-widget-text-editor\" data-id=\"4b9525a\" data-element_type=\"widget\" data-widget_type=\"text-editor.default\">\n\t\t\t\t<div class=\"elementor-widget-container\">\n\t\t\t\t\t\t\t\t<div class=\"elementor-text-editor elementor-clearfix\">\n\t\t\t\t<p class=\"has-text-color\" style=\"color: #000000;\"><span style=\"color: #024027;\">Para el Colegio Colombo Ingl\u00e9s el estudiante inicia su proceso en High School a partir de los 14 a\u00f1os de edad, reciben una educaci\u00f3n orientada a la calidad en todos los procesos. Tienen una formaci\u00f3n en valores, liderazgo y autonom\u00eda controlada, nuestros j\u00f3venes proponen, argumentan y son los l\u00edderes del ma\u00f1ana que nuestros pa\u00eds y el mundo necesitan. La educaci\u00f3n secundaria tiene su fundamento en la excelencia acad\u00e9mica y la responsabilidad, siendo bachilleres biling\u00fces.<\/span><\/p>\n<p><span style=\"color: #024027;\"><!-- \/wp:paragraph --><\/span><\/p>\n<p><span style=\"color: #024027;\"><!-- wp:paragraph {\"style\":{\"color\":{\"text\":\"#000000\"}}} --><\/span><\/p>\n<p class=\"has-text-color\" style=\"color: #000000;\"><span style=\"color: #024027;\">El estudiante colombista, contin\u00faa con sus bases biling\u00fces desde Elementary School y Middle School, con una intensidad mayor en el ingl\u00e9s, anexando las asignaturas, las habilidades orales y comunicativas; una educaci\u00f3n dotada con los recursos necesarios y aulas especializadas como complemento de su proceso formativo.<\/span><\/p>\n<p class=\"has-text-color\" style=\"color: #000000;\"><span style=\"color: #024027;\">As\u00ed mismo, los estudiantes Colombistas, tienen la posibilidad de participar en el centro de investigaci\u00f3n FRANCISCO WATSON, buscando soluciones a la problem\u00e1tica actual, desde las dos ramas que tiene el centro: Investigaci\u00f3n y Emprendimiento.<\/span><\/p>\n<p class=\"has-text-color\" style=\"color: #000000;\"><span style=\"color: #024027;\">El d\u00eda a d\u00eda del estudiante Colombista en la secci\u00f3n de High School, es un espacio de formaci\u00f3n l\u00fadica-pedag\u00f3gica orientada a la formaci\u00f3n integral del estudiante; una educaci\u00f3n balanceada en sus procesos de formaci\u00f3n, espacios de debates; j\u00f3venes con bases acad\u00e9micas s\u00f3lidas y felices de sus propios avances, de su desarrollo social y moral.\u00a0<\/span><\/p>\n<p><!-- \/wp:paragraph --><\/p>\n<p><!-- wp:image {\"align\":\"center\",\"id\":711,\"width\":768,\"height\":512,\"className\":\"is-style-rounded\"} --><\/p>\n<p><!-- \/wp:image --><\/p>\n<p><!-- wp:paragraph {\"style\":{\"color\":{\"text\":\"#000000\"}}} --><\/p>\n<p><!-- \/wp:paragraph --><\/p>\n<p><!-- wp:paragraph {\"style\":{\"color\":{\"text\":\"#000000\"}}} --><\/p>\t\t\t\t\t<\/div>\n\t\t\t\t\t\t<\/div>\n\t\t\t\t<\/div>\n\t\t\t\t\t\t<\/div>\n\t\t\t\t\t<\/div>\n\t\t<\/div>\n\t\t\t\t\t\t\t\t<\/div>\n\t\t\t\t\t<\/div>\n\t\t<\/section>\n\t\t\t\t\t\t<\/div>\n\t\t\t\t\t<\/div>\n\t\t<\/div>\n\t\t\t\t\t\t\t\t<\/div>\n\t\t\t\t\t<\/div>\n\t\t<\/section>\n\t\t\t\t<section class=\"elementor-section elementor-top-section elementor-element elementor-element-c00a716 elementor-section-boxed elementor-section-height-default elementor-section-height-default\" data-id=\"c00a716\" data-element_type=\"section\">\n\t\t\t\t\t\t<div class=\"elementor-container elementor-column-gap-default\">\n\t\t\t\t\t\t\t<div class=\"elementor-row\">\n\t\t\t\t\t<div class=\"elementor-column elementor-col-100 elementor-top-column elementor-element elementor-element-92e8a96\" data-id=\"92e8a96\" data-element_type=\"column\">\n\t\t\t<div class=\"elementor-column-wrap elementor-element-populated\">\n\t\t\t\t\t\t\t<div class=\"elementor-widget-wrap\">\n\t\t\t\t\t\t<div class=\"elementor-element elementor-element-d46ca90 elementor-widget elementor-widget-spacer\" data-id=\"d46ca90\" data-element_type=\"widget\" data-widget_type=\"spacer.default\">\n\t\t\t\t<div class=\"elementor-widget-container\">\n\t\t\t\t\t<div class=\"elementor-spacer\">\n\t\t\t<div class=\"elementor-spacer-inner\"><\/div>\n\t\t<\/div>\n\t\t\t\t<\/div>\n\t\t\t\t<\/div>\n\t\t\t\t\t\t<\/div>\n\t\t\t\t\t<\/div>\n\t\t<\/div>\n\t\t\t\t\t\t\t\t<\/div>\n\t\t\t\t\t<\/div>\n\t\t<\/section>\n\t\t\t\t\t\t<\/div>\n\t\t\t\t\t\t<\/div>\n\t\t\t\t\t<\/div>\n\t\t","protected":false},"excerpt":{"rendered":"<p>Coordinador, High School High School&nbsp; Para el Colegio Colombo Ingl\u00e9s el estudiante inicia su proceso en High School a partir de los 14 a\u00f1os de edad, reciben una educaci\u00f3n orientada a la calidad en todos los procesos. Tienen una formaci\u00f3n en valores, liderazgo y autonom\u00eda controlada, nuestros j\u00f3venes proponen, argumentan y son los l\u00edderes del&#8230;<\/p>\n","protected":false},"author":1,"featured_media":0,"parent":0,"menu_order":0,"comment_status":"closed","ping_status":"closed","template":"","meta":{"_kad_post_transparent":"","_kad_post_title":"","_kad_post_layout":"normal","_kad_post_sidebar_id":"","_kad_post_content_style":"","_kad_post_vertical_padding":"","_kad_post_feature":"","_kad_post_feature_position":"","_kad_post_header":false,"_kad_post_footer":false,"footnotes":""},"class_list":["post-1065","page","type-page","status-publish","hentry"],"nelio_popups_active_popup":"","_links":{"self":[{"href":"https:\/\/colomboingles.edu.co\/wps\/wp-json\/wp\/v2\/pages\/1065","targetHints":{"allow":["GET"]}}],"collection":[{"href":"https:\/\/colomboingles.edu.co\/wps\/wp-json\/wp\/v2\/pages"}],"about":[{"href":"https:\/\/colomboingles.edu.co\/wps\/wp-json\/wp\/v2\/types\/page"}],"author":[{"embeddable":true,"href":"https:\/\/colomboingles.edu.co\/wps\/wp-json\/wp\/v2\/users\/1"}],"replies":[{"embeddable":true,"href":"https:\/\/colomboingles.edu.co\/wps\/wp-json\/wp\/v2\/comments?post=1065"}],"version-history":[{"count":42,"href":"https:\/\/colomboingles.edu.co\/wps\/wp-json\/wp\/v2\/pages\/1065\/revisions"}],"predecessor-version":[{"id":4872,"href":"https:\/\/colomboingles.edu.co\/wps\/wp-json\/wp\/v2\/pages\/1065\/revisions\/4872"}],"wp:attachment":[{"href":"https:\/\/colomboingles.edu.co\/wps\/wp-json\/wp\/v2\/media?parent=1065"}],"curies":[{"name":"wp","href":"https:\/\/api.w.org\/{rel}","templated":true}]}}