{"id":1062,"date":"2021-01-18T16:52:03","date_gmt":"2021-01-18T16:52:03","guid":{"rendered":"https:\/\/colomboingles.edu.co\/wps\/?page_id=1062"},"modified":"2025-08-20T14:13:18","modified_gmt":"2025-08-20T14:13:18","slug":"middle-schhol","status":"publish","type":"page","link":"https:\/\/colomboingles.edu.co\/wps\/middle-schhol\/","title":{"rendered":"Middle School"},"content":{"rendered":"\t\t<div data-elementor-type=\"wp-page\" data-elementor-id=\"1062\" class=\"elementor elementor-1062\" data-elementor-settings=\"[]\">\n\t\t\t\t\t\t<div class=\"elementor-inner\">\n\t\t\t\t\t\t\t<div class=\"elementor-section-wrap\">\n\t\t\t\t\t\t\t<section class=\"elementor-section elementor-top-section elementor-element elementor-element-546d18aa elementor-section-boxed elementor-section-height-default elementor-section-height-default\" data-id=\"546d18aa\" data-element_type=\"section\">\n\t\t\t\t\t\t<div class=\"elementor-container elementor-column-gap-default\">\n\t\t\t\t\t\t\t<div class=\"elementor-row\">\n\t\t\t\t\t<div class=\"elementor-column elementor-col-100 elementor-top-column elementor-element elementor-element-269ce2b\" data-id=\"269ce2b\" data-element_type=\"column\">\n\t\t\t<div class=\"elementor-column-wrap elementor-element-populated\">\n\t\t\t\t\t\t\t<div class=\"elementor-widget-wrap\">\n\t\t\t\t\t\t<div class=\"elementor-element elementor-element-acfaccb elementor-widget elementor-widget-spacer\" data-id=\"acfaccb\" data-element_type=\"widget\" data-widget_type=\"spacer.default\">\n\t\t\t\t<div class=\"elementor-widget-container\">\n\t\t\t\t\t<div class=\"elementor-spacer\">\n\t\t\t<div class=\"elementor-spacer-inner\"><\/div>\n\t\t<\/div>\n\t\t\t\t<\/div>\n\t\t\t\t<\/div>\n\t\t\t\t<section class=\"elementor-section elementor-inner-section elementor-element elementor-element-b16ca10 elementor-section-boxed elementor-section-height-default elementor-section-height-default\" data-id=\"b16ca10\" data-element_type=\"section\">\n\t\t\t\t\t\t<div class=\"elementor-container elementor-column-gap-default\">\n\t\t\t\t\t\t\t<div class=\"elementor-row\">\n\t\t\t\t\t<div class=\"elementor-column elementor-col-66 elementor-inner-column elementor-element elementor-element-b286c39\" data-id=\"b286c39\" data-element_type=\"column\">\n\t\t\t<div class=\"elementor-column-wrap elementor-element-populated\">\n\t\t\t\t\t\t\t<div class=\"elementor-widget-wrap\">\n\t\t\t\t\t\t<div class=\"elementor-element elementor-element-0489bfe elementor-widget elementor-widget-heading\" data-id=\"0489bfe\" data-element_type=\"widget\" data-widget_type=\"heading.default\">\n\t\t\t\t<div class=\"elementor-widget-container\">\n\t\t\t<h4 class=\"elementor-heading-title elementor-size-default\"><h2 style=\"color: #00550a;\"><span style=\"color: #024027;\">Middle School<\/span><\/h2><\/h4>\t\t<\/div>\n\t\t\t\t<\/div>\n\t\t\t\t<div class=\"elementor-element elementor-element-ca4e007 elementor-widget elementor-widget-text-editor\" data-id=\"ca4e007\" data-element_type=\"widget\" data-widget_type=\"text-editor.default\">\n\t\t\t\t<div class=\"elementor-widget-container\">\n\t\t\t\t\t\t\t\t<div class=\"elementor-text-editor elementor-clearfix\">\n\t\t\t\t<p><span style=\"color: #024027;\">Para el Colegio Colombo Ingl\u00e9s la secci\u00f3n de Middle School se inicia a los diez a\u00f1os y consta de los grados 3\u00b0, 4\u00ba, 5\u00b0, 6\u00b0 y 7\u00b0; despertando en nuestros estudiantes una autonom\u00eda que les permita tomar decisiones orientadas en una formaci\u00f3n en valores y virtudes humanas; esta secci\u00f3n se fundamenta en la creaci\u00f3n de h\u00e1bitos de estudio en nuestros estudiantes, creando conciencia de responsabilidad y amor a sus deberes escolares.<\/span><\/p><h3 style=\"margin-bottom: var(--global-md-spacing); color: #000000;\"><span style=\"background-color: transparent; font-family: var(--global-body-font-family); color: #024027;\">En Middle School, en todo su conjunto disfruta de un ambiente biling\u00fce paralelo al espa\u00f1ol, enriqueciendo sus procesos de formaci\u00f3n en los est\u00e1ndares de competencias como requisito del Ministerio de Educaci\u00f3n Nacional, como en todo un proceso de biling\u00fcismo con el uso del Ingl\u00e9s como segunda lengua en asignaturas como: English, Reading Program, Science, Maths, Art, Technology, Geography and History; permitiendo con ellos una verdadera inmersi\u00f3n en el idioma.<\/span><\/h3><h3 class=\"wp-block-image is-style-rounded\" style=\"color: #000000;\"><span style=\"background-color: transparent; font-family: var(--global-body-font-family); color: #024027;\">As\u00ed mismo, los estudiantes desarrollan su capacidad investigativa y de emprendimiento indispensables para adaptarse al mundo de hoy; desarrollando estas mismas habilidades en todas las \u00e1reas del conocimiento, las cuales est\u00e1n integradas logrando una educaci\u00f3n arm\u00f3nica en los educandos.<\/span><\/h3><p><span style=\"color: #024027;\">Los estudiantes colombistas cuentan con aulas totalmente dotadas de los recursos tecnol\u00f3gicos que permitan de todos sus procesos pedag\u00f3gicos y formativos una verdadera educaci\u00f3n a la vanguardia de los avances del mundo de hoy, as\u00ed mismo, cuentan con un personal docente de calidad; profesionales id\u00f3neos, con experiencia en el \u00e1rea y, preparados acad\u00e9mica y pedag\u00f3gicamente en su labor.<\/span><\/p><p><span style=\"color: #024027;\">Al finalizar su ciclo de primaria deben presentar una prueba\u00a0 internacional \u2013 TOEFL PRIMARY \u2013 que certifica su nivel de dominio del Ingl\u00e9s como segunda lengua. Todo este proceso a la par de una\u00a0 formaci\u00f3n l\u00fadica, que permita que el estudiante potencialice todas sus\u00a0 habilidades y capacidades.<\/span><\/p>\t\t\t\t\t<\/div>\n\t\t\t\t\t\t<\/div>\n\t\t\t\t<\/div>\n\t\t\t\t\t\t<\/div>\n\t\t\t\t\t<\/div>\n\t\t<\/div>\n\t\t\t\t<div class=\"elementor-column elementor-col-33 elementor-inner-column elementor-element elementor-element-0550900\" data-id=\"0550900\" data-element_type=\"column\">\n\t\t\t<div class=\"elementor-column-wrap elementor-element-populated\">\n\t\t\t\t\t\t\t<div class=\"elementor-widget-wrap\">\n\t\t\t\t\t\t<div class=\"elementor-element elementor-element-7eb865d elementor-widget elementor-widget-spacer\" data-id=\"7eb865d\" data-element_type=\"widget\" data-widget_type=\"spacer.default\">\n\t\t\t\t<div class=\"elementor-widget-container\">\n\t\t\t\t\t<div class=\"elementor-spacer\">\n\t\t\t<div class=\"elementor-spacer-inner\"><\/div>\n\t\t<\/div>\n\t\t\t\t<\/div>\n\t\t\t\t<\/div>\n\t\t\t\t<div class=\"elementor-element elementor-element-8632d5d elementor-widget elementor-widget-image\" data-id=\"8632d5d\" data-element_type=\"widget\" data-widget_type=\"image.default\">\n\t\t\t\t<div class=\"elementor-widget-container\">\n\t\t\t\t\t\t\t\t<div class=\"elementor-image\">\n\t\t\t\t\t\t\t\t\t\t\t\t<img decoding=\"async\" src=\"https:\/\/colomboingles.edu.co\/wps\/wp-content\/uploads\/elementor\/thumbs\/IMG_4384-scaled-r1i98l00noowuocw2jaydm7m6q7x1cmz34ed3ug5tc.jpg\" title=\"IMG_4384\" alt=\"IMG_4384\" \/>\t\t\t\t\t\t\t\t\t\t\t\t\t\t<\/div>\n\t\t\t\t\t\t<\/div>\n\t\t\t\t<\/div>\n\t\t\t\t<div class=\"elementor-element elementor-element-4065bec elementor-widget elementor-widget-text-editor\" data-id=\"4065bec\" data-element_type=\"widget\" data-widget_type=\"text-editor.default\">\n\t\t\t\t<div class=\"elementor-widget-container\">\n\t\t\t\t\t\t\t\t<div class=\"elementor-text-editor elementor-clearfix\">\n\t\t\t\t<h6 style=\"text-align: center;\"><span style=\"color: #2cb053;\">Coordinador, Middle School<\/span><\/h6>\t\t\t\t\t<\/div>\n\t\t\t\t\t\t<\/div>\n\t\t\t\t<\/div>\n\t\t\t\t<div class=\"elementor-element elementor-element-9dcf5ec elementor-widget elementor-widget-image\" data-id=\"9dcf5ec\" data-element_type=\"widget\" data-widget_type=\"image.default\">\n\t\t\t\t<div class=\"elementor-widget-container\">\n\t\t\t\t\t\t\t\t<div class=\"elementor-image\">\n\t\t\t\t\t\t\t\t\t\t\t\t<img decoding=\"async\" src=\"https:\/\/colomboingles.edu.co\/wps\/wp-content\/uploads\/elementor\/thumbs\/IMG_2455-scaled-qppdlaaot9ii3x4mud7qzxff04hs49xtqcxf2a870o.jpg\" title=\"IMG_2455\" alt=\"IMG_2455\" \/>\t\t\t\t\t\t\t\t\t\t\t\t\t\t<\/div>\n\t\t\t\t\t\t<\/div>\n\t\t\t\t<\/div>\n\t\t\t\t\t\t<\/div>\n\t\t\t\t\t<\/div>\n\t\t<\/div>\n\t\t\t\t\t\t\t\t<\/div>\n\t\t\t\t\t<\/div>\n\t\t<\/section>\n\t\t\t\t<div class=\"elementor-element elementor-element-9e55ec7 elementor-widget elementor-widget-spacer\" data-id=\"9e55ec7\" data-element_type=\"widget\" data-widget_type=\"spacer.default\">\n\t\t\t\t<div class=\"elementor-widget-container\">\n\t\t\t\t\t<div class=\"elementor-spacer\">\n\t\t\t<div class=\"elementor-spacer-inner\"><\/div>\n\t\t<\/div>\n\t\t\t\t<\/div>\n\t\t\t\t<\/div>\n\t\t\t\t\t\t<\/div>\n\t\t\t\t\t<\/div>\n\t\t<\/div>\n\t\t\t\t\t\t\t\t<\/div>\n\t\t\t\t\t<\/div>\n\t\t<\/section>\n\t\t\t\t\t\t<\/div>\n\t\t\t\t\t\t<\/div>\n\t\t\t\t\t<\/div>\n\t\t","protected":false},"excerpt":{"rendered":"<p>Middle School Para el Colegio Colombo Ingl\u00e9s la secci\u00f3n de Middle School se inicia a los diez a\u00f1os y consta de los grados 3\u00b0, 4\u00ba, 5\u00b0, 6\u00b0 y 7\u00b0; despertando en nuestros estudiantes una autonom\u00eda que les permita tomar decisiones orientadas en una formaci\u00f3n en valores y virtudes humanas; esta secci\u00f3n se fundamenta en la&#8230;<\/p>\n","protected":false},"author":1,"featured_media":0,"parent":0,"menu_order":0,"comment_status":"closed","ping_status":"closed","template":"","meta":{"_kad_post_transparent":"","_kad_post_title":"","_kad_post_layout":"normal","_kad_post_sidebar_id":"","_kad_post_content_style":"","_kad_post_vertical_padding":"","_kad_post_feature":"","_kad_post_feature_position":"","_kad_post_header":false,"_kad_post_footer":false,"footnotes":""},"class_list":["post-1062","page","type-page","status-publish","hentry"],"nelio_popups_active_popup":"","_links":{"self":[{"href":"https:\/\/colomboingles.edu.co\/wps\/wp-json\/wp\/v2\/pages\/1062","targetHints":{"allow":["GET"]}}],"collection":[{"href":"https:\/\/colomboingles.edu.co\/wps\/wp-json\/wp\/v2\/pages"}],"about":[{"href":"https:\/\/colomboingles.edu.co\/wps\/wp-json\/wp\/v2\/types\/page"}],"author":[{"embeddable":true,"href":"https:\/\/colomboingles.edu.co\/wps\/wp-json\/wp\/v2\/users\/1"}],"replies":[{"embeddable":true,"href":"https:\/\/colomboingles.edu.co\/wps\/wp-json\/wp\/v2\/comments?post=1062"}],"version-history":[{"count":59,"href":"https:\/\/colomboingles.edu.co\/wps\/wp-json\/wp\/v2\/pages\/1062\/revisions"}],"predecessor-version":[{"id":4869,"href":"https:\/\/colomboingles.edu.co\/wps\/wp-json\/wp\/v2\/pages\/1062\/revisions\/4869"}],"wp:attachment":[{"href":"https:\/\/colomboingles.edu.co\/wps\/wp-json\/wp\/v2\/media?parent=1062"}],"curies":[{"name":"wp","href":"https:\/\/api.w.org\/{rel}","templated":true}]}}