{"id":1060,"date":"2021-01-18T16:51:42","date_gmt":"2021-01-18T16:51:42","guid":{"rendered":"https:\/\/colomboingles.edu.co\/wps\/?page_id=1060"},"modified":"2025-08-20T14:08:42","modified_gmt":"2025-08-20T14:08:42","slug":"elementary-school","status":"publish","type":"page","link":"https:\/\/colomboingles.edu.co\/wps\/elementary-school\/","title":{"rendered":"Elementary School"},"content":{"rendered":"\t\t<div data-elementor-type=\"wp-page\" data-elementor-id=\"1060\" class=\"elementor elementor-1060\" data-elementor-settings=\"[]\">\n\t\t\t\t\t\t<div class=\"elementor-inner\">\n\t\t\t\t\t\t\t<div class=\"elementor-section-wrap\">\n\t\t\t\t\t\t\t<section class=\"elementor-section elementor-top-section elementor-element elementor-element-2444783 elementor-section-boxed elementor-section-height-default elementor-section-height-default\" data-id=\"2444783\" data-element_type=\"section\">\n\t\t\t\t\t\t<div class=\"elementor-container elementor-column-gap-default\">\n\t\t\t\t\t\t\t<div class=\"elementor-row\">\n\t\t\t\t\t<div class=\"elementor-column elementor-col-100 elementor-top-column elementor-element elementor-element-3682d5a0\" data-id=\"3682d5a0\" data-element_type=\"column\">\n\t\t\t<div class=\"elementor-column-wrap elementor-element-populated\">\n\t\t\t\t\t\t\t<div class=\"elementor-widget-wrap\">\n\t\t\t\t\t\t<div class=\"elementor-element elementor-element-57c4986 elementor-widget elementor-widget-spacer\" data-id=\"57c4986\" data-element_type=\"widget\" data-widget_type=\"spacer.default\">\n\t\t\t\t<div class=\"elementor-widget-container\">\n\t\t\t\t\t<div class=\"elementor-spacer\">\n\t\t\t<div class=\"elementor-spacer-inner\"><\/div>\n\t\t<\/div>\n\t\t\t\t<\/div>\n\t\t\t\t<\/div>\n\t\t\t\t<section class=\"elementor-section elementor-inner-section elementor-element elementor-element-377a994 elementor-section-boxed elementor-section-height-default elementor-section-height-default\" data-id=\"377a994\" data-element_type=\"section\">\n\t\t\t\t\t\t<div class=\"elementor-container elementor-column-gap-default\">\n\t\t\t\t\t\t\t<div class=\"elementor-row\">\n\t\t\t\t\t<div class=\"elementor-column elementor-col-33 elementor-inner-column elementor-element elementor-element-b3fd0cb\" data-id=\"b3fd0cb\" data-element_type=\"column\">\n\t\t\t<div class=\"elementor-column-wrap elementor-element-populated\">\n\t\t\t\t\t\t\t<div class=\"elementor-widget-wrap\">\n\t\t\t\t\t\t<div class=\"elementor-element elementor-element-db11bab elementor-widget elementor-widget-image\" data-id=\"db11bab\" data-element_type=\"widget\" data-widget_type=\"image.default\">\n\t\t\t\t<div class=\"elementor-widget-container\">\n\t\t\t\t\t\t\t\t<div class=\"elementor-image\">\n\t\t\t\t\t\t\t\t\t\t\t\t<img loading=\"lazy\" decoding=\"async\" width=\"683\" height=\"1024\" src=\"https:\/\/colomboingles.edu.co\/wps\/wp-content\/uploads\/2025\/02\/IMG_4386-683x1024.jpg\" class=\"attachment-large size-large\" alt=\"\" srcset=\"https:\/\/colomboingles.edu.co\/wps\/wp-content\/uploads\/2025\/02\/IMG_4386-683x1024.jpg 683w, https:\/\/colomboingles.edu.co\/wps\/wp-content\/uploads\/2025\/02\/IMG_4386-200x300.jpg 200w, https:\/\/colomboingles.edu.co\/wps\/wp-content\/uploads\/2025\/02\/IMG_4386-768x1151.jpg 768w, https:\/\/colomboingles.edu.co\/wps\/wp-content\/uploads\/2025\/02\/IMG_4386-1025x1536.jpg 1025w, https:\/\/colomboingles.edu.co\/wps\/wp-content\/uploads\/2025\/02\/IMG_4386-600x899.jpg 600w, https:\/\/colomboingles.edu.co\/wps\/wp-content\/uploads\/2025\/02\/IMG_4386.jpg 1213w\" sizes=\"auto, (max-width: 683px) 100vw, 683px\" \/>\t\t\t\t\t\t\t\t\t\t\t\t\t\t<\/div>\n\t\t\t\t\t\t<\/div>\n\t\t\t\t<\/div>\n\t\t\t\t<div class=\"elementor-element elementor-element-6ab2318 elementor-widget elementor-widget-text-editor\" data-id=\"6ab2318\" data-element_type=\"widget\" data-widget_type=\"text-editor.default\">\n\t\t\t\t<div class=\"elementor-widget-container\">\n\t\t\t\t\t\t\t\t<div class=\"elementor-text-editor elementor-clearfix\">\n\t\t\t\t<h6><span style=\"color: #2cb053;\">Coordinador, Elementary School<\/span><\/h6>\t\t\t\t\t<\/div>\n\t\t\t\t\t\t<\/div>\n\t\t\t\t<\/div>\n\t\t\t\t<div class=\"elementor-element elementor-element-78b4f1e elementor-widget elementor-widget-image\" data-id=\"78b4f1e\" data-element_type=\"widget\" data-widget_type=\"image.default\">\n\t\t\t\t<div class=\"elementor-widget-container\">\n\t\t\t\t\t\t\t\t<div class=\"elementor-image\">\n\t\t\t\t\t\t\t\t\t\t\t\t<img loading=\"lazy\" decoding=\"async\" width=\"683\" height=\"1024\" src=\"https:\/\/colomboingles.edu.co\/wps\/wp-content\/uploads\/2024\/06\/elementary-683x1024.jpg\" class=\"attachment-large size-large\" alt=\"\" srcset=\"https:\/\/colomboingles.edu.co\/wps\/wp-content\/uploads\/2024\/06\/elementary-683x1024.jpg 683w, https:\/\/colomboingles.edu.co\/wps\/wp-content\/uploads\/2024\/06\/elementary-200x300.jpg 200w, https:\/\/colomboingles.edu.co\/wps\/wp-content\/uploads\/2024\/06\/elementary-768x1152.jpg 768w, https:\/\/colomboingles.edu.co\/wps\/wp-content\/uploads\/2024\/06\/elementary-1024x1536.jpg 1024w, https:\/\/colomboingles.edu.co\/wps\/wp-content\/uploads\/2024\/06\/elementary-1365x2048.jpg 1365w, https:\/\/colomboingles.edu.co\/wps\/wp-content\/uploads\/2024\/06\/elementary-600x900.jpg 600w, https:\/\/colomboingles.edu.co\/wps\/wp-content\/uploads\/2024\/06\/elementary-scaled.jpg 1707w\" sizes=\"auto, (max-width: 683px) 100vw, 683px\" \/>\t\t\t\t\t\t\t\t\t\t\t\t\t\t<\/div>\n\t\t\t\t\t\t<\/div>\n\t\t\t\t<\/div>\n\t\t\t\t\t\t<\/div>\n\t\t\t\t\t<\/div>\n\t\t<\/div>\n\t\t\t\t<div class=\"elementor-column elementor-col-66 elementor-inner-column elementor-element elementor-element-7a8d97f\" data-id=\"7a8d97f\" data-element_type=\"column\">\n\t\t\t<div class=\"elementor-column-wrap elementor-element-populated\">\n\t\t\t\t\t\t\t<div class=\"elementor-widget-wrap\">\n\t\t\t\t\t\t<div class=\"elementor-element elementor-element-f587d54 elementor-widget elementor-widget-heading\" data-id=\"f587d54\" data-element_type=\"widget\" data-widget_type=\"heading.default\">\n\t\t\t\t<div class=\"elementor-widget-container\">\n\t\t\t<h4 class=\"elementor-heading-title elementor-size-default\"><h2 class=\"has-text-align-center\"><span class=\"has-inline-color\" style=\"color: #024027;\">Elementary School<\/span><\/h2><\/h4>\t\t<\/div>\n\t\t\t\t<\/div>\n\t\t\t\t<div class=\"elementor-element elementor-element-6853df9 elementor-widget elementor-widget-text-editor\" data-id=\"6853df9\" data-element_type=\"widget\" data-widget_type=\"text-editor.default\">\n\t\t\t\t<div class=\"elementor-widget-container\">\n\t\t\t\t\t\t\t\t<div class=\"elementor-text-editor elementor-clearfix\">\n\t\t\t\t<p class=\"has-text-color\" style=\"color: #000000;\">Para el Colegio Colombo Ingl\u00e9s la secci\u00f3n de Elementary School se inicia con ni\u00f1os y ni\u00f1as desde que caminan hasta los ocho a\u00f1os de edad, organizada en siete niveles de formaci\u00f3n integral: Nursery, Introduction, Prekinder, Kinder, Transici\u00f3n, Primero y Segundo.<\/p>\n<p><!-- \/wp:paragraph --><!-- wp:paragraph {\"style\":{\"color\":{\"text\":\"#000000\"}}} --><\/p>\n<p class=\"has-text-color\" style=\"color: #000000;\">En cada grado se despierta en nuestros estudiantes el desarrollo de sus habilidades motrices, intelectuales, sociales, f\u00edsicas y emocionales; direccionadas en un ambiente l\u00fadico pedag\u00f3gico que motiva al estudiante en su formaci\u00f3n, todo esto en una inmersi\u00f3n gradual y secuencial en un ambiente biling\u00fce Ingl\u00e9s-Espa\u00f1ol.<\/p>\n<p><!-- \/wp:paragraph --><!-- wp:image {\"align\":\"center\",\"id\":692,\"width\":768,\"height\":576,\"className\":\"is-style-rounded\"} --><\/p>\n<p><!-- \/wp:image --><!-- wp:paragraph {\"style\":{\"color\":{\"text\":\"#000000\"}}} --><\/p>\n<p class=\"has-text-color\" style=\"color: #000000;\">En el grado Pre-kinder se desarrollan los diferentes aspectos propios iniciales, en el Kinder y Transici\u00f3n se caracteriza por adquirir a temprana edad el aprendizaje de la lectura y escritura; por esta raz\u00f3n se adopta como centro de inter\u00e9s la lecto-escritura y el idioma extranjero (ingl\u00e9s), garantizando que al ingresar a la b\u00e1sica primaria los ni\u00f1os lean y escriban perfectamente.<\/p>\n<p><!-- \/wp:paragraph --><!-- wp:paragraph {\"style\":{\"color\":{\"text\":\"#000000\"}}} --><\/p>\n<p class=\"has-text-color\" style=\"color: #000000;\">La educaci\u00f3n en la secci\u00f3n de Elementary School, es una integraci\u00f3n de todos los aspectos esenciales para un despertar cognitivo y socio-afectivo en nuestros estudiantes. Docentes capacitados con experiencia con ni\u00f1os de estas edades, planta f\u00edsica independiente de las secciones de Middle School y High School, sala de juegos, sala de inform\u00e1tica exclusiva y aulas de clases adaptadas a las necesidades de nuestros estudiantes; permitiendo con ello un avance gradual de sus procesos de formaci\u00f3n en un ambiente feliz, compartiendo con los dem\u00e1s ni\u00f1os con bases s\u00f3lidas en valores, que har\u00e1n de \u00e9l un gran ser humano.<\/p>\n<p><!-- \/wp:paragraph --><!-- wp:image {\"align\":\"center\",\"id\":696,\"width\":768,\"height\":512,\"className\":\"is-style-rounded\"} --><\/p>\n<p><!-- \/wp:image --><!-- wp:paragraph {\"style\":{\"color\":{\"text\":\"#000000\"}}} --><\/p>\n<p class=\"has-text-color\" style=\"color: #000000;\">El d\u00eda a d\u00eda del estudiante del preescolar en el Colegio Colombo Ingl\u00e9s, est\u00e1 lleno de aventuras, juegos, socializaci\u00f3n, de m\u00e1gicas jornadas despertando en nuestros estudiantes la alegr\u00eda del conocimiento, mientras juega, socializa e interact\u00faa con sus docentes y compa\u00f1eros<\/p>\t\t\t\t\t<\/div>\n\t\t\t\t\t\t<\/div>\n\t\t\t\t<\/div>\n\t\t\t\t\t\t<\/div>\n\t\t\t\t\t<\/div>\n\t\t<\/div>\n\t\t\t\t\t\t\t\t<\/div>\n\t\t\t\t\t<\/div>\n\t\t<\/section>\n\t\t\t\t\t\t<\/div>\n\t\t\t\t\t<\/div>\n\t\t<\/div>\n\t\t\t\t\t\t\t\t<\/div>\n\t\t\t\t\t<\/div>\n\t\t<\/section>\n\t\t\t\t<section class=\"elementor-section elementor-top-section elementor-element elementor-element-3f7a581 elementor-section-boxed elementor-section-height-default elementor-section-height-default\" data-id=\"3f7a581\" data-element_type=\"section\">\n\t\t\t\t\t\t<div class=\"elementor-container elementor-column-gap-default\">\n\t\t\t\t\t\t\t<div class=\"elementor-row\">\n\t\t\t\t\t<div class=\"elementor-column elementor-col-100 elementor-top-column elementor-element elementor-element-95d29fb\" data-id=\"95d29fb\" data-element_type=\"column\">\n\t\t\t<div class=\"elementor-column-wrap elementor-element-populated\">\n\t\t\t\t\t\t\t<div class=\"elementor-widget-wrap\">\n\t\t\t\t\t\t<div class=\"elementor-element elementor-element-1f99576 elementor-widget elementor-widget-spacer\" data-id=\"1f99576\" data-element_type=\"widget\" data-widget_type=\"spacer.default\">\n\t\t\t\t<div class=\"elementor-widget-container\">\n\t\t\t\t\t<div class=\"elementor-spacer\">\n\t\t\t<div class=\"elementor-spacer-inner\"><\/div>\n\t\t<\/div>\n\t\t\t\t<\/div>\n\t\t\t\t<\/div>\n\t\t\t\t\t\t<\/div>\n\t\t\t\t\t<\/div>\n\t\t<\/div>\n\t\t\t\t\t\t\t\t<\/div>\n\t\t\t\t\t<\/div>\n\t\t<\/section>\n\t\t\t\t\t\t<\/div>\n\t\t\t\t\t\t<\/div>\n\t\t\t\t\t<\/div>\n\t\t","protected":false},"excerpt":{"rendered":"<p>Coordinador, Elementary School Elementary School Para el Colegio Colombo Ingl\u00e9s la secci\u00f3n de Elementary School se inicia con ni\u00f1os y ni\u00f1as desde que caminan hasta los ocho a\u00f1os de edad, organizada en siete niveles de formaci\u00f3n integral: Nursery, Introduction, Prekinder, Kinder, Transici\u00f3n, Primero y Segundo. En cada grado se despierta en nuestros estudiantes el desarrollo&#8230;<\/p>\n","protected":false},"author":1,"featured_media":0,"parent":0,"menu_order":0,"comment_status":"closed","ping_status":"closed","template":"","meta":{"_kad_post_transparent":"","_kad_post_title":"","_kad_post_layout":"normal","_kad_post_sidebar_id":"","_kad_post_content_style":"","_kad_post_vertical_padding":"","_kad_post_feature":"","_kad_post_feature_position":"","_kad_post_header":false,"_kad_post_footer":false,"footnotes":""},"class_list":["post-1060","page","type-page","status-publish","hentry"],"nelio_popups_active_popup":"","_links":{"self":[{"href":"https:\/\/colomboingles.edu.co\/wps\/wp-json\/wp\/v2\/pages\/1060","targetHints":{"allow":["GET"]}}],"collection":[{"href":"https:\/\/colomboingles.edu.co\/wps\/wp-json\/wp\/v2\/pages"}],"about":[{"href":"https:\/\/colomboingles.edu.co\/wps\/wp-json\/wp\/v2\/types\/page"}],"author":[{"embeddable":true,"href":"https:\/\/colomboingles.edu.co\/wps\/wp-json\/wp\/v2\/users\/1"}],"replies":[{"embeddable":true,"href":"https:\/\/colomboingles.edu.co\/wps\/wp-json\/wp\/v2\/comments?post=1060"}],"version-history":[{"count":59,"href":"https:\/\/colomboingles.edu.co\/wps\/wp-json\/wp\/v2\/pages\/1060\/revisions"}],"predecessor-version":[{"id":4866,"href":"https:\/\/colomboingles.edu.co\/wps\/wp-json\/wp\/v2\/pages\/1060\/revisions\/4866"}],"wp:attachment":[{"href":"https:\/\/colomboingles.edu.co\/wps\/wp-json\/wp\/v2\/media?parent=1060"}],"curies":[{"name":"wp","href":"https:\/\/api.w.org\/{rel}","templated":true}]}}