{"id":1058,"date":"2021-01-18T16:51:13","date_gmt":"2021-01-18T16:51:13","guid":{"rendered":"https:\/\/colomboingles.edu.co\/wps\/?page_id=1058"},"modified":"2025-08-20T16:08:36","modified_gmt":"2025-08-20T16:08:36","slug":"apoyo-educativo","status":"publish","type":"page","link":"https:\/\/colomboingles.edu.co\/wps\/apoyo-educativo\/","title":{"rendered":"Apoyo Educativo"},"content":{"rendered":"\t\t<div data-elementor-type=\"wp-page\" data-elementor-id=\"1058\" class=\"elementor elementor-1058\" data-elementor-settings=\"[]\">\n\t\t\t\t\t\t<div class=\"elementor-inner\">\n\t\t\t\t\t\t\t<div class=\"elementor-section-wrap\">\n\t\t\t\t\t\t\t<section class=\"elementor-section elementor-top-section elementor-element elementor-element-44edf68d elementor-section-boxed elementor-section-height-default elementor-section-height-default\" data-id=\"44edf68d\" data-element_type=\"section\">\n\t\t\t\t\t\t<div class=\"elementor-container elementor-column-gap-default\">\n\t\t\t\t\t\t\t<div class=\"elementor-row\">\n\t\t\t\t\t<div class=\"elementor-column elementor-col-100 elementor-top-column elementor-element elementor-element-35540368\" data-id=\"35540368\" data-element_type=\"column\">\n\t\t\t<div class=\"elementor-column-wrap elementor-element-populated\">\n\t\t\t\t\t\t\t<div class=\"elementor-widget-wrap\">\n\t\t\t\t\t\t<div class=\"elementor-element elementor-element-133cab3 elementor-widget elementor-widget-spacer\" data-id=\"133cab3\" data-element_type=\"widget\" data-widget_type=\"spacer.default\">\n\t\t\t\t<div class=\"elementor-widget-container\">\n\t\t\t\t\t<div class=\"elementor-spacer\">\n\t\t\t<div class=\"elementor-spacer-inner\"><\/div>\n\t\t<\/div>\n\t\t\t\t<\/div>\n\t\t\t\t<\/div>\n\t\t\t\t<div class=\"elementor-element elementor-element-1bcd082 elementor-widget elementor-widget-heading\" data-id=\"1bcd082\" data-element_type=\"widget\" data-widget_type=\"heading.default\">\n\t\t\t\t<div class=\"elementor-widget-container\">\n\t\t\t<h1 class=\"elementor-heading-title elementor-size-large\">Apoyo Educativo<\/h1>\t\t<\/div>\n\t\t\t\t<\/div>\n\t\t\t\t<div class=\"elementor-element elementor-element-71e23f41 elementor-widget elementor-widget-text-editor\" data-id=\"71e23f41\" data-element_type=\"widget\" data-widget_type=\"text-editor.default\">\n\t\t\t\t<div class=\"elementor-widget-container\">\n\t\t\t\t\t\t\t\t<div class=\"elementor-text-editor elementor-clearfix\">\n\t\t\t\t<p class=\"has-text-color\" style=\"color: #000000;\">Vamos\u00a0m\u00e1s\u00a0all\u00e1\u00a0de\u00a0las\u00a0aulas\u00a0de\u00a0clases, para\u00a0superar\u00a0algunas\u00a0debilidades\u00a0en\u00a0los\u00a0procesos\u00a0de\u00a0formaci\u00f3n de nuestros estudiantes.\u00a0<\/p>\n<p><!-- \/wp:paragraph --><!-- wp:paragraph {\"style\":{\"color\":{\"text\":\"#000000\"}}} --><\/p>\n<p class=\"has-text-color\" style=\"color: #000000;\">Iniciados desde el grado 9, y continuando en los grados 10 y 11; logrando que el estudiante ahonde en el maravilloso mundo del conocimiento, llev\u00e1ndolos a descubrir todo su potencial; todo esto dentro de un proceso estructurado y dosificado que no los sature, por el contrario, que despierte en \u00e9l la alegr\u00eda por el saber.<\/p>\n<p><!-- \/wp:paragraph --><!-- wp:paragraph {\"style\":{\"color\":{\"text\":\"#000000\"}}} --><\/p>\n<p class=\"has-text-color\" style=\"color: #000000;\">As\u00ed mismo, se cuenta con el sistema de nivelaci\u00f3n, dise\u00f1ado para estudiantes que durante el proceso acad\u00e9mico presenten dificultades en su nivel de aprendizaje, dise\u00f1ado con visitas de orientaci\u00f3n escolar, actividades b\u00e1sicas de nivelaci\u00f3n como talleres, explicaciones extras y personalizadas dentro de Los procesos del estudiante. Con miras para lograr una educaci\u00f3n integral y no diferencial de nuestros estudiantes con ritmos de aprendizaje.<\/p>\n<p><!-- \/wp:paragraph --><\/p>\t\t\t\t\t<\/div>\n\t\t\t\t\t\t<\/div>\n\t\t\t\t<\/div>\n\t\t\t\t<div class=\"elementor-element elementor-element-af1bf3c elementor-widget elementor-widget-spacer\" data-id=\"af1bf3c\" data-element_type=\"widget\" data-widget_type=\"spacer.default\">\n\t\t\t\t<div class=\"elementor-widget-container\">\n\t\t\t\t\t<div class=\"elementor-spacer\">\n\t\t\t<div class=\"elementor-spacer-inner\"><\/div>\n\t\t<\/div>\n\t\t\t\t<\/div>\n\t\t\t\t<\/div>\n\t\t\t\t\t\t<\/div>\n\t\t\t\t\t<\/div>\n\t\t<\/div>\n\t\t\t\t\t\t\t\t<\/div>\n\t\t\t\t\t<\/div>\n\t\t<\/section>\n\t\t\t\t\t\t<\/div>\n\t\t\t\t\t\t<\/div>\n\t\t\t\t\t<\/div>\n\t\t","protected":false},"excerpt":{"rendered":"<p>Apoyo Educativo Vamos\u00a0m\u00e1s\u00a0all\u00e1\u00a0de\u00a0las\u00a0aulas\u00a0de\u00a0clases, para\u00a0superar\u00a0algunas\u00a0debilidades\u00a0en\u00a0los\u00a0procesos\u00a0de\u00a0formaci\u00f3n de nuestros estudiantes.\u00a0 Iniciados desde el grado 9, y continuando en los grados 10 y 11; logrando que el estudiante ahonde en el maravilloso mundo del conocimiento, llev\u00e1ndolos a descubrir todo su potencial; todo esto dentro de un proceso estructurado y dosificado que no los sature, por el contrario, que despierte&#8230;<\/p>\n","protected":false},"author":1,"featured_media":0,"parent":0,"menu_order":0,"comment_status":"closed","ping_status":"closed","template":"","meta":{"_kad_post_transparent":"","_kad_post_title":"","_kad_post_layout":"normal","_kad_post_sidebar_id":"","_kad_post_content_style":"","_kad_post_vertical_padding":"","_kad_post_feature":"","_kad_post_feature_position":"","_kad_post_header":false,"_kad_post_footer":false,"footnotes":""},"class_list":["post-1058","page","type-page","status-publish","hentry"],"nelio_popups_active_popup":"","_links":{"self":[{"href":"https:\/\/colomboingles.edu.co\/wps\/wp-json\/wp\/v2\/pages\/1058","targetHints":{"allow":["GET"]}}],"collection":[{"href":"https:\/\/colomboingles.edu.co\/wps\/wp-json\/wp\/v2\/pages"}],"about":[{"href":"https:\/\/colomboingles.edu.co\/wps\/wp-json\/wp\/v2\/types\/page"}],"author":[{"embeddable":true,"href":"https:\/\/colomboingles.edu.co\/wps\/wp-json\/wp\/v2\/users\/1"}],"replies":[{"embeddable":true,"href":"https:\/\/colomboingles.edu.co\/wps\/wp-json\/wp\/v2\/comments?post=1058"}],"version-history":[{"count":19,"href":"https:\/\/colomboingles.edu.co\/wps\/wp-json\/wp\/v2\/pages\/1058\/revisions"}],"predecessor-version":[{"id":4948,"href":"https:\/\/colomboingles.edu.co\/wps\/wp-json\/wp\/v2\/pages\/1058\/revisions\/4948"}],"wp:attachment":[{"href":"https:\/\/colomboingles.edu.co\/wps\/wp-json\/wp\/v2\/media?parent=1058"}],"curies":[{"name":"wp","href":"https:\/\/api.w.org\/{rel}","templated":true}]}}