{"id":1056,"date":"2021-01-18T16:50:53","date_gmt":"2021-01-18T16:50:53","guid":{"rendered":"https:\/\/colomboingles.edu.co\/wps\/?page_id=1056"},"modified":"2025-08-20T16:06:56","modified_gmt":"2025-08-20T16:06:56","slug":"bienestar-estudiantil","status":"publish","type":"page","link":"https:\/\/colomboingles.edu.co\/wps\/bienestar-estudiantil\/","title":{"rendered":"Bienestar Escolar"},"content":{"rendered":"\t\t<div data-elementor-type=\"wp-page\" data-elementor-id=\"1056\" class=\"elementor elementor-1056\" data-elementor-settings=\"[]\">\n\t\t\t\t\t\t<div class=\"elementor-inner\">\n\t\t\t\t\t\t\t<div class=\"elementor-section-wrap\">\n\t\t\t\t\t\t\t<section class=\"elementor-section elementor-top-section elementor-element elementor-element-cc56364 elementor-section-boxed elementor-section-height-default elementor-section-height-default\" data-id=\"cc56364\" data-element_type=\"section\">\n\t\t\t\t\t\t<div class=\"elementor-container elementor-column-gap-default\">\n\t\t\t\t\t\t\t<div class=\"elementor-row\">\n\t\t\t\t\t<div class=\"elementor-column elementor-col-100 elementor-top-column elementor-element elementor-element-35482f0\" data-id=\"35482f0\" data-element_type=\"column\">\n\t\t\t<div class=\"elementor-column-wrap elementor-element-populated\">\n\t\t\t\t\t\t\t<div class=\"elementor-widget-wrap\">\n\t\t\t\t\t\t<div class=\"elementor-element elementor-element-8d3787f elementor-widget elementor-widget-spacer\" data-id=\"8d3787f\" data-element_type=\"widget\" data-widget_type=\"spacer.default\">\n\t\t\t\t<div class=\"elementor-widget-container\">\n\t\t\t\t\t<div class=\"elementor-spacer\">\n\t\t\t<div class=\"elementor-spacer-inner\"><\/div>\n\t\t<\/div>\n\t\t\t\t<\/div>\n\t\t\t\t<\/div>\n\t\t\t\t<div class=\"elementor-element elementor-element-05dac23 elementor-widget elementor-widget-heading\" data-id=\"05dac23\" data-element_type=\"widget\" data-widget_type=\"heading.default\">\n\t\t\t\t<div class=\"elementor-widget-container\">\n\t\t\t<h1 class=\"elementor-heading-title elementor-size-default\">Bienestar Escolar<\/h1>\t\t<\/div>\n\t\t\t\t<\/div>\n\t\t\t\t\t\t<\/div>\n\t\t\t\t\t<\/div>\n\t\t<\/div>\n\t\t\t\t\t\t\t\t<\/div>\n\t\t\t\t\t<\/div>\n\t\t<\/section>\n\t\t\t\t<section class=\"elementor-section elementor-top-section elementor-element elementor-element-7297afba elementor-section-boxed elementor-section-height-default elementor-section-height-default\" data-id=\"7297afba\" data-element_type=\"section\">\n\t\t\t\t\t\t<div class=\"elementor-container elementor-column-gap-default\">\n\t\t\t\t\t\t\t<div class=\"elementor-row\">\n\t\t\t\t\t<div class=\"elementor-column elementor-col-100 elementor-top-column elementor-element elementor-element-5da42a61\" data-id=\"5da42a61\" data-element_type=\"column\">\n\t\t\t<div class=\"elementor-column-wrap elementor-element-populated\">\n\t\t\t\t\t\t\t<div class=\"elementor-widget-wrap\">\n\t\t\t\t\t\t<div class=\"elementor-element elementor-element-648e183 elementor-widget elementor-widget-text-editor\" data-id=\"648e183\" data-element_type=\"widget\" data-widget_type=\"text-editor.default\">\n\t\t\t\t<div class=\"elementor-widget-container\">\n\t\t\t\t\t\t\t\t<div class=\"elementor-text-editor elementor-clearfix\">\n\t\t\t\t<p>Estamos comprometidos con el Bienestar Escolar, para el desarrollo acad\u00e9mico y personal de nuestros estudiantes. Creemos firmemente en la importancia de crear un entorno educativo saludable y equitativo, donde\u00a0 cada estudiante pueda alcanzar su m\u00e1ximo potencial, a trav\u00e9s de orientaci\u00f3n, recursos, experiencias compartidas y dem\u00e1s. Apoyamos a estudiantes, padres y educadores en el camino a una educaci\u00f3n integral y enriquecedora <strong>\u00a1En el Colombo Ingl\u00e9s, el Bienestar Escolar es un pilar fundamental!<\/strong><\/p>\t\t\t\t\t<\/div>\n\t\t\t\t\t\t<\/div>\n\t\t\t\t<\/div>\n\t\t\t\t<div class=\"elementor-element elementor-element-81e4e1c elementor-widget elementor-widget-text-editor\" data-id=\"81e4e1c\" data-element_type=\"widget\" data-widget_type=\"text-editor.default\">\n\t\t\t\t<div class=\"elementor-widget-container\">\n\t\t\t\t\t\t\t\t<div class=\"elementor-text-editor elementor-clearfix\">\n\t\t\t\t<h1><span style=\"color: #2cb053;\"><strong>\u00bfQu\u00e9 hacemos desde Bienestar Escolar?<\/strong><\/span><\/h1>\t\t\t\t\t<\/div>\n\t\t\t\t\t\t<\/div>\n\t\t\t\t<\/div>\n\t\t\t\t<section class=\"elementor-section elementor-inner-section elementor-element elementor-element-939f95c elementor-section-boxed elementor-section-height-default elementor-section-height-default\" data-id=\"939f95c\" data-element_type=\"section\">\n\t\t\t\t\t\t<div class=\"elementor-container elementor-column-gap-default\">\n\t\t\t\t\t\t\t<div class=\"elementor-row\">\n\t\t\t\t\t<div class=\"elementor-column elementor-col-50 elementor-inner-column elementor-element elementor-element-5adbe81\" data-id=\"5adbe81\" data-element_type=\"column\">\n\t\t\t<div class=\"elementor-column-wrap elementor-element-populated\">\n\t\t\t\t\t\t\t<div class=\"elementor-widget-wrap\">\n\t\t\t\t\t\t<div class=\"elementor-element elementor-element-83cb5a6 elementor-widget elementor-widget-text-editor\" data-id=\"83cb5a6\" data-element_type=\"widget\" data-widget_type=\"text-editor.default\">\n\t\t\t\t<div class=\"elementor-widget-container\">\n\t\t\t\t\t\t\t\t<div class=\"elementor-text-editor elementor-clearfix\">\n\t\t\t\t<ul>\n<li>Atenci\u00f3n y orientaci\u00f3n a estudiantes desde el aspecto acad\u00e9mico, convivencial y personal.<\/li>\n<li>Atenci\u00f3n a padres desde el aspecto familiar.<\/li>\n<li>Atenci\u00f3n y orientaci\u00f3n personal a colaboradores.<\/li>\n<li>\u00a0Orientaci\u00f3n vocacional a estudiantes, con visita a instituciones universitarias.<\/li>\n<li>Feria de egresados<\/li>\n<\/ul>\t\t\t\t\t<\/div>\n\t\t\t\t\t\t<\/div>\n\t\t\t\t<\/div>\n\t\t\t\t\t\t<\/div>\n\t\t\t\t\t<\/div>\n\t\t<\/div>\n\t\t\t\t<div class=\"elementor-column elementor-col-50 elementor-inner-column elementor-element elementor-element-e40b485\" data-id=\"e40b485\" data-element_type=\"column\">\n\t\t\t<div class=\"elementor-column-wrap elementor-element-populated\">\n\t\t\t\t\t\t\t<div class=\"elementor-widget-wrap\">\n\t\t\t\t\t\t<div class=\"elementor-element elementor-element-d3ee3b9 elementor-widget elementor-widget-text-editor\" data-id=\"d3ee3b9\" data-element_type=\"widget\" data-widget_type=\"text-editor.default\">\n\t\t\t\t<div class=\"elementor-widget-container\">\n\t\t\t\t\t\t\t\t<div class=\"elementor-text-editor elementor-clearfix\">\n\t\t\t\t<ul>\n<li>Campa\u00f1as preventivas sobre salud mental, redes sociales, consumo de sustancias psicoactivas, entre otros.<\/li>\n<li>Encuentros de padres de familia colombistas<\/li>\n<li>Convivencias espirituales, para fortalecer el encuentro con Dios, consigo mismo y con los dem\u00e1s.\u00a0<\/li>\n<li>Charlas sobre Educaci\u00f3n Sexual<\/li>\n<\/ul>\t\t\t\t\t<\/div>\n\t\t\t\t\t\t<\/div>\n\t\t\t\t<\/div>\n\t\t\t\t\t\t<\/div>\n\t\t\t\t\t<\/div>\n\t\t<\/div>\n\t\t\t\t\t\t\t\t<\/div>\n\t\t\t\t\t<\/div>\n\t\t<\/section>\n\t\t\t\t<div class=\"elementor-element elementor-element-dffa567 elementor-widget elementor-widget-text-editor\" data-id=\"dffa567\" data-element_type=\"widget\" data-widget_type=\"text-editor.default\">\n\t\t\t\t<div class=\"elementor-widget-container\">\n\t\t\t\t\t\t\t\t<div class=\"elementor-text-editor elementor-clearfix\">\n\t\t\t\t<p><strong>Capell\u00e1n Escolar:\u00a0<\/strong><\/p>\n<ul>\n<li>Orientaci\u00f3n espiritual a estudiantes padres y colaboradores.<\/li>\n<li>Confesiones<\/li>\n<li>Sacramentos: Bautizos, primera comuni\u00f3n y confirmaci\u00f3n.<\/li>\n<\/ul>\t\t\t\t\t<\/div>\n\t\t\t\t\t\t<\/div>\n\t\t\t\t<\/div>\n\t\t\t\t<div class=\"elementor-element elementor-element-8895e28 elementor-widget elementor-widget-text-editor\" data-id=\"8895e28\" data-element_type=\"widget\" data-widget_type=\"text-editor.default\">\n\t\t\t\t<div class=\"elementor-widget-container\">\n\t\t\t\t\t\t\t\t<div class=\"elementor-text-editor elementor-clearfix\">\n\t\t\t\t<p><strong>\u00bfQui\u00e9nes lo conforman?<\/strong><\/p>\t\t\t\t\t<\/div>\n\t\t\t\t\t\t<\/div>\n\t\t\t\t<\/div>\n\t\t\t\t<section class=\"elementor-section elementor-inner-section elementor-element elementor-element-80e7dfb elementor-section-boxed elementor-section-height-default elementor-section-height-default\" data-id=\"80e7dfb\" data-element_type=\"section\">\n\t\t\t\t\t\t<div class=\"elementor-container elementor-column-gap-default\">\n\t\t\t\t\t\t\t<div class=\"elementor-row\">\n\t\t\t\t\t<div class=\"elementor-column elementor-col-50 elementor-inner-column elementor-element elementor-element-98189e3\" data-id=\"98189e3\" data-element_type=\"column\">\n\t\t\t<div class=\"elementor-column-wrap elementor-element-populated\">\n\t\t\t\t\t\t\t<div class=\"elementor-widget-wrap\">\n\t\t\t\t\t\t<div class=\"elementor-element elementor-element-fa03bb9 elementor-widget elementor-widget-image\" data-id=\"fa03bb9\" data-element_type=\"widget\" data-widget_type=\"image.default\">\n\t\t\t\t<div class=\"elementor-widget-container\">\n\t\t\t\t\t\t\t\t<div class=\"elementor-image\">\n\t\t\t\t\t\t\t\t\t\t\t\t<img decoding=\"async\" src=\"https:\/\/colomboingles.edu.co\/wps\/wp-content\/uploads\/elementor\/thumbs\/IMG_1691-2-1-scaled-qpbfxhv6mj0jyzb65vwrzp7nn5o98fu5fyf70ae74k.jpg\" title=\"IMG_1691 (2)\" alt=\"IMG_1691 (2)\" \/>\t\t\t\t\t\t\t\t\t\t\t\t\t\t<\/div>\n\t\t\t\t\t\t<\/div>\n\t\t\t\t<\/div>\n\t\t\t\t<div class=\"elementor-element elementor-element-6d4a5a8 elementor-widget elementor-widget-text-editor\" data-id=\"6d4a5a8\" data-element_type=\"widget\" data-widget_type=\"text-editor.default\">\n\t\t\t\t<div class=\"elementor-widget-container\">\n\t\t\t\t\t\t\t\t<div class=\"elementor-text-editor elementor-clearfix\">\n\t\t\t\t<p><strong>Ana Mar\u00eda Camila Gonz\u00e1lez Lea &#8211; Psic\u00f3loga<\/strong><\/p><p>Orientadora Escolar,\u00a0 High School.<\/p>\t\t\t\t\t<\/div>\n\t\t\t\t\t\t<\/div>\n\t\t\t\t<\/div>\n\t\t\t\t<div class=\"elementor-element elementor-element-3a235d2 elementor-widget elementor-widget-image\" data-id=\"3a235d2\" data-element_type=\"widget\" data-widget_type=\"image.default\">\n\t\t\t\t<div class=\"elementor-widget-container\">\n\t\t\t\t\t\t\t\t<div class=\"elementor-image\">\n\t\t\t\t\t\t\t\t\t\t\t\t<img decoding=\"async\" src=\"https:\/\/colomboingles.edu.co\/wps\/wp-content\/uploads\/elementor\/thumbs\/IMG_3696-scaled-r1ozdu4aktxiha1rxi6um6sm78b9j7kadah95xi00k.jpg\" title=\"IMG_3696\" alt=\"IMG_3696\" \/>\t\t\t\t\t\t\t\t\t\t\t\t\t\t<\/div>\n\t\t\t\t\t\t<\/div>\n\t\t\t\t<\/div>\n\t\t\t\t<div class=\"elementor-element elementor-element-45359bd elementor-widget elementor-widget-text-editor\" data-id=\"45359bd\" data-element_type=\"widget\" data-widget_type=\"text-editor.default\">\n\t\t\t\t<div class=\"elementor-widget-container\">\n\t\t\t\t\t\t\t\t<div class=\"elementor-text-editor elementor-clearfix\">\n\t\t\t\t<p><strong>Camila Romero Iriarte &#8211; Psic\u00f3loga<\/strong><\/p><p>Orientadora Escolar, Middle School<\/p>\t\t\t\t\t<\/div>\n\t\t\t\t\t\t<\/div>\n\t\t\t\t<\/div>\n\t\t\t\t\t\t<\/div>\n\t\t\t\t\t<\/div>\n\t\t<\/div>\n\t\t\t\t<div class=\"elementor-column elementor-col-50 elementor-inner-column elementor-element elementor-element-9170200\" data-id=\"9170200\" data-element_type=\"column\">\n\t\t\t<div class=\"elementor-column-wrap elementor-element-populated\">\n\t\t\t\t\t\t\t<div class=\"elementor-widget-wrap\">\n\t\t\t\t\t\t<div class=\"elementor-element elementor-element-6af4d08 elementor-widget elementor-widget-image\" data-id=\"6af4d08\" data-element_type=\"widget\" data-widget_type=\"image.default\">\n\t\t\t\t<div class=\"elementor-widget-container\">\n\t\t\t\t\t\t\t\t<div class=\"elementor-image\">\n\t\t\t\t\t\t\t\t\t\t\t\t<img decoding=\"async\" src=\"https:\/\/colomboingles.edu.co\/wps\/wp-content\/uploads\/elementor\/thumbs\/IMG_4475-scaled-qp9o1o70xeq9dvxlirw2b1wnpx7q0rp0kvsppsd76c.jpg\" title=\"IMG_4475\" alt=\"IMG_4475\" \/>\t\t\t\t\t\t\t\t\t\t\t\t\t\t<\/div>\n\t\t\t\t\t\t<\/div>\n\t\t\t\t<\/div>\n\t\t\t\t<div class=\"elementor-element elementor-element-33c60d9 elementor-widget elementor-widget-text-editor\" data-id=\"33c60d9\" data-element_type=\"widget\" data-widget_type=\"text-editor.default\">\n\t\t\t\t<div class=\"elementor-widget-container\">\n\t\t\t\t\t\t\t\t<div class=\"elementor-text-editor elementor-clearfix\">\n\t\t\t\t<p><strong>Andrea Oliveros Delgado &#8211; Psic\u00f3loga<\/strong><\/p>\n<p>Orientadora Escolar, Elementary School<\/p>\t\t\t\t\t<\/div>\n\t\t\t\t\t\t<\/div>\n\t\t\t\t<\/div>\n\t\t\t\t<div class=\"elementor-element elementor-element-47edc59 elementor-widget elementor-widget-image\" data-id=\"47edc59\" data-element_type=\"widget\" data-widget_type=\"image.default\">\n\t\t\t\t<div class=\"elementor-widget-container\">\n\t\t\t\t\t\t\t\t<div class=\"elementor-image\">\n\t\t\t\t\t\t\t\t\t\t\t\t<img decoding=\"async\" src=\"https:\/\/colomboingles.edu.co\/wps\/wp-content\/uploads\/elementor\/thumbs\/WhatsApp-Image-2024-11-20-at-11.06.33-AM-r1ozfuhv72olb94n6vh4g6j3xweizwjmb8pn48iopg.jpeg\" title=\"WhatsApp Image 2024-11-20 at 11.06.33 AM\" alt=\"WhatsApp Image 2024-11-20 at 11.06.33 AM\" \/>\t\t\t\t\t\t\t\t\t\t\t\t\t\t<\/div>\n\t\t\t\t\t\t<\/div>\n\t\t\t\t<\/div>\n\t\t\t\t<div class=\"elementor-element elementor-element-bac6de8 elementor-widget elementor-widget-text-editor\" data-id=\"bac6de8\" data-element_type=\"widget\" data-widget_type=\"text-editor.default\">\n\t\t\t\t<div class=\"elementor-widget-container\">\n\t\t\t\t\t\t\t\t<div class=\"elementor-text-editor elementor-clearfix\">\n\t\t\t\t<p><strong>\u00a0Jorge Walteros Soto &#8211; Padre<\/strong><\/p><p>Capell\u00e1n Escolar<\/p>\t\t\t\t\t<\/div>\n\t\t\t\t\t\t<\/div>\n\t\t\t\t<\/div>\n\t\t\t\t\t\t<\/div>\n\t\t\t\t\t<\/div>\n\t\t<\/div>\n\t\t\t\t\t\t\t\t<\/div>\n\t\t\t\t\t<\/div>\n\t\t<\/section>\n\t\t\t\t\t\t<\/div>\n\t\t\t\t\t<\/div>\n\t\t<\/div>\n\t\t\t\t\t\t\t\t<\/div>\n\t\t\t\t\t<\/div>\n\t\t<\/section>\n\t\t\t\t\t\t<\/div>\n\t\t\t\t\t\t<\/div>\n\t\t\t\t\t<\/div>\n\t\t","protected":false},"excerpt":{"rendered":"<p>Bienestar Escolar Estamos comprometidos con el Bienestar Escolar, para el desarrollo acad\u00e9mico y personal de nuestros estudiantes. Creemos firmemente en la importancia de crear un entorno educativo saludable y equitativo, donde\u00a0 cada estudiante pueda alcanzar su m\u00e1ximo potencial, a trav\u00e9s de orientaci\u00f3n, recursos, experiencias compartidas y dem\u00e1s. Apoyamos a estudiantes, padres y educadores en el&#8230;<\/p>\n","protected":false},"author":1,"featured_media":0,"parent":0,"menu_order":0,"comment_status":"closed","ping_status":"closed","template":"","meta":{"_kad_post_transparent":"","_kad_post_title":"","_kad_post_layout":"normal","_kad_post_sidebar_id":"","_kad_post_content_style":"","_kad_post_vertical_padding":"","_kad_post_feature":"","_kad_post_feature_position":"","_kad_post_header":false,"_kad_post_footer":false,"footnotes":""},"class_list":["post-1056","page","type-page","status-publish","hentry"],"nelio_popups_active_popup":"","_links":{"self":[{"href":"https:\/\/colomboingles.edu.co\/wps\/wp-json\/wp\/v2\/pages\/1056","targetHints":{"allow":["GET"]}}],"collection":[{"href":"https:\/\/colomboingles.edu.co\/wps\/wp-json\/wp\/v2\/pages"}],"about":[{"href":"https:\/\/colomboingles.edu.co\/wps\/wp-json\/wp\/v2\/types\/page"}],"author":[{"embeddable":true,"href":"https:\/\/colomboingles.edu.co\/wps\/wp-json\/wp\/v2\/users\/1"}],"replies":[{"embeddable":true,"href":"https:\/\/colomboingles.edu.co\/wps\/wp-json\/wp\/v2\/comments?post=1056"}],"version-history":[{"count":94,"href":"https:\/\/colomboingles.edu.co\/wps\/wp-json\/wp\/v2\/pages\/1056\/revisions"}],"predecessor-version":[{"id":4945,"href":"https:\/\/colomboingles.edu.co\/wps\/wp-json\/wp\/v2\/pages\/1056\/revisions\/4945"}],"wp:attachment":[{"href":"https:\/\/colomboingles.edu.co\/wps\/wp-json\/wp\/v2\/media?parent=1056"}],"curies":[{"name":"wp","href":"https:\/\/api.w.org\/{rel}","templated":true}]}}