{"id":1052,"date":"2021-01-18T16:50:09","date_gmt":"2021-01-18T16:50:09","guid":{"rendered":"https:\/\/colomboingles.edu.co\/wps\/?page_id=1052"},"modified":"2025-08-20T16:01:51","modified_gmt":"2025-08-20T16:01:51","slug":"resena-historica","status":"publish","type":"page","link":"https:\/\/colomboingles.edu.co\/wps\/resena-historica\/","title":{"rendered":"Rese\u00f1a Hist\u00f3rica"},"content":{"rendered":"\t\t<div data-elementor-type=\"wp-page\" data-elementor-id=\"1052\" class=\"elementor elementor-1052\" data-elementor-settings=\"[]\">\n\t\t\t\t\t\t<div class=\"elementor-inner\">\n\t\t\t\t\t\t\t<div class=\"elementor-section-wrap\">\n\t\t\t\t\t\t\t<section class=\"elementor-section elementor-top-section elementor-element elementor-element-452b6753 elementor-section-boxed elementor-section-height-default elementor-section-height-default\" data-id=\"452b6753\" data-element_type=\"section\">\n\t\t\t\t\t\t<div class=\"elementor-container elementor-column-gap-default\">\n\t\t\t\t\t\t\t<div class=\"elementor-row\">\n\t\t\t\t\t<div class=\"elementor-column elementor-col-100 elementor-top-column elementor-element elementor-element-32b130ec\" data-id=\"32b130ec\" data-element_type=\"column\">\n\t\t\t<div class=\"elementor-column-wrap elementor-element-populated\">\n\t\t\t\t\t\t\t<div class=\"elementor-widget-wrap\">\n\t\t\t\t\t\t<div class=\"elementor-element elementor-element-f361aaa elementor-widget elementor-widget-spacer\" data-id=\"f361aaa\" data-element_type=\"widget\" data-widget_type=\"spacer.default\">\n\t\t\t\t<div class=\"elementor-widget-container\">\n\t\t\t\t\t<div class=\"elementor-spacer\">\n\t\t\t<div class=\"elementor-spacer-inner\"><\/div>\n\t\t<\/div>\n\t\t\t\t<\/div>\n\t\t\t\t<\/div>\n\t\t\t\t<div class=\"elementor-element elementor-element-b6a40f2 elementor-widget elementor-widget-heading\" data-id=\"b6a40f2\" data-element_type=\"widget\" data-widget_type=\"heading.default\">\n\t\t\t\t<div class=\"elementor-widget-container\">\n\t\t\t<h1 class=\"elementor-heading-title elementor-size-default\">Rese\u00f1a hist\u00f3rica<\/h1>\t\t<\/div>\n\t\t\t\t<\/div>\n\t\t\t\t\t\t<\/div>\n\t\t\t\t\t<\/div>\n\t\t<\/div>\n\t\t\t\t\t\t\t\t<\/div>\n\t\t\t\t\t<\/div>\n\t\t<\/section>\n\t\t\t\t<section class=\"elementor-section elementor-top-section elementor-element elementor-element-625e158 elementor-section-boxed elementor-section-height-default elementor-section-height-default\" data-id=\"625e158\" data-element_type=\"section\">\n\t\t\t\t\t\t<div class=\"elementor-container elementor-column-gap-default\">\n\t\t\t\t\t\t\t<div class=\"elementor-row\">\n\t\t\t\t\t<div class=\"elementor-column elementor-col-100 elementor-top-column elementor-element elementor-element-fa980d1\" data-id=\"fa980d1\" data-element_type=\"column\">\n\t\t\t<div class=\"elementor-column-wrap elementor-element-populated\">\n\t\t\t\t\t\t\t<div class=\"elementor-widget-wrap\">\n\t\t\t\t\t\t<div class=\"elementor-element elementor-element-bc500c4 elementor-widget elementor-widget-text-editor\" data-id=\"bc500c4\" data-element_type=\"widget\" data-widget_type=\"text-editor.default\">\n\t\t\t\t<div class=\"elementor-widget-container\">\n\t\t\t\t\t\t\t\t<div class=\"elementor-text-editor elementor-clearfix\">\n\t\t\t\t<div class=\"wp-block-image\">\n<figure><span style=\"background-color: transparent; color: #003300;\">El <\/span><strong style=\"background-color: transparent; color: #003300;\">Colegio Colombo Ingl\u00e9s<\/strong><span style=\"background-color: transparent; color: #003300;\">\u00a0de Valledupar es una instituci\u00f3n educativa de car\u00e1cter privado, fundado en 1973, fundamentada en principios \u00e9ticos y morales, de acuerdo con las normas, requisitos y disposiciones legales emanadas del Ministerio de Educaci\u00f3n Nacional, constituyendo como prioridad en el campo formativo, el amor a Dios, la responsabilidad, el respeto hacia los dem\u00e1s, el sentido de servicio, el biling\u00fcismo, la responsabilidad social y la calidad educativa.<\/span><\/figure>\n<figure><\/figure>\n<figure class=\"aligncenter\"><span style=\"color: #003300;\">La idea de crear un colegio biling\u00fce, empez\u00f3 a crecer en la mente del se\u00f1or Francisco Orlando Watson, de procedencia Jamaiquina, quien a menudo comentaba a su se\u00f1ora esposa Blanca Brice\u00f1o De Watson, el querer hacer realidad este proyecto; cristaliz\u00e1ndose la idea en el a\u00f1o 1972.<\/span><\/figure>\n<\/div>\n<p style=\"text-align: left;\"><span style=\"color: #003300;\"><!-- \/wp:paragraph --><\/span><\/p>\n<p style=\"text-align: left;\"><span style=\"color: #003300;\"><!-- wp:image {\"align\":\"center\",\"id\":680} --><\/span><\/p>\n<div class=\"wp-block-image\" style=\"text-align: left;\">\n<figure class=\"aligncenter\"><span style=\"color: #003300;\"><img decoding=\"async\" class=\"wp-image-680\" src=\"https:\/\/colomboingles.edu.co\/wp\/wp-content\/uploads\/2019\/12\/resenahistorica2.jpg\" alt=\"\" \/><\/span><\/figure>\n<\/div>\n<p style=\"text-align: left;\"><span style=\"color: #003300;\"><!-- \/wp:image --><\/span><\/p>\n<p style=\"text-align: left;\"><span style=\"color: #003300;\"><!-- wp:paragraph {\"style\":{\"color\":{\"text\":\"#000000\"}}} --><\/span><\/p>\n<p class=\"has-text-color\" style=\"color: #000000; text-align: left;\"><span style=\"color: #003300;\">Blanca Brice\u00f1o De Watson , joven inquieta, nortesantandereana, con la personalidad f\u00e9rrea que la caracteriza, el amor hacia los ni\u00f1os y ni\u00f1as, y el anhelo de darse siempre a los dem\u00e1s; abrig\u00f3 en lo m\u00e1s profundo de su alma el sue\u00f1o de organizar un colegio de ense\u00f1anza biling\u00fce fuera de la ciudad de Bogot\u00e1, donde podr\u00eda desempe\u00f1ar la labor deseada:\u00a0educar ni\u00f1os, ni\u00f1as y j\u00f3venes.<\/span><\/p>\n<p style=\"text-align: left;\"><span style=\"color: #003300;\"><!-- \/wp:paragraph --><\/span><\/p>\n<p style=\"text-align: left;\"><span style=\"color: #003300;\"><!-- wp:paragraph {\"style\":{\"color\":{\"text\":\"#000000\"}}} --><\/span><\/p>\n<p class=\"has-text-color\" style=\"color: #000000; text-align: left;\"><span style=\"color: #003300;\">A mediados de 1972 la familia Watson Brice\u00f1o visita las ciudades de Riohacha, Villavicencio y Valledupar, ciudad que los impact\u00f3 por la amabilidad de su gente y la idiosincrasia de sus habitantes pues no exist\u00edan colegios biling\u00fces en esta ciudad. \u00a0Al hacer su reconocimiento y al encontrar el lugar preciso donde ubicar el futuro colegio, les informan que la propietaria de la casa resid\u00eda en la ciudad de Bogot\u00e1; de inmediato se hacen los tr\u00e1mites correspondientes para tan deseado proyecto ante la Secretar\u00eda de Educaci\u00f3n Departamental que se encontraba a cargo del Doctor Jorge Eli\u00e9cer Rinc\u00f3n.<\/span><\/p>\n<p style=\"text-align: left;\"><span style=\"color: #003300;\"><!-- \/wp:paragraph --><\/span><\/p>\n<p style=\"text-align: left;\"><span style=\"color: #003300;\"><!-- wp:paragraph {\"style\":{\"color\":{\"text\":\"#000000\"}}} --><\/span><\/p>\n<p class=\"has-text-color\" style=\"color: #000000; text-align: left;\"><span style=\"color: #003300;\">Tanto la Se\u00f1ora Blanca como el Se\u00f1or Francisco Watson , le comunican de este proyecto a Clara Lucia Hernandez, a quien le comentaron que ven\u00edan a Valledupar a fundar un colegio y le preguntaron si quer\u00eda trabajar con ellos en esa misi\u00f3n dif\u00edcil; la respuesta fue positiva.<\/span><\/p>\n<p style=\"text-align: left;\"><span style=\"color: #003300;\"><!-- \/wp:paragraph --><\/span><\/p>\n<p style=\"text-align: left;\"><span style=\"color: #003300;\"><!-- wp:paragraph {\"style\":{\"color\":{\"text\":\"#000000\"}}} --><\/span><\/p>\n<p class=\"has-text-color\" style=\"color: #000000; text-align: left;\"><span style=\"color: #003300;\"><strong>Iniciando labores\u2026.<\/strong><\/span><\/p>\n<p style=\"text-align: left;\"><span style=\"color: #003300;\"><!-- \/wp:paragraph --><\/span><\/p>\n<p style=\"text-align: left;\"><span style=\"color: #003300;\"><!-- wp:image {\"align\":\"center\",\"id\":681} --><\/span><\/p>\n<div class=\"wp-block-image\" style=\"text-align: left;\">\n<figure class=\"aligncenter\"><span style=\"color: #003300;\"><img decoding=\"async\" class=\"wp-image-681\" src=\"https:\/\/colomboingles.edu.co\/wp\/wp-content\/uploads\/2019\/12\/resenahistorica1.jpg\" alt=\"\" \/><\/span><\/figure>\n<\/div>\n<p style=\"text-align: left;\"><span style=\"color: #003300;\"><!-- \/wp:image --><\/span><\/p>\n<p style=\"text-align: left;\"><span style=\"color: #003300;\"><!-- wp:paragraph {\"style\":{\"color\":{\"text\":\"#000000\"}}} --><\/span><\/p>\n<p class=\"has-text-color\" style=\"color: #000000; text-align: left;\"><span style=\"color: #003300;\">A finales de 1972 la familia Watson Brice\u00f1o se radic\u00f3 en la ciudad de Valledupar y comenz\u00f3 con la publicidad por las emisoras y repartiendo volantes en las calles de la ciudad.<\/span><\/p>\n<p style=\"text-align: left;\"><span style=\"color: #003300;\"><!-- \/wp:paragraph --><\/span><\/p>\n<p style=\"text-align: left;\"><span style=\"color: #003300;\"><!-- wp:paragraph {\"style\":{\"color\":{\"text\":\"#000000\"}}} --><\/span><\/p>\n<p class=\"has-text-color\" style=\"color: #000000; text-align: left;\"><span style=\"color: #003300;\">El 20 de enero de 1973, se abren las matr\u00edculas para los cursos Prekinder, Kinder, primero y segundo, en la carrera 6 No.13-65, primera sede del colegio; iniciando actividades el primer lunes de febrero con un total de 15 ni\u00f1os, de los cuales 2 alumnos pertenec\u00edan a Prekinder, 5 a Kinder ambos bajo la direcci\u00f3n de la se\u00f1ora Blanca; 5 alumnos pertenec\u00edan a Primero, 3 a Segundo; cursos bajo la direcci\u00f3n de la se\u00f1orita Clara.<\/span><\/p>\n<p style=\"text-align: left;\"><span style=\"color: #003300;\"><!-- \/wp:paragraph --><\/span><\/p>\n<p style=\"text-align: left;\"><span style=\"color: #003300;\"><!-- wp:paragraph {\"style\":{\"color\":{\"text\":\"#000000\"}}} --><\/span><\/p>\n<p class=\"has-text-color\" style=\"color: #000000; text-align: left;\"><span style=\"color: #003300;\">El se\u00f1or Francisco Watson hizo selecci\u00f3n de profesores de Ingl\u00e9s en Bogot\u00e1, para ense\u00f1ar en el colegio en Valledupar, haciendo la apertura del primer colegio Biling\u00fce de la ciudad, el cual tuvo gran acogida entre los Cesarenses.<\/span><\/p>\n<p style=\"text-align: left;\"><span style=\"color: #003300;\"><!-- \/wp:paragraph --><\/span><\/p>\n<p style=\"text-align: left;\"><span style=\"color: #003300;\"><!-- wp:paragraph {\"style\":{\"color\":{\"text\":\"#000000\"}}} --><\/span><\/p>\n<p class=\"has-text-color\" style=\"color: #000000; text-align: left;\"><span style=\"color: #003300;\">Cabe resaltar esta gran visi\u00f3n de los fundadores del colegio, ya que en este tiempo no se conoc\u00eda en la regi\u00f3n la importancia de hablar un segundo idioma, lo cual apoy\u00f3 el crecimiento educativo del sector. Hoy, el biling\u00fcismo es una pol\u00edtica nacional del Estado Colombiano.\u00a0<\/span><\/p>\n<p style=\"text-align: left;\"><span style=\"color: #003300;\"><!-- \/wp:paragraph --><\/span><\/p>\n<p style=\"text-align: left;\"><span style=\"color: #003300;\"><!-- wp:paragraph {\"style\":{\"color\":{\"text\":\"#000000\"}}} --><\/span><\/p>\n<p class=\"has-text-color\" style=\"color: #000000; text-align: left;\"><span style=\"color: #003300;\">La tristeza llen\u00f3 los corazones de sus fundadoras cuando se dio el retiro de 5 alumnos en el mes de marzo, gracias a Dios en el mes de abril, la se\u00f1ora Miriam De Fl\u00f3rez esposa del gerente de la empresa CICOLAC por aquel entonces solicit\u00f3 15 cupos para ni\u00f1os hijos de los jefes de producci\u00f3n de la empresa, llenando los corazones de esperanza. \u00a0Al finalizar el a\u00f1o escolar el Colegio Colombo Ingl\u00e9s de Valledupar contaba con 25 alumnos.<\/span><\/p>\n<p style=\"text-align: left;\"><span style=\"color: #003300;\"><!-- \/wp:paragraph --><\/span><\/p>\n<p style=\"text-align: left;\"><span style=\"color: #003300;\"><!-- wp:paragraph {\"style\":{\"color\":{\"text\":\"#000000\"}}} --><\/span><\/p>\n<p class=\"has-text-color\" style=\"color: #000000; text-align: left;\"><span style=\"color: #003300;\">Es muy grato recordar el trabajo realizado durante el primer a\u00f1o de labores pues los fundadores eran personas poco conocedoras de las costumbres de la regi\u00f3n y en el af\u00e1n de cumplir al m\u00e1ximo con el compromiso adquirido con los estudiantes y padres de familia, se labor\u00f3 durante el tiempo de carnaval y festival vallenato, logrando de esta manera grandes avances en nuestro quehacer pedag\u00f3gico.<\/span><\/p>\n<p style=\"text-align: left;\"><span style=\"color: #003300;\"><!-- \/wp:paragraph --><\/span><\/p>\n<p style=\"text-align: left;\"><span style=\"color: #003300;\"><!-- wp:paragraph {\"style\":{\"color\":{\"text\":\"#000000\"}}} --><\/span><\/p>\n<p class=\"has-text-color\" style=\"color: #000000; text-align: left;\"><span style=\"color: #003300;\">Al finalizar el a\u00f1o lectivo en 1973, despu\u00e9s de un a\u00f1o de funcionamiento, los funcionarios de la Secretar\u00eda de Educaci\u00f3n de la ciudad, visitaron el colegio para dar la primera licencia de funcionamiento a los cursos establecidos (prekinder, Kinder, primero y segundo).<\/span><\/p>\n<p style=\"text-align: left;\"><span style=\"color: #003300;\"><!-- \/wp:paragraph --><\/span><\/p>\n<p style=\"text-align: left;\"><span style=\"color: #003300;\"><!-- wp:image {\"align\":\"center\",\"id\":682} --><\/span><\/p>\n<div class=\"wp-block-image\" style=\"text-align: left;\">\n<figure class=\"aligncenter\"><span style=\"color: #003300;\"><img decoding=\"async\" class=\"wp-image-682\" src=\"https:\/\/colomboingles.edu.co\/wp\/wp-content\/uploads\/2019\/12\/resenahistorica3.jpg\" alt=\"\" \/><\/span><\/figure>\n<\/div>\n<p style=\"text-align: left;\"><span style=\"color: #003300;\"><!-- \/wp:image --><\/span><\/p>\n<p style=\"text-align: left;\"><span style=\"color: #003300;\"><!-- wp:paragraph {\"style\":{\"color\":{\"text\":\"#000000\"}}} --><\/span><\/p>\n<p class=\"has-text-color\" style=\"color: #000000; text-align: left;\"><span style=\"color: #003300;\">En 1975 se hab\u00eda logrado otro reto importante, trasladar el colegio a una nueva sede ubicada en la calle 15 No. 7-61 centro, con todos los cursos de preescolar y la B\u00e1sica Primaria, solicitando a la Secretar\u00eda de Educaci\u00f3n Departamental la Licencia de funcionamiento para los cursos tercero, cuarto y quinto de B\u00e1sica en el ciclo de primaria. \u00a0M\u00e1s tarde, una comisi\u00f3n de inspectores de la entidad visitaron el colegio y habiendo llenado los requerimientos necesarios, les fue concedida dicha licencia.<\/span><\/p>\n<p style=\"text-align: left;\"><span style=\"color: #003300;\"><!-- \/wp:paragraph --><\/span><\/p>\n<p style=\"text-align: left;\"><span style=\"color: #003300;\"><!-- wp:paragraph {\"style\":{\"color\":{\"text\":\"#000000\"}}} --><\/span><\/p>\n<p class=\"has-text-color\" style=\"color: #000000; text-align: left;\"><span style=\"color: #003300;\">En este a\u00f1o, la se\u00f1ora Blanca Brice\u00f1o de Watson solicit\u00f3 aprobaci\u00f3n del colegio, la cual se obtuvo despu\u00e9s de la pertinente visita de los inspectores, quedando otorgada hasta nueva visita; hasta ese momento se hab\u00eda realizado una ardua labor y cada vez m\u00e1s personas de la comunidad Cesarense solicitaban la apertura de nuevos cupos.<\/span><\/p>\n<p style=\"text-align: left;\"><span style=\"color: #003300;\"><!-- \/wp:paragraph --><\/span><\/p>\n<p style=\"text-align: left;\"><span style=\"color: #003300;\"><!-- wp:paragraph {\"style\":{\"color\":{\"text\":\"#000000\"}}} --><\/span><\/p>\n<p class=\"has-text-color\" style=\"color: #000000; text-align: left;\"><span style=\"color: #003300;\">La lucha continuaba y el se\u00f1or Francisco Orlando Watson deseaba una sede propia, para lo cual busc\u00f3 terrenos y se comenz\u00f3 la obra, logrando poco a poco la construcci\u00f3n de la planta f\u00edsica. As\u00ed qued\u00f3 habilitada la secci\u00f3n de la b\u00e1sica primaria que se traslad\u00f3 en junio de 1984.\u00a0Continuando esta obra con mucha entrega y carisma se pudo trasladar la secci\u00f3n de preescolar en el a\u00f1o de 1985, con una construcci\u00f3n que ten\u00eda los requisitos necesarios para la seguridad y aprendizaje de los ni\u00f1os, pues era necesario las aulas especiales para desarrollar dicha labor.<\/span><\/p>\n<p style=\"text-align: left;\"><span style=\"color: #003300;\"><!-- \/wp:paragraph --><\/span><\/p>\n<p style=\"text-align: left;\"><span style=\"color: #003300;\"><!-- wp:paragraph {\"style\":{\"color\":{\"text\":\"#000000\"}}} --><\/span><\/p>\n<p class=\"has-text-color\" style=\"color: #000000; text-align: left;\"><span style=\"color: #003300;\">Luego de 36 a\u00f1os de una ardua labor con el preescolar y la primaria, y dentro del proceso de aprobaci\u00f3n de estudios de los grados existentes por parte de la Secretaria de Educaci\u00f3n, en el a\u00f1o 2008 las directivas del colegio notifican mediante proyecto a los supervisores de educaci\u00f3n; sobre la necesidad de extender la educaci\u00f3n b\u00e1sica en el ciclo de secundaria. Esto con el fin de continuar con la formaci\u00f3n biling\u00fce de calidad que se imparte en el colegio, pues era una constante solicitud de los padres de familia, ya que quer\u00edan continuar con el proyecto educativo de la instituci\u00f3n y el nivel de ingl\u00e9s que se tiene.<\/span><\/p>\n<p style=\"text-align: left;\"><span style=\"color: #003300;\"><!-- \/wp:paragraph --><\/span><\/p>\n<p style=\"text-align: left;\"><span style=\"color: #003300;\"><!-- wp:paragraph {\"style\":{\"color\":{\"text\":\"#000000\"}}} --><\/span><\/p>\n<p class=\"has-text-color\" style=\"color: #000000; text-align: left;\"><span style=\"color: #003300;\">As\u00ed, a finales de 2008, con gran expectativa se obtuvo la autorizaci\u00f3n de apertura del grado sexto para el a\u00f1o siguiente, continuando con el grado s\u00e9ptimo en el 2010 y proyectando as\u00ed progresivamente la apertura de cada grado a\u00f1o a a\u00f1o para completar el ciclo de secundaria en el a\u00f1o 2014, cuando se tuvo la primera promoci\u00f3n de bachilleres, como lo expresaba la visi\u00f3n institucional hasta ese momento.<\/span><\/p>\n<p style=\"text-align: left;\"><span style=\"color: #003300;\"><!-- \/wp:paragraph --><\/span><\/p>\n<p style=\"text-align: left;\"><span style=\"color: #003300;\"><!-- wp:paragraph {\"style\":{\"color\":{\"text\":\"#000000\"}}} --><\/span><\/p>\n<p class=\"has-text-color\" style=\"color: #000000; text-align: left;\"><span style=\"color: #003300;\">En el \u00e1mbito acad\u00e9mico es satisfactorio reconocer que el Colegio se ha mantenido en un alto nivel, obteniendo siempre altos puntajes en las pruebas del Estado \u2013 Pruebas Saber, que se sit\u00faan por encima de los promedios nacionales, se ha avanzando considerablemente en la planeaci\u00f3n y organizaci\u00f3n de programas y dem\u00e1s actividades internas logrando as\u00ed cumplir con los objetivos institucionales.<\/span><\/p>\n<p style=\"text-align: left;\"><span style=\"color: #003300;\"><!-- \/wp:paragraph --><\/span><\/p>\n<p style=\"text-align: left;\"><span style=\"color: #003300;\"><!-- wp:paragraph {\"style\":{\"color\":{\"text\":\"#000000\"}}} --><\/span><\/p>\n<p class=\"has-text-color\" style=\"color: #000000; text-align: left;\"><span style=\"color: #003300;\">As\u00ed tambi\u00e9n en el a\u00f1o 2014, se presentaron las pruebas de Estado ICFES por primera vez con la primera promoci\u00f3n de bachilleres, donde se ubic\u00f3 el colegio en el 5to lugar a nivel municipal, ubic\u00e1ndose entre los primeros lugares y mostrando su liderazgo en la calidad educativa de la regi\u00f3n.<\/span><\/p>\n<p style=\"text-align: left;\"><span style=\"color: #003300;\"><!-- \/wp:paragraph --><\/span><\/p>\n<p style=\"text-align: left;\"><span style=\"color: #003300;\"><!-- wp:paragraph {\"style\":{\"color\":{\"text\":\"#000000\"}}} --><\/span><\/p>\n<p class=\"has-text-color\" style=\"color: #000000; text-align: left;\"><span style=\"color: #003300;\">A partir de all\u00ed el colegio se proyecta a aumentar mucho m\u00e1s sus resultados en todo sentido incluyendo las pruebas ICFES que son las que abren las puertas de sus estudiantes a la educaci\u00f3n superior.<\/span><\/p>\n<p style=\"text-align: left;\"><span style=\"color: #003300;\"><!-- \/wp:paragraph --><\/span><\/p>\n<p style=\"text-align: left;\"><span style=\"color: #003300;\"><!-- wp:paragraph {\"style\":{\"color\":{\"text\":\"#000000\"}}} --><\/span><\/p>\n<p class=\"has-text-color\" style=\"color: #000000; text-align: left;\"><span style=\"color: #003300;\">Como respuesta al compromiso de la instituci\u00f3n por la calidad en la gesti\u00f3n educativa, al iniciar el a\u00f1o 2009 se comenz\u00f3 el proceso de certificaci\u00f3n de calidad bajo el modelo de excelencia EFQM, el cual se culmin\u00f3 en el mes de noviembre del mismo a\u00f1o, obteniendo un mejoramiento en los procesos, dentro de la cultura de la mejora continua y quedando la instituci\u00f3n acreditada internacionalmente en su calidad educativa.<\/span><\/p>\n<p style=\"text-align: left;\"><span style=\"color: #003300;\"><!-- \/wp:paragraph --><\/span><\/p>\n<p style=\"text-align: left;\"><span style=\"color: #003300;\"><!-- wp:paragraph {\"style\":{\"color\":{\"text\":\"#000000\"}}} --><\/span><\/p>\n<p class=\"has-text-color\" style=\"color: #000000; text-align: left;\"><span style=\"color: #003300;\">Hoy con gran satisfacci\u00f3n la instituci\u00f3n se encuentra en el segundo nivel de calidad \u201cComprometido con la excelencia\u201d y contin\u00faa con los retos del mejoramiento de la calidad en todos los servicios prestados en la instituci\u00f3n. As\u00ed tambi\u00e9n el Colegio trabaja d\u00eda a d\u00eda para el cumplimiento de sus objetivos estrat\u00e9gicos, los cuales se han venido ajustando acorde con los cambios globales y los requerimientos educativos de los ni\u00f1os, ni\u00f1as y j\u00f3venes de hoy para lograr construir un futuro con felicidad y \u00e9xito.<\/span><\/p>\n<p style=\"text-align: left;\"><span style=\"color: #003300;\"><!-- \/wp:paragraph --><\/span><\/p>\n<p style=\"text-align: left;\"><span style=\"color: #003300;\"><!-- wp:paragraph {\"style\":{\"color\":{\"text\":\"#000000\"}}} --><\/span><\/p>\n<p class=\"has-text-color\" style=\"color: #000000; text-align: left;\"><span style=\"color: #003300;\">De esta manera, vemos c\u00f3mo la instituci\u00f3n ha alcanzado proporciones jam\u00e1s so\u00f1adas, dentro de sus claustros se ha desarrollado una labor verdaderamente altruista, buscando d\u00eda a d\u00eda la perfecci\u00f3n de quienes integran esta comunidad educativa, de la mano de Dios como gu\u00eda, para el logro de la misi\u00f3n y la visi\u00f3n teniendo siempre presente el lema: \u00a0\u201cAmor, Ciencia y Virtud\u201d.<\/span><\/p>\t\t\t\t\t<\/div>\n\t\t\t\t\t\t<\/div>\n\t\t\t\t<\/div>\n\t\t\t\t<div class=\"elementor-element elementor-element-64eedb2 elementor-widget elementor-widget-spacer\" data-id=\"64eedb2\" data-element_type=\"widget\" data-widget_type=\"spacer.default\">\n\t\t\t\t<div class=\"elementor-widget-container\">\n\t\t\t\t\t<div class=\"elementor-spacer\">\n\t\t\t<div class=\"elementor-spacer-inner\"><\/div>\n\t\t<\/div>\n\t\t\t\t<\/div>\n\t\t\t\t<\/div>\n\t\t\t\t\t\t<\/div>\n\t\t\t\t\t<\/div>\n\t\t<\/div>\n\t\t\t\t\t\t\t\t<\/div>\n\t\t\t\t\t<\/div>\n\t\t<\/section>\n\t\t\t\t\t\t<\/div>\n\t\t\t\t\t\t<\/div>\n\t\t\t\t\t<\/div>\n\t\t","protected":false},"excerpt":{"rendered":"<p>Rese\u00f1a hist\u00f3rica El Colegio Colombo Ingl\u00e9s\u00a0de Valledupar es una instituci\u00f3n educativa de car\u00e1cter privado, fundado en 1973, fundamentada en principios \u00e9ticos y morales, de acuerdo con las normas, requisitos y disposiciones legales emanadas del Ministerio de Educaci\u00f3n Nacional, constituyendo como prioridad en el campo formativo, el amor a Dios, la responsabilidad, el respeto hacia los&#8230;<\/p>\n","protected":false},"author":1,"featured_media":0,"parent":0,"menu_order":0,"comment_status":"closed","ping_status":"closed","template":"","meta":{"_kad_post_transparent":"","_kad_post_title":"","_kad_post_layout":"normal","_kad_post_sidebar_id":"","_kad_post_content_style":"","_kad_post_vertical_padding":"","_kad_post_feature":"","_kad_post_feature_position":"","_kad_post_header":false,"_kad_post_footer":false,"footnotes":""},"class_list":["post-1052","page","type-page","status-publish","hentry"],"nelio_popups_active_popup":"","_links":{"self":[{"href":"https:\/\/colomboingles.edu.co\/wps\/wp-json\/wp\/v2\/pages\/1052","targetHints":{"allow":["GET"]}}],"collection":[{"href":"https:\/\/colomboingles.edu.co\/wps\/wp-json\/wp\/v2\/pages"}],"about":[{"href":"https:\/\/colomboingles.edu.co\/wps\/wp-json\/wp\/v2\/types\/page"}],"author":[{"embeddable":true,"href":"https:\/\/colomboingles.edu.co\/wps\/wp-json\/wp\/v2\/users\/1"}],"replies":[{"embeddable":true,"href":"https:\/\/colomboingles.edu.co\/wps\/wp-json\/wp\/v2\/comments?post=1052"}],"version-history":[{"count":28,"href":"https:\/\/colomboingles.edu.co\/wps\/wp-json\/wp\/v2\/pages\/1052\/revisions"}],"predecessor-version":[{"id":4936,"href":"https:\/\/colomboingles.edu.co\/wps\/wp-json\/wp\/v2\/pages\/1052\/revisions\/4936"}],"wp:attachment":[{"href":"https:\/\/colomboingles.edu.co\/wps\/wp-json\/wp\/v2\/media?parent=1052"}],"curies":[{"name":"wp","href":"https:\/\/api.w.org\/{rel}","templated":true}]}}