{"id":1050,"date":"2021-01-18T16:49:41","date_gmt":"2021-01-18T16:49:41","guid":{"rendered":"https:\/\/colomboingles.edu.co\/wps\/?page_id=1050"},"modified":"2025-08-20T16:01:13","modified_gmt":"2025-08-20T16:01:13","slug":"objetivos-estrategicos-institucionales","status":"publish","type":"page","link":"https:\/\/colomboingles.edu.co\/wps\/objetivos-estrategicos-institucionales\/","title":{"rendered":"Objetivos Estrat\u00e9gicos Institucionales"},"content":{"rendered":"\t\t<div data-elementor-type=\"wp-page\" data-elementor-id=\"1050\" class=\"elementor elementor-1050\" data-elementor-settings=\"[]\">\n\t\t\t\t\t\t<div class=\"elementor-inner\">\n\t\t\t\t\t\t\t<div class=\"elementor-section-wrap\">\n\t\t\t\t\t\t\t<section class=\"elementor-section elementor-top-section elementor-element elementor-element-7621b244 elementor-section-boxed elementor-section-height-default elementor-section-height-default\" data-id=\"7621b244\" data-element_type=\"section\">\n\t\t\t\t\t\t<div class=\"elementor-container elementor-column-gap-default\">\n\t\t\t\t\t\t\t<div class=\"elementor-row\">\n\t\t\t\t\t<div class=\"elementor-column elementor-col-100 elementor-top-column elementor-element elementor-element-303a2e7c\" data-id=\"303a2e7c\" data-element_type=\"column\">\n\t\t\t<div class=\"elementor-column-wrap elementor-element-populated\">\n\t\t\t\t\t\t\t<div class=\"elementor-widget-wrap\">\n\t\t\t\t\t\t<div class=\"elementor-element elementor-element-d9ea528 elementor-widget elementor-widget-spacer\" data-id=\"d9ea528\" data-element_type=\"widget\" data-widget_type=\"spacer.default\">\n\t\t\t\t<div class=\"elementor-widget-container\">\n\t\t\t\t\t<div class=\"elementor-spacer\">\n\t\t\t<div class=\"elementor-spacer-inner\"><\/div>\n\t\t<\/div>\n\t\t\t\t<\/div>\n\t\t\t\t<\/div>\n\t\t\t\t<div class=\"elementor-element elementor-element-58e5af1 elementor-widget elementor-widget-heading\" data-id=\"58e5af1\" data-element_type=\"widget\" data-widget_type=\"heading.default\">\n\t\t\t\t<div class=\"elementor-widget-container\">\n\t\t\t<h1 class=\"elementor-heading-title elementor-size-default\">Objetivos Estrat\u00e9gicos Institucionales<\/h1>\t\t<\/div>\n\t\t\t\t<\/div>\n\t\t\t\t<div class=\"elementor-element elementor-element-74ead3d6 elementor-widget elementor-widget-text-editor\" data-id=\"74ead3d6\" data-element_type=\"widget\" data-widget_type=\"text-editor.default\">\n\t\t\t\t<div class=\"elementor-widget-container\">\n\t\t\t\t\t\t\t\t<div class=\"elementor-text-editor elementor-clearfix\">\n\t\t\t\t<ol><li><span style=\"color: #024027;\">Vivenciar en los estudiantes la formaci\u00f3n en valores y virtudes que se promueven y se viven en la instituci\u00f3n por todos los miembros de la comunidad educativa.<\/span><\/li><li><span style=\"color: #024027;\">Fortalecer el biling\u00fcismo con el idioma ingl\u00e9s como segunda lengua y el Franc\u00e9s como idioma complementario.<\/span><\/li><li><span style=\"color: #024027;\">Consolidar el mejor talento humano que conforma la comunidad educativa, que correspondan al perfil institucional: con altos esta\u0301ndares a nivel personal y profesional, donde el Colegio se constituya en el escenario ideal para el desarrollo de su vocacio\u0301n y profesi\u00f3n, en coherencia con los principios institucionales, como parte de su proyecto de vida.<\/span><\/li><li><span style=\"color: #024027;\">Garantizar el desarrollo de las actividades pedag\u00f3gicas de acuerdo con los requerimientos legales y del PEI, fomentando los buenos resultados acad\u00e9micos, de formaci\u00f3n y deporte.<\/span><\/li><li><span style=\"color: #024027;\">Promover\u00a0 el uso adecuado de la tecnolog\u00eda e innovaci\u00f3n en la instituci\u00f3n.<\/span><\/li><li><span style=\"color: #024027;\">Fortalecer la investigaci\u00f3n, emprendimiento e internacionalizaci\u00f3n del colegio en los diferentes \u00e1mbitos.<\/span><\/li><li><span style=\"color: #024027;\">Fortalecer la sostenibilidad de la instituci\u00f3n, garantizando el equilibrio econ\u00f3mico, la adecuada infraestructura, el cuidado del medio ambiente y el bienestar social.<\/span><\/li><\/ol><p><!-- \/wp:list --><\/p>\t\t\t\t\t<\/div>\n\t\t\t\t\t\t<\/div>\n\t\t\t\t<\/div>\n\t\t\t\t\t\t<\/div>\n\t\t\t\t\t<\/div>\n\t\t<\/div>\n\t\t\t\t\t\t\t\t<\/div>\n\t\t\t\t\t<\/div>\n\t\t<\/section>\n\t\t\t\t\t\t<\/div>\n\t\t\t\t\t\t<\/div>\n\t\t\t\t\t<\/div>\n\t\t","protected":false},"excerpt":{"rendered":"<p>Objetivos Estrat\u00e9gicos Institucionales Vivenciar en los estudiantes la formaci\u00f3n en valores y virtudes que se promueven y se viven en la instituci\u00f3n por todos los miembros de la comunidad educativa. Fortalecer el biling\u00fcismo con el idioma ingl\u00e9s como segunda lengua y el Franc\u00e9s como idioma complementario. Consolidar el mejor talento humano que conforma la comunidad&#8230;<\/p>\n","protected":false},"author":1,"featured_media":0,"parent":0,"menu_order":0,"comment_status":"closed","ping_status":"closed","template":"","meta":{"_kad_post_transparent":"","_kad_post_title":"","_kad_post_layout":"normal","_kad_post_sidebar_id":"","_kad_post_content_style":"","_kad_post_vertical_padding":"","_kad_post_feature":"","_kad_post_feature_position":"","_kad_post_header":false,"_kad_post_footer":false,"footnotes":""},"class_list":["post-1050","page","type-page","status-publish","hentry"],"nelio_popups_active_popup":"","_links":{"self":[{"href":"https:\/\/colomboingles.edu.co\/wps\/wp-json\/wp\/v2\/pages\/1050","targetHints":{"allow":["GET"]}}],"collection":[{"href":"https:\/\/colomboingles.edu.co\/wps\/wp-json\/wp\/v2\/pages"}],"about":[{"href":"https:\/\/colomboingles.edu.co\/wps\/wp-json\/wp\/v2\/types\/page"}],"author":[{"embeddable":true,"href":"https:\/\/colomboingles.edu.co\/wps\/wp-json\/wp\/v2\/users\/1"}],"replies":[{"embeddable":true,"href":"https:\/\/colomboingles.edu.co\/wps\/wp-json\/wp\/v2\/comments?post=1050"}],"version-history":[{"count":30,"href":"https:\/\/colomboingles.edu.co\/wps\/wp-json\/wp\/v2\/pages\/1050\/revisions"}],"predecessor-version":[{"id":4933,"href":"https:\/\/colomboingles.edu.co\/wps\/wp-json\/wp\/v2\/pages\/1050\/revisions\/4933"}],"wp:attachment":[{"href":"https:\/\/colomboingles.edu.co\/wps\/wp-json\/wp\/v2\/media?parent=1050"}],"curies":[{"name":"wp","href":"https:\/\/api.w.org\/{rel}","templated":true}]}}