{"id":1048,"date":"2021-01-18T16:48:50","date_gmt":"2021-01-18T16:48:50","guid":{"rendered":"https:\/\/colomboingles.edu.co\/wps\/?page_id=1048"},"modified":"2025-08-20T16:00:40","modified_gmt":"2025-08-20T16:00:40","slug":"mision","status":"publish","type":"page","link":"https:\/\/colomboingles.edu.co\/wps\/mision\/","title":{"rendered":"Misi\u00f3n"},"content":{"rendered":"\t\t<div data-elementor-type=\"wp-page\" data-elementor-id=\"1048\" class=\"elementor elementor-1048\" data-elementor-settings=\"[]\">\n\t\t\t\t\t\t<div class=\"elementor-inner\">\n\t\t\t\t\t\t\t<div class=\"elementor-section-wrap\">\n\t\t\t\t\t\t\t<section class=\"elementor-section elementor-top-section elementor-element elementor-element-3b04c36 elementor-section-boxed elementor-section-height-default elementor-section-height-default\" data-id=\"3b04c36\" data-element_type=\"section\">\n\t\t\t\t\t\t<div class=\"elementor-container elementor-column-gap-default\">\n\t\t\t\t\t\t\t<div class=\"elementor-row\">\n\t\t\t\t\t<div class=\"elementor-column elementor-col-100 elementor-top-column elementor-element elementor-element-9b5f8ab\" data-id=\"9b5f8ab\" data-element_type=\"column\">\n\t\t\t<div class=\"elementor-column-wrap elementor-element-populated\">\n\t\t\t\t\t\t\t<div class=\"elementor-widget-wrap\">\n\t\t\t\t\t\t<div class=\"elementor-element elementor-element-9b261b9 elementor-widget elementor-widget-spacer\" data-id=\"9b261b9\" data-element_type=\"widget\" data-widget_type=\"spacer.default\">\n\t\t\t\t<div class=\"elementor-widget-container\">\n\t\t\t\t\t<div class=\"elementor-spacer\">\n\t\t\t<div class=\"elementor-spacer-inner\"><\/div>\n\t\t<\/div>\n\t\t\t\t<\/div>\n\t\t\t\t<\/div>\n\t\t\t\t<div class=\"elementor-element elementor-element-7ce5737 elementor-widget elementor-widget-heading\" data-id=\"7ce5737\" data-element_type=\"widget\" data-widget_type=\"heading.default\">\n\t\t\t\t<div class=\"elementor-widget-container\">\n\t\t\t<h1 class=\"elementor-heading-title elementor-size-default\">Misi\u00f3n<\/h1>\t\t<\/div>\n\t\t\t\t<\/div>\n\t\t\t\t<div class=\"elementor-element elementor-element-0ff9175 elementor-widget elementor-widget-text-editor\" data-id=\"0ff9175\" data-element_type=\"widget\" data-widget_type=\"text-editor.default\">\n\t\t\t\t<div class=\"elementor-widget-container\">\n\t\t\t\t\t\t\t\t<div class=\"elementor-text-editor elementor-clearfix\">\n\t\t\t\t<p>Somos una instituci\u00f3n educativa enfocada en la formaci\u00f3n de valores, virtudes y grandes seres humanos, aut\u00f3nomos en una sociedad global, teniendo en cuenta a Dios como centro de sus vidas. Una instituci\u00f3n direccionada hacia la internacionalizaci\u00f3n, investigaci\u00f3n, emprendimiento, y el uso correcto de las tecnolog\u00edas en un ambiente alegre, din\u00e1mico y adaptativo, que fortalece constantemente sus procesos pedag\u00f3gicos, de idiomas en ingl\u00e9s y franc\u00e9s, deportivos, orientada a la calidad y mejora continua; en torno a la sostenibilidad y de mano de un talento humano con altos est\u00e1ndares personales y profesionales.<\/p>\t\t\t\t\t<\/div>\n\t\t\t\t\t\t<\/div>\n\t\t\t\t<\/div>\n\t\t\t\t<div class=\"elementor-element elementor-element-88f0988 elementor-widget elementor-widget-spacer\" data-id=\"88f0988\" data-element_type=\"widget\" data-widget_type=\"spacer.default\">\n\t\t\t\t<div class=\"elementor-widget-container\">\n\t\t\t\t\t<div class=\"elementor-spacer\">\n\t\t\t<div class=\"elementor-spacer-inner\"><\/div>\n\t\t<\/div>\n\t\t\t\t<\/div>\n\t\t\t\t<\/div>\n\t\t\t\t\t\t<\/div>\n\t\t\t\t\t<\/div>\n\t\t<\/div>\n\t\t\t\t\t\t\t\t<\/div>\n\t\t\t\t\t<\/div>\n\t\t<\/section>\n\t\t\t\t<section class=\"elementor-section elementor-top-section elementor-element elementor-element-c346438 elementor-section-boxed elementor-section-height-default elementor-section-height-default\" data-id=\"c346438\" data-element_type=\"section\">\n\t\t\t\t\t\t<div class=\"elementor-container elementor-column-gap-default\">\n\t\t\t\t\t\t\t<div class=\"elementor-row\">\n\t\t\t\t\t<div class=\"elementor-column elementor-col-100 elementor-top-column elementor-element elementor-element-806fe87\" data-id=\"806fe87\" data-element_type=\"column\">\n\t\t\t<div class=\"elementor-column-wrap elementor-element-populated\">\n\t\t\t\t\t\t\t<div class=\"elementor-widget-wrap\">\n\t\t\t\t\t\t<div class=\"elementor-element elementor-element-279fe0c elementor-widget elementor-widget-heading\" data-id=\"279fe0c\" data-element_type=\"widget\" data-widget_type=\"heading.default\">\n\t\t\t\t<div class=\"elementor-widget-container\">\n\t\t\t<h1 class=\"elementor-heading-title elementor-size-default\">Visi\u00f3n<\/h1>\t\t<\/div>\n\t\t\t\t<\/div>\n\t\t\t\t\t\t<\/div>\n\t\t\t\t\t<\/div>\n\t\t<\/div>\n\t\t\t\t\t\t\t\t<\/div>\n\t\t\t\t\t<\/div>\n\t\t<\/section>\n\t\t\t\t<section class=\"elementor-section elementor-top-section elementor-element elementor-element-16c390b elementor-section-boxed elementor-section-height-default elementor-section-height-default\" data-id=\"16c390b\" data-element_type=\"section\">\n\t\t\t\t\t\t<div class=\"elementor-container elementor-column-gap-default\">\n\t\t\t\t\t\t\t<div class=\"elementor-row\">\n\t\t\t\t\t<div class=\"elementor-column elementor-col-100 elementor-top-column elementor-element elementor-element-62206a3\" data-id=\"62206a3\" data-element_type=\"column\">\n\t\t\t<div class=\"elementor-column-wrap elementor-element-populated\">\n\t\t\t\t\t\t\t<div class=\"elementor-widget-wrap\">\n\t\t\t\t\t\t<div class=\"elementor-element elementor-element-c45c676 elementor-widget elementor-widget-text-editor\" data-id=\"c45c676\" data-element_type=\"widget\" data-widget_type=\"text-editor.default\">\n\t\t\t\t<div class=\"elementor-widget-container\">\n\t\t\t\t\t\t\t\t<div class=\"elementor-text-editor elementor-clearfix\">\n\t\t\t\t<p>Mantener su liderazgo en la excelencia educativa con grandes valores; formando l\u00edderes aut\u00f3nomos, exitosos y felices. Se proyecta en la pedagog\u00eda e innovaci\u00f3n educativa sobresaliendo en la ense\u00f1anza de idiomas ingl\u00e9s y franc\u00e9s, procesos de investigaci\u00f3n, emprendimiento, proyecci\u00f3n internacional, deporte, sostenibilidad, dentro de una sociedad global cambiante, enfocada en el desarrollo personal de sus estudiantes y miembros de la comunidad.<\/p>\t\t\t\t\t<\/div>\n\t\t\t\t\t\t<\/div>\n\t\t\t\t<\/div>\n\t\t\t\t\t\t<\/div>\n\t\t\t\t\t<\/div>\n\t\t<\/div>\n\t\t\t\t\t\t\t\t<\/div>\n\t\t\t\t\t<\/div>\n\t\t<\/section>\n\t\t\t\t<section class=\"elementor-section elementor-top-section elementor-element elementor-element-ca872cc elementor-section-boxed elementor-section-height-default elementor-section-height-default\" data-id=\"ca872cc\" data-element_type=\"section\">\n\t\t\t\t\t\t<div class=\"elementor-container elementor-column-gap-default\">\n\t\t\t\t\t\t\t<div class=\"elementor-row\">\n\t\t\t\t\t<div class=\"elementor-column elementor-col-100 elementor-top-column elementor-element elementor-element-9ae3bfd\" data-id=\"9ae3bfd\" data-element_type=\"column\">\n\t\t\t<div class=\"elementor-column-wrap elementor-element-populated\">\n\t\t\t\t\t\t\t<div class=\"elementor-widget-wrap\">\n\t\t\t\t\t\t<div class=\"elementor-element elementor-element-e3ff936 elementor-widget elementor-widget-spacer\" data-id=\"e3ff936\" data-element_type=\"widget\" data-widget_type=\"spacer.default\">\n\t\t\t\t<div class=\"elementor-widget-container\">\n\t\t\t\t\t<div class=\"elementor-spacer\">\n\t\t\t<div class=\"elementor-spacer-inner\"><\/div>\n\t\t<\/div>\n\t\t\t\t<\/div>\n\t\t\t\t<\/div>\n\t\t\t\t\t\t<\/div>\n\t\t\t\t\t<\/div>\n\t\t<\/div>\n\t\t\t\t\t\t\t\t<\/div>\n\t\t\t\t\t<\/div>\n\t\t<\/section>\n\t\t\t\t\t\t<\/div>\n\t\t\t\t\t\t<\/div>\n\t\t\t\t\t<\/div>\n\t\t","protected":false},"excerpt":{"rendered":"<p>Misi\u00f3n Somos una instituci\u00f3n educativa enfocada en la formaci\u00f3n de valores, virtudes y grandes seres humanos, aut\u00f3nomos en una sociedad global, teniendo en cuenta a Dios como centro de sus vidas. Una instituci\u00f3n direccionada hacia la internacionalizaci\u00f3n, investigaci\u00f3n, emprendimiento, y el uso correcto de las tecnolog\u00edas en un ambiente alegre, din\u00e1mico y adaptativo, que fortalece&#8230;<\/p>\n","protected":false},"author":1,"featured_media":0,"parent":0,"menu_order":0,"comment_status":"closed","ping_status":"closed","template":"","meta":{"_kad_post_transparent":"","_kad_post_title":"","_kad_post_layout":"normal","_kad_post_sidebar_id":"","_kad_post_content_style":"","_kad_post_vertical_padding":"","_kad_post_feature":"","_kad_post_feature_position":"","_kad_post_header":false,"_kad_post_footer":false,"footnotes":""},"class_list":["post-1048","page","type-page","status-publish","hentry"],"nelio_popups_active_popup":"","_links":{"self":[{"href":"https:\/\/colomboingles.edu.co\/wps\/wp-json\/wp\/v2\/pages\/1048","targetHints":{"allow":["GET"]}}],"collection":[{"href":"https:\/\/colomboingles.edu.co\/wps\/wp-json\/wp\/v2\/pages"}],"about":[{"href":"https:\/\/colomboingles.edu.co\/wps\/wp-json\/wp\/v2\/types\/page"}],"author":[{"embeddable":true,"href":"https:\/\/colomboingles.edu.co\/wps\/wp-json\/wp\/v2\/users\/1"}],"replies":[{"embeddable":true,"href":"https:\/\/colomboingles.edu.co\/wps\/wp-json\/wp\/v2\/comments?post=1048"}],"version-history":[{"count":27,"href":"https:\/\/colomboingles.edu.co\/wps\/wp-json\/wp\/v2\/pages\/1048\/revisions"}],"predecessor-version":[{"id":4930,"href":"https:\/\/colomboingles.edu.co\/wps\/wp-json\/wp\/v2\/pages\/1048\/revisions\/4930"}],"wp:attachment":[{"href":"https:\/\/colomboingles.edu.co\/wps\/wp-json\/wp\/v2\/media?parent=1048"}],"curies":[{"name":"wp","href":"https:\/\/api.w.org\/{rel}","templated":true}]}}